{"id":721,"date":"2021-02-08T14:05:48","date_gmt":"2021-02-08T13:05:48","guid":{"rendered":"https:\/\/uzdrowisko-rymanow.com.pl\/sklep\/?post_type=product&#038;p=721"},"modified":"2026-01-19T23:40:09","modified_gmt":"2026-01-19T22:40:09","slug":"celestynka-napoj-o-smaku-oranzada-05-l-x-8-szt","status":"publish","type":"product","link":"https:\/\/uzdrowisko-rymanow.com.pl\/sklep\/produkt\/celestynka-napoj-o-smaku-oranzada-05-l-x-8-szt\/","title":{"rendered":"Celestynka &#8211; nap\u00f3j o smaku Oran\u017cada &#8211; 0,5 l x 8 szt."},"content":{"rendered":"<p><strong>Celestynka &#8211; nap\u00f3j gazowany o smaku Oran\u017cada<\/strong> &#8211; butelka PET 0,5 L. Zawiera cukier i substancje s\u0142odz\u0105ce. Sk\u0142adniki: woda, sok jab\u0142kowy otrzymany z zag\u0119szczonego soku jab\u0142kowego (20%), cukier, dwutlenek w\u0119gla, regulator kwasowo\u015bci &#8211; kwas cytrynowy, koncentrat oran\u017cada (aromat, barwniki: azorubina, tartrazyna &#8211; mo\u017ce mie\u0107 szkodliwy wp\u0142yw na aktywno\u015b\u0107 i skupienie uwagi dzieci), substancja s\u0142odz\u0105ca (acesulfam K, cyklaminian sodu, sukraloza), substancja konserwuj\u0105ca &#8211; sorbinian potasu, substancja konserwuj\u0105ca &#8211; benzoesan sodu.<\/p>\n<p>&nbsp;<\/p>\n<table style=\"width: 35.1722%; height: 234px;\" width=\"395\">\n<tbody>\n<tr>\n<td style=\"width: 98.7444%; text-align: center;\" colspan=\"5\"><strong>Warto\u015bci od\u017cywcze w 100 ml<\/strong><\/td>\n<\/tr>\n<tr>\n<td style=\"width: 69.248%;\" colspan=\"4\" width=\"288\">Warto\u015b\u0107 energetyczna<\/td>\n<td style=\"width: 29.4964%;\" width=\"107\">57,8 kJ\/13,6 kcal<\/td>\n<\/tr>\n<tr>\n<td style=\"width: 69.248%;\" colspan=\"4\">t\u0142uszcz<\/td>\n<td style=\"width: 29.4964%;\">0 g<\/td>\n<\/tr>\n<tr>\n<td style=\"width: 69.248%;\" colspan=\"4\">w tym kwasy t\u0142uszczowe nasycone<\/td>\n<td style=\"width: 29.4964%;\">0 g<\/td>\n<\/tr>\n<tr>\n<td style=\"width: 69.248%;\" colspan=\"4\">w\u0119glowodany<\/td>\n<td style=\"width: 29.4964%;\">3,4 g<\/td>\n<\/tr>\n<tr>\n<td style=\"width: 69.248%;\" colspan=\"4\">w tym cukry<\/td>\n<td style=\"width: 29.4964%;\">3,0 g<\/td>\n<\/tr>\n<tr>\n<td style=\"width: 69.248%;\" colspan=\"4\">bia\u0142ko<\/td>\n<td style=\"width: 29.4964%;\">0,03 g<\/td>\n<\/tr>\n<tr>\n<td style=\"width: 69.248%;\" colspan=\"4\">s\u00f3l<\/td>\n<td style=\"width: 29.4964%;\">0 g<\/td>\n<\/tr>\n<\/tbody>\n<\/table>\n","protected":false},"excerpt":{"rendered":"<p>Celestynka &#8211; nap\u00f3j gazowany o smaku Oran\u017cada &#8211; butelka PET 0,5 L. Zawiera cukier i substancje s\u0142odz\u0105ce. Sk\u0142adniki: woda, sok jab\u0142kowy otrzymany z zag\u0119szczonego soku jab\u0142kowego (20%), cukier, dwutlenek w\u0119gla, regulator kwasowo\u015bci &#8211; kwas cytrynowy, koncentrat oran\u017cada (aromat, barwniki: azorubina, tartrazyna &#8211; mo\u017ce mie\u0107 szkodliwy wp\u0142yw na aktywno\u015b\u0107 i skupienie uwagi dzieci), substancja s\u0142odz\u0105ca (acesulfam [&hellip;]<\/p>\n","protected":false},"featured_media":14910,"comment_status":"open","ping_status":"closed","template":"","meta":[],"product_brand":[],"product_cat":[170,167],"product_tag":[140,141],"class_list":{"0":"post-721","1":"product","2":"type-product","3":"status-publish","4":"has-post-thumbnail","6":"product_cat-napoje","7":"product_cat-zaklad-produkcji-wod","8":"product_tag-celestynka","9":"product_tag-oranzada","10":"product_shipping_class-zgrzewka-05l","12":"first","13":"instock","14":"taxable","15":"shipping-taxable","16":"purchasable","17":"product-type-simple"},"aioseo_notices":[],"_links":{"self":[{"href":"https:\/\/uzdrowisko-rymanow.com.pl\/sklep\/wp-json\/wp\/v2\/product\/721","targetHints":{"allow":["GET"]}}],"collection":[{"href":"https:\/\/uzdrowisko-rymanow.com.pl\/sklep\/wp-json\/wp\/v2\/product"}],"about":[{"href":"https:\/\/uzdrowisko-rymanow.com.pl\/sklep\/wp-json\/wp\/v2\/types\/product"}],"replies":[{"embeddable":true,"href":"https:\/\/uzdrowisko-rymanow.com.pl\/sklep\/wp-json\/wp\/v2\/comments?post=721"}],"wp:featuredmedia":[{"embeddable":true,"href":"https:\/\/uzdrowisko-rymanow.com.pl\/sklep\/wp-json\/wp\/v2\/media\/14910"}],"wp:attachment":[{"href":"https:\/\/uzdrowisko-rymanow.com.pl\/sklep\/wp-json\/wp\/v2\/media?parent=721"}],"wp:term":[{"taxonomy":"product_brand","embeddable":true,"href":"https:\/\/uzdrowisko-rymanow.com.pl\/sklep\/wp-json\/wp\/v2\/product_brand?post=721"},{"taxonomy":"product_cat","embeddable":true,"href":"https:\/\/uzdrowisko-rymanow.com.pl\/sklep\/wp-json\/wp\/v2\/product_cat?post=721"},{"taxonomy":"product_tag","embeddable":true,"href":"https:\/\/uzdrowisko-rymanow.com.pl\/sklep\/wp-json\/wp\/v2\/product_tag?post=721"}],"curies":[{"name":"wp","href":"https:\/\/api.w.org\/{rel}","templated":true}]}}