{"id":690,"date":"2021-02-08T11:34:08","date_gmt":"2021-02-08T10:34:08","guid":{"rendered":"https:\/\/uzdrowisko-rymanow.com.pl\/sklep\/?post_type=product&#038;p=690"},"modified":"2026-01-19T23:35:03","modified_gmt":"2026-01-19T22:35:03","slug":"celestynka-gazowana-z-aromatem-pomaranczowy-15-l-x-6-szt","status":"publish","type":"product","link":"https:\/\/uzdrowisko-rymanow.com.pl\/sklep\/produkt\/celestynka-gazowana-z-aromatem-pomaranczowy-15-l-x-6-szt\/","title":{"rendered":"Celestynka gazowana z aromatem pomara\u0144czowym &#8211; 1,5 l x 6 szt."},"content":{"rendered":"<p>Napoje smakowe \u201eCelestynka\u201d nies\u0142odzone \u2013 napoje gazowane z dodatkiem naturalnego aromatu produkowane na bazie wody \u017ar\u00f3dlanej, ( bez cukru, bez substancji s\u0142odz\u0105cych, bez konserwant\u00f3w, bez barwnik\u00f3w). Napoje smakowe \u201eCelestynka\u201d dost\u0119pne s\u0105 w sprzeda\u017cy internetowej w butelkach PET 1,5 l o smakach:<br \/>\n\u2022 Pomara\u0144czowym<br \/>\n\u2022 Cytrynowo \u2013mi\u0119towym<\/p>\n<p><strong>Nap\u00f3j smakowy pomara\u0144czowy \u201eCelestynka\u201d &#8211; 1,5 l x 6 sztuk &#8211; gazowany<\/strong><\/p>\n","protected":false},"excerpt":{"rendered":"<p>Napoje smakowe \u201eCelestynka\u201d nies\u0142odzone \u2013 napoje gazowane z dodatkiem naturalnego aromatu produkowane na bazie wody \u017ar\u00f3dlanej, ( bez cukru, bez substancji s\u0142odz\u0105cych, bez konserwant\u00f3w, bez barwnik\u00f3w). Napoje smakowe \u201eCelestynka\u201d dost\u0119pne s\u0105 w sprzeda\u017cy internetowej w butelkach PET 1,5 l o smakach: \u2022 Pomara\u0144czowym \u2022 Cytrynowo \u2013mi\u0119towym Nap\u00f3j smakowy pomara\u0144czowy \u201eCelestynka\u201d &#8211; 1,5 l x 6 [&hellip;]<\/p>\n","protected":false},"featured_media":12743,"comment_status":"open","ping_status":"closed","template":"","meta":[],"product_brand":[],"product_cat":[171,167],"product_tag":[],"class_list":{"0":"post-690","1":"product","2":"type-product","3":"status-publish","4":"has-post-thumbnail","6":"product_cat-napoje-z-aromatem","7":"product_cat-zaklad-produkcji-wod","8":"product_shipping_class-zgrzewka-15l","10":"first","11":"instock","12":"taxable","13":"shipping-taxable","14":"purchasable","15":"product-type-simple"},"aioseo_notices":[],"_links":{"self":[{"href":"https:\/\/uzdrowisko-rymanow.com.pl\/sklep\/wp-json\/wp\/v2\/product\/690","targetHints":{"allow":["GET"]}}],"collection":[{"href":"https:\/\/uzdrowisko-rymanow.com.pl\/sklep\/wp-json\/wp\/v2\/product"}],"about":[{"href":"https:\/\/uzdrowisko-rymanow.com.pl\/sklep\/wp-json\/wp\/v2\/types\/product"}],"replies":[{"embeddable":true,"href":"https:\/\/uzdrowisko-rymanow.com.pl\/sklep\/wp-json\/wp\/v2\/comments?post=690"}],"wp:featuredmedia":[{"embeddable":true,"href":"https:\/\/uzdrowisko-rymanow.com.pl\/sklep\/wp-json\/wp\/v2\/media\/12743"}],"wp:attachment":[{"href":"https:\/\/uzdrowisko-rymanow.com.pl\/sklep\/wp-json\/wp\/v2\/media?parent=690"}],"wp:term":[{"taxonomy":"product_brand","embeddable":true,"href":"https:\/\/uzdrowisko-rymanow.com.pl\/sklep\/wp-json\/wp\/v2\/product_brand?post=690"},{"taxonomy":"product_cat","embeddable":true,"href":"https:\/\/uzdrowisko-rymanow.com.pl\/sklep\/wp-json\/wp\/v2\/product_cat?post=690"},{"taxonomy":"product_tag","embeddable":true,"href":"https:\/\/uzdrowisko-rymanow.com.pl\/sklep\/wp-json\/wp\/v2\/product_tag?post=690"}],"curies":[{"name":"wp","href":"https:\/\/api.w.org\/{rel}","templated":true}]}}