{"id":685,"date":"2021-02-08T09:33:37","date_gmt":"2021-02-08T08:33:37","guid":{"rendered":"https:\/\/uzdrowisko-rymanow.com.pl\/sklep\/?post_type=product&#038;p=685"},"modified":"2026-01-19T23:43:47","modified_gmt":"2026-01-19T22:43:47","slug":"rymanow-zdroj-woda-zrodlana-lekko-gazowana-15-l-x-6-szt","status":"publish","type":"product","link":"https:\/\/uzdrowisko-rymanow.com.pl\/sklep\/produkt\/rymanow-zdroj-woda-zrodlana-lekko-gazowana-15-l-x-6-szt\/","title":{"rendered":"Ryman\u00f3w Zdr\u00f3j &#8211; woda \u017ar\u00f3dlana lekko gazowana &#8211; 1,5 l x 6 szt."},"content":{"rendered":"<p><strong>Ryman\u00f3w Zdr\u00f3j &#8211; woda \u017ar\u00f3dlana lekko gazowana<\/strong> &#8211; butelka PET 1,5 L. Og\u00f3lna zawarto\u015b\u0107 sk\u0142adnik\u00f3w: 474 mg\/l. Woda \u015brednionasycona dwutlenkiem w\u0119gla z uj\u0119cia Hubin-Ryman\u00f3w-Zdr\u00f3j.<\/p>\n<p>&nbsp;<\/p>\n<table style=\"width: 17.5236%;\">\n<tbody>\n<tr>\n<td style=\"text-align: center; width: 97.4125%;\" colspan=\"4\" width=\"288\">Sk\u0142adniki mineralne mg\/l<\/td>\n<\/tr>\n<tr>\n<td style=\"text-align: center; width: 53.169%;\" colspan=\"2\">Kationy<\/td>\n<td style=\"text-align: center; width: 44.2435%;\" colspan=\"2\">Aniony<\/td>\n<\/tr>\n<tr>\n<td style=\"text-align: center; width: 34.507%;\">HCO<sub>3<\/sub><sup>&#8211;<\/sup><\/td>\n<td style=\"text-align: center; width: 18.662%;\">317<\/td>\n<td style=\"text-align: center; width: 28.8732%;\">Na<sup>+<\/sup><\/td>\n<td style=\"text-align: center; width: 15.3703%;\">5<\/td>\n<\/tr>\n<tr>\n<td style=\"text-align: center; width: 34.507%;\">SO<sub>4<\/sub><sup>2-<\/sup><\/td>\n<td style=\"text-align: center; width: 18.662%;\">30<\/td>\n<td style=\"text-align: center; width: 28.8732%;\">Ca<sup>2+<\/sup><\/td>\n<td style=\"text-align: center; width: 15.3703%;\">70<\/td>\n<\/tr>\n<tr>\n<td style=\"text-align: center; width: 34.507%;\">Cl<sup>&#8211;<\/sup><\/td>\n<td style=\"text-align: center; width: 18.662%;\">9<\/td>\n<td style=\"text-align: center; width: 28.8732%;\">Mg<sup>2+<\/sup><\/td>\n<td style=\"text-align: center; width: 15.3703%;\">25<\/td>\n<\/tr>\n<tr>\n<td style=\"text-align: center; width: 34.507%;\"><\/td>\n<td style=\"text-align: center; width: 18.662%;\"><\/td>\n<td style=\"text-align: center; width: 28.8732%;\">K<sup>+<\/sup><\/td>\n<td style=\"text-align: center; width: 15.3703%;\">1<\/td>\n<\/tr>\n<\/tbody>\n<\/table>\n","protected":false},"excerpt":{"rendered":"<p>Ryman\u00f3w Zdr\u00f3j &#8211; woda \u017ar\u00f3dlana lekko gazowana &#8211; butelka PET 1,5 L. Og\u00f3lna zawarto\u015b\u0107 sk\u0142adnik\u00f3w: 474 mg\/l. Woda \u015brednionasycona dwutlenkiem w\u0119gla z uj\u0119cia Hubin-Ryman\u00f3w-Zdr\u00f3j. &nbsp; Sk\u0142adniki mineralne mg\/l Kationy Aniony HCO3&#8211; 317 Na+ 5 SO42- 30 Ca2+ 70 Cl&#8211; 9 Mg2+ 25 K+ 1<\/p>\n","protected":false},"featured_media":14925,"comment_status":"open","ping_status":"closed","template":"","meta":[],"product_brand":[],"product_cat":[169,167],"product_tag":[],"class_list":{"0":"post-685","1":"product","2":"type-product","3":"status-publish","4":"has-post-thumbnail","6":"product_cat-woda-rymanow-zdroj","7":"product_cat-zaklad-produkcji-wod","8":"product_shipping_class-zgrzewka-15l","10":"first","11":"instock","12":"taxable","13":"shipping-taxable","14":"purchasable","15":"product-type-simple"},"aioseo_notices":[],"_links":{"self":[{"href":"https:\/\/uzdrowisko-rymanow.com.pl\/sklep\/wp-json\/wp\/v2\/product\/685","targetHints":{"allow":["GET"]}}],"collection":[{"href":"https:\/\/uzdrowisko-rymanow.com.pl\/sklep\/wp-json\/wp\/v2\/product"}],"about":[{"href":"https:\/\/uzdrowisko-rymanow.com.pl\/sklep\/wp-json\/wp\/v2\/types\/product"}],"replies":[{"embeddable":true,"href":"https:\/\/uzdrowisko-rymanow.com.pl\/sklep\/wp-json\/wp\/v2\/comments?post=685"}],"wp:featuredmedia":[{"embeddable":true,"href":"https:\/\/uzdrowisko-rymanow.com.pl\/sklep\/wp-json\/wp\/v2\/media\/14925"}],"wp:attachment":[{"href":"https:\/\/uzdrowisko-rymanow.com.pl\/sklep\/wp-json\/wp\/v2\/media?parent=685"}],"wp:term":[{"taxonomy":"product_brand","embeddable":true,"href":"https:\/\/uzdrowisko-rymanow.com.pl\/sklep\/wp-json\/wp\/v2\/product_brand?post=685"},{"taxonomy":"product_cat","embeddable":true,"href":"https:\/\/uzdrowisko-rymanow.com.pl\/sklep\/wp-json\/wp\/v2\/product_cat?post=685"},{"taxonomy":"product_tag","embeddable":true,"href":"https:\/\/uzdrowisko-rymanow.com.pl\/sklep\/wp-json\/wp\/v2\/product_tag?post=685"}],"curies":[{"name":"wp","href":"https:\/\/api.w.org\/{rel}","templated":true}]}}