{"id":665,"date":"2021-02-08T08:19:50","date_gmt":"2021-02-08T07:19:50","guid":{"rendered":"https:\/\/uzdrowisko-rymanow.com.pl\/sklep\/?post_type=product&#038;p=665"},"modified":"2026-02-17T09:53:01","modified_gmt":"2026-02-17T08:53:01","slug":"celestynka-woda-stolowa-gazowana-15l-x-6-szt","status":"publish","type":"product","link":"https:\/\/uzdrowisko-rymanow.com.pl\/sklep\/produkt\/celestynka-woda-stolowa-gazowana-15l-x-6-szt\/","title":{"rendered":"Celestynka &#8211; woda sto\u0142owa gazowana &#8211; 1,5l x 6 szt."},"content":{"rendered":"<p><strong>Celestynka &#8211; woda sto\u0142owa gazowana<\/strong> &#8211; butelka PET 1,5 L. Og\u00f3lna zawarto\u015b\u0107 sk\u0142adnik\u00f3w: 1149 mg\/l. Woda wysokonasycona dwutlenkiem w\u0119gla, wyprodukowana na bazie naturalnej wody mineralnej z odwiertu RZ-6 i wody \u017ar\u00f3dlanej z uj\u0119cia Hubin-Ryman\u00f3w-Zdr\u00f3j.<\/p>\n<p>&nbsp;<\/p>\n<table style=\"width: 23.0234%;\" width=\"288\">\n<tbody>\n<tr>\n<td style=\"text-align: center; width: 93.662%;\" colspan=\"4\" width=\"288\">Sk\u0142adniki mineralne mg\/l<\/td>\n<\/tr>\n<tr>\n<td style=\"text-align: center; width: 51.4085%;\" colspan=\"2\">Kationy<\/td>\n<td style=\"text-align: center; width: 42.2535%;\" colspan=\"2\">Aniony<\/td>\n<\/tr>\n<tr>\n<td style=\"text-align: center; width: 32.0423%;\">HCO<sub>3<\/sub><sup>&#8211;<\/sup><\/td>\n<td style=\"text-align: center; width: 19.3662%;\">494<\/td>\n<td style=\"text-align: center; width: 26.7606%;\">Na<sup>+<\/sup><\/td>\n<td style=\"text-align: center; width: 15.493%;\">198<\/td>\n<\/tr>\n<tr>\n<td style=\"text-align: center; width: 32.0423%;\">Cl<sup>&#8211;<\/sup><\/td>\n<td style=\"text-align: center; width: 19.3662%;\">284<\/td>\n<td style=\"text-align: center; width: 26.7606%;\">Ca<sup>2+<\/sup><\/td>\n<td style=\"text-align: center; width: 15.493%;\">92<\/td>\n<\/tr>\n<tr>\n<td style=\"text-align: center; width: 32.0423%;\">SO<sub>4<\/sub><sup>2-<\/sup><\/td>\n<td style=\"text-align: center; width: 19.3662%;\">20<\/td>\n<td style=\"text-align: center; width: 26.7606%;\">Mg<sup>2+<\/sup><\/td>\n<td style=\"text-align: center; width: 15.493%;\">20<\/td>\n<\/tr>\n<tr>\n<td style=\"text-align: center; width: 32.0423%;\">J<sup>&#8211;<\/sup><\/td>\n<td style=\"text-align: center; width: 19.3662%;\">0,3<\/td>\n<td style=\"text-align: center; width: 26.7606%;\">K<sup>+<\/sup><\/td>\n<td style=\"text-align: center; width: 15.493%;\">4<\/td>\n<\/tr>\n<tr>\n<td style=\"text-align: center; width: 32.0423%;\">F<sup>&#8211;<\/sup><\/td>\n<td style=\"text-align: center; width: 19.3662%;\">0,4<\/td>\n<td style=\"text-align: center; width: 26.7606%;\"><\/td>\n<td style=\"text-align: center; width: 15.493%;\"><\/td>\n<\/tr>\n<\/tbody>\n<\/table>\n","protected":false},"excerpt":{"rendered":"<p>Woda sto\u0142owa \u201eCelestynka\u201d pozyskiwana jest z odwiertu RZ -6 o g\u0142\u0119boko\u015bci 250 m i uj\u0119cia \u201eHUBIN\u201d, mieszana w odpowiednich proporcjach tak, aby w rezultacie otrzyma\u0107 wod\u0119 sto\u0142ow\u0105 o unikalnych walorach smakowych i bogatym sk\u0142adzie mineralnym. Jest to woda wodorow\u0119glanowo -chlorkowo-sodowo-wapniowa o og\u00f3lnej zawarto\u015b\u0107 sk\u0142adnik\u00f3w mineralnych 1149 mg\/l. Woda sto\u0142owa \u201eCelestynka\u201d dost\u0119pna jest w sprzeda\u017cy internetowej w nast\u0119puj\u0105cym asortymencie:<br \/>\n\u2022 Woda \u201eCelestynka\u201d 1,5 l gazowana<br \/>\n\u2022 Woda \u201eCelestynka\u201d 1,5 l niegazowana<br \/>\n\u2022 Woda \u201eCelestynka\u201d 1,5 l lekko gazowana<br \/>\n\u2022 Woda \u201eCelestynka\u201d 0,5 l gazowana<br \/>\n\u2022 Woda \u201eCelestynka\u201d 0,5 l niegazowana<\/p>\n<p><strong>Celestynka woda sto\u0142owa &#8211; 1,5 l x 6 sztuk &#8211; gazowana<\/strong><\/p>\n","protected":false},"featured_media":14943,"comment_status":"open","ping_status":"closed","template":"","meta":[],"product_brand":[],"product_cat":[168,167],"product_tag":[],"class_list":{"0":"post-665","1":"product","2":"type-product","3":"status-publish","4":"has-post-thumbnail","6":"product_cat-woda-celestynka","7":"product_cat-zaklad-produkcji-wod","8":"product_shipping_class-zgrzewka-05l","10":"first","11":"instock","12":"taxable","13":"shipping-taxable","14":"purchasable","15":"product-type-simple"},"aioseo_notices":[],"_links":{"self":[{"href":"https:\/\/uzdrowisko-rymanow.com.pl\/sklep\/wp-json\/wp\/v2\/product\/665","targetHints":{"allow":["GET"]}}],"collection":[{"href":"https:\/\/uzdrowisko-rymanow.com.pl\/sklep\/wp-json\/wp\/v2\/product"}],"about":[{"href":"https:\/\/uzdrowisko-rymanow.com.pl\/sklep\/wp-json\/wp\/v2\/types\/product"}],"replies":[{"embeddable":true,"href":"https:\/\/uzdrowisko-rymanow.com.pl\/sklep\/wp-json\/wp\/v2\/comments?post=665"}],"wp:featuredmedia":[{"embeddable":true,"href":"https:\/\/uzdrowisko-rymanow.com.pl\/sklep\/wp-json\/wp\/v2\/media\/14943"}],"wp:attachment":[{"href":"https:\/\/uzdrowisko-rymanow.com.pl\/sklep\/wp-json\/wp\/v2\/media?parent=665"}],"wp:term":[{"taxonomy":"product_brand","embeddable":true,"href":"https:\/\/uzdrowisko-rymanow.com.pl\/sklep\/wp-json\/wp\/v2\/product_brand?post=665"},{"taxonomy":"product_cat","embeddable":true,"href":"https:\/\/uzdrowisko-rymanow.com.pl\/sklep\/wp-json\/wp\/v2\/product_cat?post=665"},{"taxonomy":"product_tag","embeddable":true,"href":"https:\/\/uzdrowisko-rymanow.com.pl\/sklep\/wp-json\/wp\/v2\/product_tag?post=665"}],"curies":[{"name":"wp","href":"https:\/\/api.w.org\/{rel}","templated":true}]}}