{"id":656,"date":"2021-02-05T15:24:22","date_gmt":"2021-02-05T14:24:22","guid":{"rendered":"https:\/\/uzdrowisko-rymanow.com.pl\/sklep\/?post_type=product&#038;p=656"},"modified":"2026-01-19T23:45:32","modified_gmt":"2026-01-19T22:45:32","slug":"celestynka-woda-stolowa-gazowana-05lx-8-szt","status":"publish","type":"product","link":"https:\/\/uzdrowisko-rymanow.com.pl\/sklep\/produkt\/celestynka-woda-stolowa-gazowana-05lx-8-szt\/","title":{"rendered":"Celestynka &#8211; woda sto\u0142owa gazowana &#8211; 0,5l x 8 szt."},"content":{"rendered":"<p><strong>Celestynka &#8211; woda sto\u0142owa gazowana<\/strong> &#8211; butelka PET 0,5 L. Og\u00f3lna zawarto\u015b\u0107 sk\u0142adnik\u00f3w: 1149 mg\/l. Woda wysokonasycona dwutlenkiem w\u0119gla, wyprodukowana na bazie naturalnej wody mineralnej z odwiertu RZ-6 i wody \u017ar\u00f3dlanej z uj\u0119cia Hubin-Ryman\u00f3w-Zdr\u00f3j.<\/p>\n<p>&nbsp;<\/p>\n<table style=\"width: 23.2732%;\" width=\"288\">\n<tbody>\n<tr>\n<td style=\"text-align: center; width: 94.7183%;\" colspan=\"4\" width=\"288\">Sk\u0142adniki mineralne mg\/l<\/td>\n<\/tr>\n<tr>\n<td style=\"text-align: center; width: 51.4085%;\" colspan=\"2\">Kationy<\/td>\n<td style=\"text-align: center; width: 43.3099%;\" colspan=\"2\">Aniony<\/td>\n<\/tr>\n<tr>\n<td style=\"text-align: center; width: 32.0423%;\">HCO<sub>3<\/sub><sup>&#8211;<\/sup><\/td>\n<td style=\"text-align: center; width: 19.3662%;\">494<\/td>\n<td style=\"text-align: center; width: 26.7606%;\">Na<sup>+<\/sup><\/td>\n<td style=\"text-align: center; width: 16.5493%;\">198<\/td>\n<\/tr>\n<tr>\n<td style=\"text-align: center; width: 32.0423%;\">Cl<sup>&#8211;<\/sup><\/td>\n<td style=\"text-align: center; width: 19.3662%;\">284<\/td>\n<td style=\"text-align: center; width: 26.7606%;\">Ca<sup>2+<\/sup><\/td>\n<td style=\"text-align: center; width: 16.5493%;\">92<\/td>\n<\/tr>\n<tr>\n<td style=\"text-align: center; width: 32.0423%;\">SO<sub>4<\/sub><sup>2-<\/sup><\/td>\n<td style=\"text-align: center; width: 19.3662%;\">20<\/td>\n<td style=\"text-align: center; width: 26.7606%;\">Mg<sup>2+<\/sup><\/td>\n<td style=\"text-align: center; width: 16.5493%;\">20<\/td>\n<\/tr>\n<tr>\n<td style=\"text-align: center; width: 32.0423%;\">J<sup>&#8211;<\/sup><\/td>\n<td style=\"text-align: center; width: 19.3662%;\">0,3<\/td>\n<td style=\"text-align: center; width: 26.7606%;\">K<sup>+<\/sup><\/td>\n<td style=\"text-align: center; width: 16.5493%;\">4<\/td>\n<\/tr>\n<tr>\n<td style=\"text-align: center; width: 32.0423%;\">F<sup>&#8211;<\/sup><\/td>\n<td style=\"text-align: center; width: 19.3662%;\">0,4<\/td>\n<td style=\"text-align: center; width: 26.7606%;\"><\/td>\n<td style=\"text-align: center; width: 16.5493%;\"><\/td>\n<\/tr>\n<\/tbody>\n<\/table>\n<p>&nbsp;<\/p>\n","protected":false},"excerpt":{"rendered":"<p>Celestynka &#8211; woda sto\u0142owa gazowana &#8211; butelka PET 0,5 L. Og\u00f3lna zawarto\u015b\u0107 sk\u0142adnik\u00f3w: 1149 mg\/l. Woda wysokonasycona dwutlenkiem w\u0119gla, wyprodukowana na bazie naturalnej wody mineralnej z odwiertu RZ-6 i wody \u017ar\u00f3dlanej z uj\u0119cia Hubin-Ryman\u00f3w-Zdr\u00f3j. &nbsp; Sk\u0142adniki mineralne mg\/l Kationy Aniony HCO3&#8211; 494 Na+ 198 Cl&#8211; 284 Ca2+ 92 SO42- 20 Mg2+ 20 J&#8211; 0,3 K+ [&hellip;]<\/p>\n","protected":false},"featured_media":14946,"comment_status":"open","ping_status":"closed","template":"","meta":[],"product_brand":[],"product_cat":[168,167],"product_tag":[],"class_list":{"0":"post-656","1":"product","2":"type-product","3":"status-publish","4":"has-post-thumbnail","6":"product_cat-woda-celestynka","7":"product_cat-zaklad-produkcji-wod","8":"product_shipping_class-zgrzewka-05l","10":"first","11":"instock","12":"taxable","13":"shipping-taxable","14":"purchasable","15":"product-type-simple"},"aioseo_notices":[],"_links":{"self":[{"href":"https:\/\/uzdrowisko-rymanow.com.pl\/sklep\/wp-json\/wp\/v2\/product\/656","targetHints":{"allow":["GET"]}}],"collection":[{"href":"https:\/\/uzdrowisko-rymanow.com.pl\/sklep\/wp-json\/wp\/v2\/product"}],"about":[{"href":"https:\/\/uzdrowisko-rymanow.com.pl\/sklep\/wp-json\/wp\/v2\/types\/product"}],"replies":[{"embeddable":true,"href":"https:\/\/uzdrowisko-rymanow.com.pl\/sklep\/wp-json\/wp\/v2\/comments?post=656"}],"wp:featuredmedia":[{"embeddable":true,"href":"https:\/\/uzdrowisko-rymanow.com.pl\/sklep\/wp-json\/wp\/v2\/media\/14946"}],"wp:attachment":[{"href":"https:\/\/uzdrowisko-rymanow.com.pl\/sklep\/wp-json\/wp\/v2\/media?parent=656"}],"wp:term":[{"taxonomy":"product_brand","embeddable":true,"href":"https:\/\/uzdrowisko-rymanow.com.pl\/sklep\/wp-json\/wp\/v2\/product_brand?post=656"},{"taxonomy":"product_cat","embeddable":true,"href":"https:\/\/uzdrowisko-rymanow.com.pl\/sklep\/wp-json\/wp\/v2\/product_cat?post=656"},{"taxonomy":"product_tag","embeddable":true,"href":"https:\/\/uzdrowisko-rymanow.com.pl\/sklep\/wp-json\/wp\/v2\/product_tag?post=656"}],"curies":[{"name":"wp","href":"https:\/\/api.w.org\/{rel}","templated":true}]}}