{"id":245,"date":"2018-09-03T08:27:04","date_gmt":"2018-09-03T06:27:04","guid":{"rendered":"https:\/\/uzdrowisko-rymanow.com.pl\/sklep\/?post_type=product&#038;p=245"},"modified":"2026-02-06T14:17:14","modified_gmt":"2026-02-06T13:17:14","slug":"zel-pod-prysznic-250-ml","status":"publish","type":"product","link":"https:\/\/uzdrowisko-rymanow.com.pl\/sklep\/produkt\/zel-pod-prysznic-250-ml\/","title":{"rendered":"\u017bel pod prysznic &#8211; 250 ml"},"content":{"rendered":"<p><strong>Rewitalizuj\u0105cy \u017cel pod prysznic<\/strong> na bazie w\u00f3d mineralnych z Rymanowa Zdroju, z dodatkiem olejku arganowego z EcoCertem, wzbogacony wyci\u0105giem z polskich zi\u00f3\u0142 (rumianek \u2013 dzia\u0142anie koj\u0105ce, \u0142agodz\u0105ce podra\u017cnienia, nagietek- dzia\u0142anie przeciwzapalne, pokrzywa \u2013 dzia\u0142anie wzmacniaj\u0105ce, wyci\u0105g z siemienia lnianego- dzia\u0142anie os\u0142aniaj\u0105ce, zmi\u0119kczaj\u0105ce sk\u00f3r\u0119, nadaje jej g\u0142adko\u015b\u0107 i delikatny zapach).<\/p>\n<p>&nbsp;<\/p>\n<p><strong>Sk\u0142adniki:\u00a0 <\/strong>\u00a0Aqua, Sodium Laureth Sulfate, Cocamidopropyl Betaine, Glycerin, Cocamide DEA, PEG-75 Lanolin, Sodium Chloride, Parfum, Argania Spinosa Kernel Oil, Propylene Glycol, Chamomilla, Recutita Flower Extract, Utrica Dioica Leaf Extrakt, Calendula Officinalis Flower Extract, Linum Usitatissimum Seed Extract, Citric Acid, Phenoxyethanol, Benzoic Acid, Dehydroecetic Acid, Coumarin, Linalool, Benzyl Alkohol, Cinnamyl Alcohol, Benzyl Salicylate, Geraniol, Citronellol, Hexyl Cinnamal, Caramel, CI199140, CI15985.<\/p>\n","protected":false},"excerpt":{"rendered":"<p>Rewitalizuj\u0105cy \u017cel pod prysznic na bazie w\u00f3d mineralnych z Rymanowa Zdroju, z dodatkiem olejku arganowego z EcoCertem, wzbogacony wyci\u0105giem z polskich zi\u00f3\u0142 (rumianek \u2013 dzia\u0142anie koj\u0105ce, \u0142agodz\u0105ce podra\u017cnienia, nagietek- dzia\u0142anie przeciwzapalne, pokrzywa \u2013 dzia\u0142anie wzmacniaj\u0105ce, wyci\u0105g z siemienia lnianego- dzia\u0142anie os\u0142aniaj\u0105ce, zmi\u0119kczaj\u0105ce sk\u00f3r\u0119, nadaje jej g\u0142adko\u015b\u0107 i delikatny zapach). &nbsp; Sk\u0142adniki:\u00a0 \u00a0Aqua, Sodium Laureth Sulfate, [&hellip;]<\/p>\n","protected":false},"featured_media":14868,"comment_status":"open","ping_status":"closed","template":"","meta":[],"product_brand":[],"product_cat":[160,163],"product_tag":[134,135,136],"class_list":{"0":"post-245","1":"product","2":"type-product","3":"status-publish","4":"has-post-thumbnail","6":"product_cat-naturalne-kosmetyki-celestin","7":"product_cat-kosmetyki-do-kapieli","8":"product_tag-argan","9":"product_tag-zel-pod-prysznic","10":"product_tag-ziola","12":"first","13":"instock","14":"taxable","15":"shipping-taxable","16":"purchasable","17":"product-type-simple"},"aioseo_notices":[],"_links":{"self":[{"href":"https:\/\/uzdrowisko-rymanow.com.pl\/sklep\/wp-json\/wp\/v2\/product\/245","targetHints":{"allow":["GET"]}}],"collection":[{"href":"https:\/\/uzdrowisko-rymanow.com.pl\/sklep\/wp-json\/wp\/v2\/product"}],"about":[{"href":"https:\/\/uzdrowisko-rymanow.com.pl\/sklep\/wp-json\/wp\/v2\/types\/product"}],"replies":[{"embeddable":true,"href":"https:\/\/uzdrowisko-rymanow.com.pl\/sklep\/wp-json\/wp\/v2\/comments?post=245"}],"wp:featuredmedia":[{"embeddable":true,"href":"https:\/\/uzdrowisko-rymanow.com.pl\/sklep\/wp-json\/wp\/v2\/media\/14868"}],"wp:attachment":[{"href":"https:\/\/uzdrowisko-rymanow.com.pl\/sklep\/wp-json\/wp\/v2\/media?parent=245"}],"wp:term":[{"taxonomy":"product_brand","embeddable":true,"href":"https:\/\/uzdrowisko-rymanow.com.pl\/sklep\/wp-json\/wp\/v2\/product_brand?post=245"},{"taxonomy":"product_cat","embeddable":true,"href":"https:\/\/uzdrowisko-rymanow.com.pl\/sklep\/wp-json\/wp\/v2\/product_cat?post=245"},{"taxonomy":"product_tag","embeddable":true,"href":"https:\/\/uzdrowisko-rymanow.com.pl\/sklep\/wp-json\/wp\/v2\/product_tag?post=245"}],"curies":[{"name":"wp","href":"https:\/\/api.w.org\/{rel}","templated":true}]}}