{"id":243,"date":"2018-09-03T08:25:06","date_gmt":"2018-09-03T06:25:06","guid":{"rendered":"https:\/\/uzdrowisko-rymanow.com.pl\/sklep\/?post_type=product&#038;p=243"},"modified":"2026-02-06T14:17:45","modified_gmt":"2026-02-06T13:17:45","slug":"sol-do-kapieli-500g","status":"publish","type":"product","link":"https:\/\/uzdrowisko-rymanow.com.pl\/sklep\/produkt\/sol-do-kapieli-500g\/","title":{"rendered":"S\u00f3l do k\u0105pieli &#8211; 500g"},"content":{"rendered":"<p>Relaksuj\u0105ca s\u00f3l do k\u0105pieli wzbogacona dodatkiem polskich zi\u00f3\u0142 (rumianek \u2013 dzia\u0142anie koj\u0105ce, \u0142agodz\u0105ce podra\u017cnienia, nagietek- dzia\u0142anie przeciwzapalne, pokrzywa \u2013 dzia\u0142anie wzmacniaj\u0105ce, wyci\u0105g z siemienia lnianego- dzia\u0142anie os\u0142aniaj\u0105ce, zmi\u0119kczaj\u0105ce sk\u00f3r\u0119), z olejkiem arganowym z EcoCertem i olejkiem avocado z EcoCertem .<\/p>\n<p>K\u0105piel z dodatkiem soli to przyjemny relaks w wannie. S\u00f3l mo\u017ce by\u0107 stosowana r\u00f3wnie\u017c do moczenia st\u00f3p lub d\u0142oni przed zabiegami piel\u0119gnacyjnymi.<\/p>\n<p><strong>Sk\u0142adniki: <\/strong>Sodium Chloride, Parfum, Persea Gratissima Oil, Argania Spinosa Kernel Oil, Chamomilla Recutita Flower Extract, Calendula Officinalis Flower Extract, Utrica Dioica Extract, Linum Usitatissimum Seed Extract, Chamomila Recutita Flower, Propulene Glycol, Benzyl Alcohol, Benzyl Salicylate, Cinnamyl Alcohol, Citronellol, Coumarin, Geraniol, Hexyl Cinnamal, Linalool, Terpineol, Dimethyl Phenethyl Acetate, Linalyl Aceetate, Eucalyptus Globulus Oil.<\/p>\n","protected":false},"excerpt":{"rendered":"<p>Relaksuj\u0105ca s\u00f3l do k\u0105pieli wzbogacona dodatkiem polskich zi\u00f3\u0142 (rumianek \u2013 dzia\u0142anie koj\u0105ce, \u0142agodz\u0105ce podra\u017cnienia, nagietek- dzia\u0142anie przeciwzapalne, pokrzywa \u2013 dzia\u0142anie wzmacniaj\u0105ce, wyci\u0105g z siemienia lnianego- dzia\u0142anie os\u0142aniaj\u0105ce, zmi\u0119kczaj\u0105ce sk\u00f3r\u0119), z olejkiem arganowym z EcoCertem i olejkiem avocado z EcoCertem . K\u0105piel z dodatkiem soli to przyjemny relaks w wannie. S\u00f3l mo\u017ce by\u0107 stosowana r\u00f3wnie\u017c do [&hellip;]<\/p>\n","protected":false},"featured_media":14865,"comment_status":"open","ping_status":"closed","template":"","meta":[],"product_brand":[],"product_cat":[160,163],"product_tag":[],"class_list":{"0":"post-243","1":"product","2":"type-product","3":"status-publish","4":"has-post-thumbnail","6":"product_cat-naturalne-kosmetyki-celestin","7":"product_cat-kosmetyki-do-kapieli","9":"first","10":"instock","11":"taxable","12":"shipping-taxable","13":"purchasable","14":"product-type-simple"},"aioseo_notices":[],"_links":{"self":[{"href":"https:\/\/uzdrowisko-rymanow.com.pl\/sklep\/wp-json\/wp\/v2\/product\/243","targetHints":{"allow":["GET"]}}],"collection":[{"href":"https:\/\/uzdrowisko-rymanow.com.pl\/sklep\/wp-json\/wp\/v2\/product"}],"about":[{"href":"https:\/\/uzdrowisko-rymanow.com.pl\/sklep\/wp-json\/wp\/v2\/types\/product"}],"replies":[{"embeddable":true,"href":"https:\/\/uzdrowisko-rymanow.com.pl\/sklep\/wp-json\/wp\/v2\/comments?post=243"}],"wp:featuredmedia":[{"embeddable":true,"href":"https:\/\/uzdrowisko-rymanow.com.pl\/sklep\/wp-json\/wp\/v2\/media\/14865"}],"wp:attachment":[{"href":"https:\/\/uzdrowisko-rymanow.com.pl\/sklep\/wp-json\/wp\/v2\/media?parent=243"}],"wp:term":[{"taxonomy":"product_brand","embeddable":true,"href":"https:\/\/uzdrowisko-rymanow.com.pl\/sklep\/wp-json\/wp\/v2\/product_brand?post=243"},{"taxonomy":"product_cat","embeddable":true,"href":"https:\/\/uzdrowisko-rymanow.com.pl\/sklep\/wp-json\/wp\/v2\/product_cat?post=243"},{"taxonomy":"product_tag","embeddable":true,"href":"https:\/\/uzdrowisko-rymanow.com.pl\/sklep\/wp-json\/wp\/v2\/product_tag?post=243"}],"curies":[{"name":"wp","href":"https:\/\/api.w.org\/{rel}","templated":true}]}}