{"id":241,"date":"2018-09-03T08:21:30","date_gmt":"2018-09-03T06:21:30","guid":{"rendered":"https:\/\/uzdrowisko-rymanow.com.pl\/sklep\/?post_type=product&#038;p=241"},"modified":"2026-02-06T14:18:21","modified_gmt":"2026-02-06T13:18:21","slug":"peeling-do-ciala-200ml","status":"publish","type":"product","link":"https:\/\/uzdrowisko-rymanow.com.pl\/sklep\/produkt\/peeling-do-ciala-200ml\/","title":{"rendered":"Peeling do cia\u0142a &#8211; 200ml"},"content":{"rendered":"<p><strong>Peeling do cia\u0142a 200ml<\/strong>\u00a0\u2013 na bazie cukru i polskich zi\u00f3\u0142 (rumianek \u2013 dzia\u0142anie koj\u0105ce, \u0142agodz\u0105ce podra\u017cnienia, nagietek- dzia\u0142anie przeciwzapalne, pokrzywa \u2013 dzia\u0142anie wzmacniaj\u0105ce, wyci\u0105g z siemienia lnianego- dzia\u0142anie os\u0142aniaj\u0105ce, zmi\u0119kczaj\u0105ce sk\u00f3r\u0119) z dodatkiem w\u00f3d mineralnych z Rymanowa Zdroju i olejku arganowego z EcoCertem, wzbogacony nawil\u017caj\u0105cymi olejami (macadamia, avocado z EcoCertem, jojoba, oliwa z oliwek, olej ze s\u0142odkich migda\u0142\u00f3w) oraz kompleksem witamin : A,E,F poprawiaj\u0105cych kondycj\u0119 i wygl\u0105d sk\u00f3ry.<\/p>\n<p>Masa\u017ce peelingiem mo\u017cna wykona\u0107 pod prysznicem lub w wannie, bardzo dobrze oczyszczaj\u0105 sk\u00f3r\u0119 z obumar\u0142ego nask\u00f3rka, po peelingu sk\u00f3ra jest g\u0142adka i mi\u0119kka w dotyku, wyra\u017anie uj\u0119drniona.<\/p>\n<p><strong>Sk\u0142adniki:\u00a0 <\/strong>Sucrose, Glycine Soja Oil, Sodium Chloride, Caprylic\/Capric Triglyceride, Silica, Polysorbate 20, Parfum, Argania Spinosa Kernel Oil, Persea Gratissima Oil, Macadamia Ternifolia Seed Oil, Vitis Vinifera Seed Oil, Prunus Amugdalus Dulcis Oil, Calendula Officinalis Flower, Chamomilla Recutita Flower, Mentha Piperita Leaf, Urtica Dioica Leaf Extract, Linum Usitatissimum Seed Extract, Propylene Glycol, Tocopheryl Acetate, Aqua, MIPA-Laureeth Sulfate, Laureth-4, Cocamide Dea, Phenoxyethanol, Benzoic Acid, Dehydroacetic Acid, Benzyl Alcohol, Benzyl Benzoate, Benzyl Salicylate, Cinnamyl Alcohol, Citronellol, Coumarin, Geraniol, Hexyl Cinnamal, Linallol.<\/p>\n","protected":false},"excerpt":{"rendered":"<p>Peeling do cia\u0142a 200ml\u00a0\u2013 na bazie cukru i polskich zi\u00f3\u0142 (rumianek \u2013 dzia\u0142anie koj\u0105ce, \u0142agodz\u0105ce podra\u017cnienia, nagietek- dzia\u0142anie przeciwzapalne, pokrzywa \u2013 dzia\u0142anie wzmacniaj\u0105ce, wyci\u0105g z siemienia lnianego- dzia\u0142anie os\u0142aniaj\u0105ce, zmi\u0119kczaj\u0105ce sk\u00f3r\u0119) z dodatkiem w\u00f3d mineralnych z Rymanowa Zdroju i olejku arganowego z EcoCertem, wzbogacony nawil\u017caj\u0105cymi olejami (macadamia, avocado z EcoCertem, jojoba, oliwa z oliwek, olej [&hellip;]<\/p>\n","protected":false},"featured_media":14862,"comment_status":"open","ping_status":"closed","template":"","meta":[],"product_brand":[],"product_cat":[160,161],"product_tag":[],"class_list":{"0":"post-241","1":"product","2":"type-product","3":"status-publish","4":"has-post-thumbnail","6":"product_cat-naturalne-kosmetyki-celestin","7":"product_cat-pielegnacja-ciala","9":"first","10":"instock","11":"taxable","12":"shipping-taxable","13":"purchasable","14":"product-type-simple"},"aioseo_notices":[],"_links":{"self":[{"href":"https:\/\/uzdrowisko-rymanow.com.pl\/sklep\/wp-json\/wp\/v2\/product\/241","targetHints":{"allow":["GET"]}}],"collection":[{"href":"https:\/\/uzdrowisko-rymanow.com.pl\/sklep\/wp-json\/wp\/v2\/product"}],"about":[{"href":"https:\/\/uzdrowisko-rymanow.com.pl\/sklep\/wp-json\/wp\/v2\/types\/product"}],"replies":[{"embeddable":true,"href":"https:\/\/uzdrowisko-rymanow.com.pl\/sklep\/wp-json\/wp\/v2\/comments?post=241"}],"wp:featuredmedia":[{"embeddable":true,"href":"https:\/\/uzdrowisko-rymanow.com.pl\/sklep\/wp-json\/wp\/v2\/media\/14862"}],"wp:attachment":[{"href":"https:\/\/uzdrowisko-rymanow.com.pl\/sklep\/wp-json\/wp\/v2\/media?parent=241"}],"wp:term":[{"taxonomy":"product_brand","embeddable":true,"href":"https:\/\/uzdrowisko-rymanow.com.pl\/sklep\/wp-json\/wp\/v2\/product_brand?post=241"},{"taxonomy":"product_cat","embeddable":true,"href":"https:\/\/uzdrowisko-rymanow.com.pl\/sklep\/wp-json\/wp\/v2\/product_cat?post=241"},{"taxonomy":"product_tag","embeddable":true,"href":"https:\/\/uzdrowisko-rymanow.com.pl\/sklep\/wp-json\/wp\/v2\/product_tag?post=241"}],"curies":[{"name":"wp","href":"https:\/\/api.w.org\/{rel}","templated":true}]}}