{"id":239,"date":"2018-09-03T08:18:36","date_gmt":"2018-09-03T06:18:36","guid":{"rendered":"https:\/\/uzdrowisko-rymanow.com.pl\/sklep\/?post_type=product&#038;p=239"},"modified":"2026-02-06T14:18:44","modified_gmt":"2026-02-06T13:18:44","slug":"olejek-do-ciala-i-do-masazu-100-ml","status":"publish","type":"product","link":"https:\/\/uzdrowisko-rymanow.com.pl\/sklep\/produkt\/olejek-do-ciala-i-do-masazu-100-ml\/","title":{"rendered":"Olejek do cia\u0142a i do masa\u017cu &#8211; 100 ml"},"content":{"rendered":"<p><strong>Uj\u0119drniaj\u0105cy olejek do cia\u0142a i masa\u017cu<\/strong> na bazie olejku arganowego i mieszaniny olej\u00f3w ro\u015blinnych (macadamia, avocado z EcoCertem, olej z pestek winogron, olej ze s\u0142odkich migda\u0142\u00f3w) z dodatkiem w\u00f3d mineralnych z Rymanowa Zdroju i naturalnych zio\u0142owych olejk\u00f3w eterycznych (rumiankowy, nagietkowy, lniany).<\/p>\n<p><strong>Sk\u0142adniki:\u00a0 <\/strong>\u00a0Glicyne Soja Oil, Caprylic\/Capric Triglyceride, Prunus Amagdalus Dulcis Oil, Vitis Vinifera Seed Oil, Macadamia Ternifolia Seed Oil, Persea Gratissima Oil, Argania Spinosa Kernel Oil, Helianthus Annuus Seed Oil, Calendula Officinalis Flower Extract, Salvia Officinalis Leaf Extract, Parfum, Tocopheryl Acetate, Coumarin, Linalool, Benzyl Alcohol, Cinnamyl Alcohol, Benzyl Salicytate, Geraniol, Citronellol, Hexyl Cinnamal.<\/p>\n","protected":false},"excerpt":{"rendered":"<p>Uj\u0119drniaj\u0105cy olejek do cia\u0142a i masa\u017cu na bazie olejku arganowego i mieszaniny olej\u00f3w ro\u015blinnych (macadamia, avocado z EcoCertem, olej z pestek winogron, olej ze s\u0142odkich migda\u0142\u00f3w) z dodatkiem w\u00f3d mineralnych z Rymanowa Zdroju i naturalnych zio\u0142owych olejk\u00f3w eterycznych (rumiankowy, nagietkowy, lniany). Sk\u0142adniki:\u00a0 \u00a0Glicyne Soja Oil, Caprylic\/Capric Triglyceride, Prunus Amagdalus Dulcis Oil, Vitis Vinifera Seed Oil, [&hellip;]<\/p>\n","protected":false},"featured_media":14859,"comment_status":"open","ping_status":"closed","template":"","meta":[],"product_brand":[],"product_cat":[160,161],"product_tag":[],"class_list":{"0":"post-239","1":"product","2":"type-product","3":"status-publish","4":"has-post-thumbnail","6":"product_cat-naturalne-kosmetyki-celestin","7":"product_cat-pielegnacja-ciala","9":"first","10":"instock","11":"taxable","12":"shipping-taxable","13":"purchasable","14":"product-type-simple"},"aioseo_notices":[],"_links":{"self":[{"href":"https:\/\/uzdrowisko-rymanow.com.pl\/sklep\/wp-json\/wp\/v2\/product\/239","targetHints":{"allow":["GET"]}}],"collection":[{"href":"https:\/\/uzdrowisko-rymanow.com.pl\/sklep\/wp-json\/wp\/v2\/product"}],"about":[{"href":"https:\/\/uzdrowisko-rymanow.com.pl\/sklep\/wp-json\/wp\/v2\/types\/product"}],"replies":[{"embeddable":true,"href":"https:\/\/uzdrowisko-rymanow.com.pl\/sklep\/wp-json\/wp\/v2\/comments?post=239"}],"wp:featuredmedia":[{"embeddable":true,"href":"https:\/\/uzdrowisko-rymanow.com.pl\/sklep\/wp-json\/wp\/v2\/media\/14859"}],"wp:attachment":[{"href":"https:\/\/uzdrowisko-rymanow.com.pl\/sklep\/wp-json\/wp\/v2\/media?parent=239"}],"wp:term":[{"taxonomy":"product_brand","embeddable":true,"href":"https:\/\/uzdrowisko-rymanow.com.pl\/sklep\/wp-json\/wp\/v2\/product_brand?post=239"},{"taxonomy":"product_cat","embeddable":true,"href":"https:\/\/uzdrowisko-rymanow.com.pl\/sklep\/wp-json\/wp\/v2\/product_cat?post=239"},{"taxonomy":"product_tag","embeddable":true,"href":"https:\/\/uzdrowisko-rymanow.com.pl\/sklep\/wp-json\/wp\/v2\/product_tag?post=239"}],"curies":[{"name":"wp","href":"https:\/\/api.w.org\/{rel}","templated":true}]}}