{"id":237,"date":"2018-09-03T08:15:46","date_gmt":"2018-09-03T06:15:46","guid":{"rendered":"https:\/\/uzdrowisko-rymanow.com.pl\/sklep\/?post_type=product&#038;p=237"},"modified":"2026-02-06T14:23:33","modified_gmt":"2026-02-06T13:23:33","slug":"mydlo-kostka-120g","status":"publish","type":"product","link":"https:\/\/uzdrowisko-rymanow.com.pl\/sklep\/produkt\/mydlo-kostka-120g\/","title":{"rendered":"Myd\u0142o kostka &#8211; 120 g"},"content":{"rendered":"<p><strong>Myd\u0142o kostka 120g<\/strong>\u00a0na bazie w\u00f3d mineralnych Rymanowa i zi\u00f3\u0142 polskich. Kostka myd\u0142a 100% ro\u015blinna z nawil\u017caj\u0105cymi olejami i mas\u0142em Shea (makadamia, avocado z EcoCertem, mas\u0142o Shea z co certem, jojoba, oliwa z oliwek, olej ze s\u0142odkich migda\u0142\u00f3w, wyci\u0105gi zio\u0142owe, suszone widoczne kawa\u0142ki zi\u00f3\u0142)<\/p>\n<p><strong>Sk\u0142adniki: <\/strong>Sodium Palmate, Sodium Palm Kernelate, Aqua, Glycerin, Parfum, Butyrospermum Parkii Buter, PPG-5 Ceteth-20, Argania Spinosa Kernel Oil, Macdamia Ternifolia Seed Oil, Persea Gratissima Oil, Simmondsia Chinensis Seed Oil, Olea Europea Fruit Oil, Prunus Amygdalus Dulcis Oil, Chamamilla Recutita Flower, Utrica Dioica Leaf, Linum Usitatissimum Seed, Calendula Officinalis Flower, Palm Acid, Sodium Chloride, Palm Kernel Acid, Tetrasodium EDTA, Tetrasodium Etidronate, Titanum Dioxide, Coumarin, Linalool, Benzyl Benzoate, Cinnamyl, Alcohol, Benzyl Salicylate, Geraniol, Citronellol, Hexyl Cinnamal, Terpineol, Carvone, Dimethyl Phenethyl Acetate, Linalyl Acetate, Menthol, Eucalyptus Globulus Oil.<\/p>\n","protected":false},"excerpt":{"rendered":"<p>Myd\u0142o kostka 120g\u00a0na bazie w\u00f3d mineralnych Rymanowa i zi\u00f3\u0142 polskich. Kostka myd\u0142a 100% ro\u015blinna z nawil\u017caj\u0105cymi olejami i mas\u0142em Shea (makadamia, avocado z EcoCertem, mas\u0142o Shea z co certem, jojoba, oliwa z oliwek, olej ze s\u0142odkich migda\u0142\u00f3w, wyci\u0105gi zio\u0142owe, suszone widoczne kawa\u0142ki zi\u00f3\u0142) Sk\u0142adniki: Sodium Palmate, Sodium Palm Kernelate, Aqua, Glycerin, Parfum, Butyrospermum Parkii Buter, [&hellip;]<\/p>\n","protected":false},"featured_media":14856,"comment_status":"open","ping_status":"closed","template":"","meta":[],"product_brand":[],"product_cat":[160,163],"product_tag":[],"class_list":{"0":"post-237","1":"product","2":"type-product","3":"status-publish","4":"has-post-thumbnail","6":"product_cat-naturalne-kosmetyki-celestin","7":"product_cat-kosmetyki-do-kapieli","9":"first","10":"instock","11":"taxable","12":"shipping-taxable","13":"purchasable","14":"product-type-simple"},"aioseo_notices":[],"_links":{"self":[{"href":"https:\/\/uzdrowisko-rymanow.com.pl\/sklep\/wp-json\/wp\/v2\/product\/237","targetHints":{"allow":["GET"]}}],"collection":[{"href":"https:\/\/uzdrowisko-rymanow.com.pl\/sklep\/wp-json\/wp\/v2\/product"}],"about":[{"href":"https:\/\/uzdrowisko-rymanow.com.pl\/sklep\/wp-json\/wp\/v2\/types\/product"}],"replies":[{"embeddable":true,"href":"https:\/\/uzdrowisko-rymanow.com.pl\/sklep\/wp-json\/wp\/v2\/comments?post=237"}],"wp:featuredmedia":[{"embeddable":true,"href":"https:\/\/uzdrowisko-rymanow.com.pl\/sklep\/wp-json\/wp\/v2\/media\/14856"}],"wp:attachment":[{"href":"https:\/\/uzdrowisko-rymanow.com.pl\/sklep\/wp-json\/wp\/v2\/media?parent=237"}],"wp:term":[{"taxonomy":"product_brand","embeddable":true,"href":"https:\/\/uzdrowisko-rymanow.com.pl\/sklep\/wp-json\/wp\/v2\/product_brand?post=237"},{"taxonomy":"product_cat","embeddable":true,"href":"https:\/\/uzdrowisko-rymanow.com.pl\/sklep\/wp-json\/wp\/v2\/product_cat?post=237"},{"taxonomy":"product_tag","embeddable":true,"href":"https:\/\/uzdrowisko-rymanow.com.pl\/sklep\/wp-json\/wp\/v2\/product_tag?post=237"}],"curies":[{"name":"wp","href":"https:\/\/api.w.org\/{rel}","templated":true}]}}