{"id":233,"date":"2018-09-03T08:08:34","date_gmt":"2018-09-03T06:08:34","guid":{"rendered":"https:\/\/uzdrowisko-rymanow.com.pl\/sklep\/?post_type=product&#038;p=233"},"modified":"2026-02-06T14:24:19","modified_gmt":"2026-02-06T13:24:19","slug":"mleczko-do-demakijazu-250ml","status":"publish","type":"product","link":"https:\/\/uzdrowisko-rymanow.com.pl\/sklep\/produkt\/mleczko-do-demakijazu-250ml\/","title":{"rendered":"Mleczko do demakija\u017cu &#8211; 250 ml"},"content":{"rendered":"<p><strong>Nawil\u017caj\u0105ce mleczko do demakija\u017cu<\/strong> z dodatkiem w\u00f3d mineralnych z Rymanowa Zdroju, olejku arganowego z EcoCertem, olej\u00f3w ro\u015blinnych (avocado z EcoCertem, jojoba, oliwa z oliwek) z mas\u0142em Shea z EcoCertem z dodatkiem wyci\u0105g\u00f3w z polskich zi\u00f3\u0142 (rumianek \u2013 dzia\u0142anie koj\u0105ce, \u0142agodz\u0105ce podra\u017cnienia, nagietek- dzia\u0142anie przeciwzapalne, \u0142agodz\u0105ce, pokrzywa \u2013 dzia\u0142anie wzmacniaj\u0105ce, wyci\u0105g z siemienia lnianego- dzia\u0142anie os\u0142aniaj\u0105ce, zmi\u0119kczaj\u0105ce sk\u00f3r\u0119 i od\u017cywcze), wzbogacone kompleksem witamin A,E,F poprawiaj\u0105cych kondycj\u0119 i wygl\u0105d sk\u00f3ry.<\/p>\n<p><strong>Sk\u0142adniki:<\/strong> Aqua, Caprylic\/Capric Triglyceride, , Glycerin, Butyrospermum Parkii Butter, Persea Gratissima Oil, Cyclopentasilioxane, Celearyl Alcohol, Glyceryl Stearate SE, PEG-20 Stearate, Argania Spinosa Kernel Oil, Simmondsia Chinensis Seed Oil, Olea Europaea Friut Oil, Cetyl Alcohol, Sodium Polyacrylate, Dimethicone, Aloe Barbadenis Leaf Juice Powder, Panthenol, Propylene Glycol, Chamomilla Recutita Flower Extract, Phenoxyethanol, Benzoic Acid, Dehyrdoacetic Acid, Parfum, Benzyl Benzoale, Benzyl Salicylate, Cinnamyl Alcohol, Citronellol, Coumarin, Geraniol, Hexyl Cinnamal, Linalool.<\/p>\n","protected":false},"excerpt":{"rendered":"<p>Nawil\u017caj\u0105ce mleczko do demakija\u017cu z dodatkiem w\u00f3d mineralnych z Rymanowa Zdroju, olejku arganowego z EcoCertem, olej\u00f3w ro\u015blinnych (avocado z EcoCertem, jojoba, oliwa z oliwek) z mas\u0142em Shea z EcoCertem z dodatkiem wyci\u0105g\u00f3w z polskich zi\u00f3\u0142 (rumianek \u2013 dzia\u0142anie koj\u0105ce, \u0142agodz\u0105ce podra\u017cnienia, nagietek- dzia\u0142anie przeciwzapalne, \u0142agodz\u0105ce, pokrzywa \u2013 dzia\u0142anie wzmacniaj\u0105ce, wyci\u0105g z siemienia lnianego- dzia\u0142anie os\u0142aniaj\u0105ce, [&hellip;]<\/p>\n","protected":false},"featured_media":14853,"comment_status":"open","ping_status":"closed","template":"","meta":[],"product_brand":[],"product_cat":[160,162],"product_tag":[],"class_list":{"0":"post-233","1":"product","2":"type-product","3":"status-publish","4":"has-post-thumbnail","6":"product_cat-naturalne-kosmetyki-celestin","7":"product_cat-pielegnacja-twarzy","9":"first","10":"instock","11":"taxable","12":"shipping-taxable","13":"purchasable","14":"product-type-simple"},"aioseo_notices":[],"_links":{"self":[{"href":"https:\/\/uzdrowisko-rymanow.com.pl\/sklep\/wp-json\/wp\/v2\/product\/233","targetHints":{"allow":["GET"]}}],"collection":[{"href":"https:\/\/uzdrowisko-rymanow.com.pl\/sklep\/wp-json\/wp\/v2\/product"}],"about":[{"href":"https:\/\/uzdrowisko-rymanow.com.pl\/sklep\/wp-json\/wp\/v2\/types\/product"}],"replies":[{"embeddable":true,"href":"https:\/\/uzdrowisko-rymanow.com.pl\/sklep\/wp-json\/wp\/v2\/comments?post=233"}],"wp:featuredmedia":[{"embeddable":true,"href":"https:\/\/uzdrowisko-rymanow.com.pl\/sklep\/wp-json\/wp\/v2\/media\/14853"}],"wp:attachment":[{"href":"https:\/\/uzdrowisko-rymanow.com.pl\/sklep\/wp-json\/wp\/v2\/media?parent=233"}],"wp:term":[{"taxonomy":"product_brand","embeddable":true,"href":"https:\/\/uzdrowisko-rymanow.com.pl\/sklep\/wp-json\/wp\/v2\/product_brand?post=233"},{"taxonomy":"product_cat","embeddable":true,"href":"https:\/\/uzdrowisko-rymanow.com.pl\/sklep\/wp-json\/wp\/v2\/product_cat?post=233"},{"taxonomy":"product_tag","embeddable":true,"href":"https:\/\/uzdrowisko-rymanow.com.pl\/sklep\/wp-json\/wp\/v2\/product_tag?post=233"}],"curies":[{"name":"wp","href":"https:\/\/api.w.org\/{rel}","templated":true}]}}