{"id":231,"date":"2018-09-03T08:06:36","date_gmt":"2018-09-03T06:06:36","guid":{"rendered":"https:\/\/uzdrowisko-rymanow.com.pl\/sklep\/?post_type=product&#038;p=231"},"modified":"2026-02-06T14:24:42","modified_gmt":"2026-02-06T13:24:42","slug":"krem-do-twarzy-50ml","status":"publish","type":"product","link":"https:\/\/uzdrowisko-rymanow.com.pl\/sklep\/produkt\/krem-do-twarzy-50ml\/","title":{"rendered":"Krem do twarzy &#8211; 50 ml"},"content":{"rendered":"<p><strong>Wyg\u0142adzaj\u0105co \u2013 od\u017cywczy krem do twarzy<\/strong> na bazie w\u00f3d mineralnych Rymanowa Zdroju , mas\u0142a Shea z EcoCertem , olejku arganowego z EcoCertem , wzbogacony mieszanin\u0105 olej\u00f3w ro\u015blinnych (avocado z EcoCertem , jojoba) z dodatkiem polskich zi\u00f3\u0142 (rumianek \u2013 dzia\u0142anie koj\u0105ce i \u0142agodz\u0105ce podra\u017cnienia, nagietek- dzia\u0142anie przeciwzapalne, pokrzywa \u2013 dzia\u0142anie wzmacniaj\u0105ce, wyci\u0105g z siemienia lnianego- dzia\u0142anie os\u0142aniaj\u0105ce, zmi\u0119kczaj\u0105ce sk\u00f3r\u0119). Wszystko to stanowi o doskona\u0142ych w\u0142a\u015bciwo\u015bciach od\u017cywczych kremu. Dodatek kompleksu witamin (A,E,F) sprawia, \u017ce po zastosowaniu kremu sk\u00f3ra jest widocznie m\u0142odsza. Krem stosowa\u0107 do codziennej piel\u0119gnacji, szczeg\u00f3lnie polecany do cery delikatnej i wra\u017cliwej.<\/p>\n<p><strong>Sk\u0142adniki: <\/strong>Aqua, Butyrospermum Parkii Butter, Hydrogenated Polydecene, Cetearyl Alcohol, Propylene Glycol, Panthenol, Argania Spinosa Kernel Oil, Simmonddsia Chinensis Seed Oil, Persea Gratissima OIl, Olus Oil, PEG-20 Stearate, Aloe Barbadensis Leaf Juice Powder, Chamomilla Recutita Flower Extract, Calendula officinalis Flower Extract, Utrica Dioica Leaf Extra, Linum Usitatissimum Seed Extract, Tocopheryl Acetate, Tocopherol, Sodium Polyacrylate, Citric Acid, Phenoxyethanol, Benzoic Acid, Dehydroacetic Acid, Parfum, Benzyl Alcohol, Benzyl Benzoate, Benzyl Salicylate, Cinnamyl Alcohol, Citronellol, Coumarin, Geraniol, Hexyl Cinnamal, Linalool, Terpineol, Dimethyl Phenethyl Acetate, Linalyl Acetate, Eucalyptus Globulus Oil.<\/p>\n","protected":false},"excerpt":{"rendered":"<p>Wyg\u0142adzaj\u0105co \u2013 od\u017cywczy krem do twarzy na bazie w\u00f3d mineralnych Rymanowa Zdroju , mas\u0142a Shea z EcoCertem , olejku arganowego z EcoCertem , wzbogacony mieszanin\u0105 olej\u00f3w ro\u015blinnych (avocado z EcoCertem , jojoba) z dodatkiem polskich zi\u00f3\u0142 (rumianek \u2013 dzia\u0142anie koj\u0105ce i \u0142agodz\u0105ce podra\u017cnienia, nagietek- dzia\u0142anie przeciwzapalne, pokrzywa \u2013 dzia\u0142anie wzmacniaj\u0105ce, wyci\u0105g z siemienia lnianego- dzia\u0142anie [&hellip;]<\/p>\n","protected":false},"featured_media":14844,"comment_status":"open","ping_status":"closed","template":"","meta":[],"product_brand":[],"product_cat":[160,162],"product_tag":[],"class_list":{"0":"post-231","1":"product","2":"type-product","3":"status-publish","4":"has-post-thumbnail","6":"product_cat-naturalne-kosmetyki-celestin","7":"product_cat-pielegnacja-twarzy","9":"first","10":"instock","11":"taxable","12":"shipping-taxable","13":"purchasable","14":"product-type-simple"},"aioseo_notices":[],"_links":{"self":[{"href":"https:\/\/uzdrowisko-rymanow.com.pl\/sklep\/wp-json\/wp\/v2\/product\/231","targetHints":{"allow":["GET"]}}],"collection":[{"href":"https:\/\/uzdrowisko-rymanow.com.pl\/sklep\/wp-json\/wp\/v2\/product"}],"about":[{"href":"https:\/\/uzdrowisko-rymanow.com.pl\/sklep\/wp-json\/wp\/v2\/types\/product"}],"replies":[{"embeddable":true,"href":"https:\/\/uzdrowisko-rymanow.com.pl\/sklep\/wp-json\/wp\/v2\/comments?post=231"}],"wp:featuredmedia":[{"embeddable":true,"href":"https:\/\/uzdrowisko-rymanow.com.pl\/sklep\/wp-json\/wp\/v2\/media\/14844"}],"wp:attachment":[{"href":"https:\/\/uzdrowisko-rymanow.com.pl\/sklep\/wp-json\/wp\/v2\/media?parent=231"}],"wp:term":[{"taxonomy":"product_brand","embeddable":true,"href":"https:\/\/uzdrowisko-rymanow.com.pl\/sklep\/wp-json\/wp\/v2\/product_brand?post=231"},{"taxonomy":"product_cat","embeddable":true,"href":"https:\/\/uzdrowisko-rymanow.com.pl\/sklep\/wp-json\/wp\/v2\/product_cat?post=231"},{"taxonomy":"product_tag","embeddable":true,"href":"https:\/\/uzdrowisko-rymanow.com.pl\/sklep\/wp-json\/wp\/v2\/product_tag?post=231"}],"curies":[{"name":"wp","href":"https:\/\/api.w.org\/{rel}","templated":true}]}}