{"id":229,"date":"2018-09-03T08:04:02","date_gmt":"2018-09-03T06:04:02","guid":{"rendered":"https:\/\/uzdrowisko-rymanow.com.pl\/sklep\/?post_type=product&#038;p=229"},"modified":"2026-02-06T14:25:33","modified_gmt":"2026-02-06T13:25:33","slug":"krem-do-stop-70ml","status":"publish","type":"product","link":"https:\/\/uzdrowisko-rymanow.com.pl\/sklep\/produkt\/krem-do-stop-70ml\/","title":{"rendered":"Krem do st\u00f3p &#8211; 70 ml"},"content":{"rendered":"<p><strong>Masuj\u0105cy krem do st\u00f3p<\/strong>\u00a0na bazie mas\u0142a Shea z EcoCertem , olejku arganowego z EcoCertem i w\u00f3d mineralnych Rymanowa Zdroju z dodatkiem polskich zi\u00f3\u0142 (rumianek \u2013 dzia\u0142anie koj\u0105ce, \u0142agodz\u0105ce podra\u017cnienia, nagietek- dzia\u0142anie przeciwzapalne, pokrzywa \u2013 dzia\u0142anie wzmacniaj\u0105ce, wyci\u0105g z siemienia lnianego- dzia\u0142anie os\u0142aniaj\u0105ce, zmi\u0119kczaj\u0105ce sk\u00f3r\u0119 i od\u017cywcze, rozmaryn \u2013 dzia\u0142anie dezynfekuj\u0105ce) z dodatkiem kompleksu witamin A,E,F , kt\u00f3ry regeneruje sk\u00f3r\u0119 i uodparnia j\u0105 na dzia\u0142anie czynnik\u00f3w zewn\u0119trznych. Krem mocno od\u017cywiaj\u0105cy , nios\u0105cy ulg\u0119 dla zm\u0119czonych st\u00f3p, polecany do masa\u017cu st\u00f3p.<\/p>\n<p><strong>Sk\u0142adniki: <\/strong>Aqua, Glycerin, Butyrospermum Parkii Butter, Cetearyl Alcohol, Glycerin, Urea, Glyceryl Stearate SE, Persea Gratissima Oil, Ceteareth-20, Parfum, Argania Spinosa Kernel Oil, Dimethicone, Triticum Vulgare Germ Oil, Chamomilla Recutita Flower Extract, Calendula Officinalis Flower Extract, Urtica Dioica Leaf Extract, Linum Usitatissimum Seed Extract, Allantoin, Tocopheryl Acetate, Sodium Polyacrylate, Phenoxyethanol, Benzoic Acid, Dehydroacetic Acid, Benzyl Alcohol, Benzyl Benzoate, Benzyl Salicylate, Cinnamyl Alcohol, Citronellol, Coumarin, Geraniol, Hexyl Cinnamal, Hydroxycitronellal, Limonene, Beta-Caryophyllenne, Carvone, Dimethyl Phenethyl Acetate, Linalyl Acetate, Menthol, Trimethylbenzenepropanol, Juniperus Virginiana Oil, Cananga Odorata Oil\/Extract, Eucalyptus Globulus Oil, Pinene.<\/p>\n","protected":false},"excerpt":{"rendered":"<p>Masuj\u0105cy krem do st\u00f3p\u00a0na bazie mas\u0142a Shea z EcoCertem , olejku arganowego z EcoCertem i w\u00f3d mineralnych Rymanowa Zdroju z dodatkiem polskich zi\u00f3\u0142 (rumianek \u2013 dzia\u0142anie koj\u0105ce, \u0142agodz\u0105ce podra\u017cnienia, nagietek- dzia\u0142anie przeciwzapalne, pokrzywa \u2013 dzia\u0142anie wzmacniaj\u0105ce, wyci\u0105g z siemienia lnianego- dzia\u0142anie os\u0142aniaj\u0105ce, zmi\u0119kczaj\u0105ce sk\u00f3r\u0119 i od\u017cywcze, rozmaryn \u2013 dzia\u0142anie dezynfekuj\u0105ce) z dodatkiem kompleksu witamin A,E,F [&hellip;]<\/p>\n","protected":false},"featured_media":14841,"comment_status":"open","ping_status":"closed","template":"","meta":[],"product_brand":[],"product_cat":[160,161],"product_tag":[],"class_list":{"0":"post-229","1":"product","2":"type-product","3":"status-publish","4":"has-post-thumbnail","6":"product_cat-naturalne-kosmetyki-celestin","7":"product_cat-pielegnacja-ciala","9":"first","10":"instock","11":"taxable","12":"shipping-taxable","13":"purchasable","14":"product-type-simple"},"aioseo_notices":[],"_links":{"self":[{"href":"https:\/\/uzdrowisko-rymanow.com.pl\/sklep\/wp-json\/wp\/v2\/product\/229","targetHints":{"allow":["GET"]}}],"collection":[{"href":"https:\/\/uzdrowisko-rymanow.com.pl\/sklep\/wp-json\/wp\/v2\/product"}],"about":[{"href":"https:\/\/uzdrowisko-rymanow.com.pl\/sklep\/wp-json\/wp\/v2\/types\/product"}],"replies":[{"embeddable":true,"href":"https:\/\/uzdrowisko-rymanow.com.pl\/sklep\/wp-json\/wp\/v2\/comments?post=229"}],"wp:featuredmedia":[{"embeddable":true,"href":"https:\/\/uzdrowisko-rymanow.com.pl\/sklep\/wp-json\/wp\/v2\/media\/14841"}],"wp:attachment":[{"href":"https:\/\/uzdrowisko-rymanow.com.pl\/sklep\/wp-json\/wp\/v2\/media?parent=229"}],"wp:term":[{"taxonomy":"product_brand","embeddable":true,"href":"https:\/\/uzdrowisko-rymanow.com.pl\/sklep\/wp-json\/wp\/v2\/product_brand?post=229"},{"taxonomy":"product_cat","embeddable":true,"href":"https:\/\/uzdrowisko-rymanow.com.pl\/sklep\/wp-json\/wp\/v2\/product_cat?post=229"},{"taxonomy":"product_tag","embeddable":true,"href":"https:\/\/uzdrowisko-rymanow.com.pl\/sklep\/wp-json\/wp\/v2\/product_tag?post=229"}],"curies":[{"name":"wp","href":"https:\/\/api.w.org\/{rel}","templated":true}]}}