{"id":224,"date":"2018-09-03T07:54:32","date_gmt":"2018-09-03T05:54:32","guid":{"rendered":"https:\/\/uzdrowisko-rymanow.com.pl\/sklep\/?post_type=product&#038;p=224"},"modified":"2026-02-06T14:25:53","modified_gmt":"2026-02-06T13:25:53","slug":"krem-do-rak-70ml","status":"publish","type":"product","link":"https:\/\/uzdrowisko-rymanow.com.pl\/sklep\/produkt\/krem-do-rak-70ml\/","title":{"rendered":"Krem do r\u0105k &#8211; 70 ml"},"content":{"rendered":"<p><strong>Regeneruj\u0105co \u2013 od\u017cywczy krem do r\u0105k<\/strong>\u00a0na bazie certyfikowanego EcoCertem mas\u0142a Shea , w\u00f3d mineralnych Rymanowa Zdroju , z olejkiem arganowym EcoCert i polskimi zio\u0142ami (rumianek \u2013 dzia\u0142anie koj\u0105ce i \u0142agodz\u0105ce podra\u017cnienia, nagietek- dzia\u0142anie koj\u0105ce, pokrzywa \u2013 dzia\u0142anie wzmacniaj\u0105ce, wyci\u0105g z siemienia lnianego- dzia\u0142anie os\u0142aniaj\u0105ce, zmi\u0119kczaj\u0105ce sk\u00f3r\u0119). Krem do codziennej piel\u0119gnacji r\u0105k, doskonale od\u017cywia i regeneruje sk\u00f3r\u0119 nawet bardzo zniszczonych d\u0142oni, przywraca\u00a0 im g\u0142adko\u015b\u0107 i aksamitny dotyk<strong>.<\/strong><\/p>\n<p><strong>Sk\u0142adniki: <\/strong>Aqua, Butyrospermum Parkii Butter, Glycerin, Cetearyl Alcohol, Glyceryl Stearate SE, Urea,\u00a0 Parfum, Persea Gratissima Oil, Olus Oil, Ceteareth-20, , Argania Spinosa Kernel Oil, Olea Europaea Husk Oil, Olea Europaea Fruit Oil, Calendula Officinalis Flower Extract, Chamomilla Recutita Flower Extract, Urtica Dioica Leaf Extract, Linum Usitatissimum Seed Extract, Propylene Glycol, Tocopheryl Acetate, Tocopherol, Panthenol, Sodium Polyacrylate, Citric Acid, , Phenoxyethanol, Benzoic Acid, Dehydroacetic Acid, Benzyl Alcohol, Benzyl Benzoate, Benzyl Salicylate, Cinnamyl Alcohol, Citronellol, Coumarin, Geraniol, Hexyl Cinnamal, Hydroxycitronellal, Limonene, Linalool, Terpineol, Amyl Salicylate, Camphor, Beta-Caryophyllene, Carvone, Dimethyl Phenethyl Acetate, Linalyl Acetate, Menthol, Trimethylbenzenepropanol, Juniperus Virginiana Oil, Cananga Odorata Oil\/Extract, Eucalyptus Globulus Oil, Pinene.<\/p>\n","protected":false},"excerpt":{"rendered":"<p>Regeneruj\u0105co \u2013 od\u017cywczy krem do r\u0105k\u00a0na bazie certyfikowanego EcoCertem mas\u0142a Shea , w\u00f3d mineralnych Rymanowa Zdroju , z olejkiem arganowym EcoCert i polskimi zio\u0142ami (rumianek \u2013 dzia\u0142anie koj\u0105ce i \u0142agodz\u0105ce podra\u017cnienia, nagietek- dzia\u0142anie koj\u0105ce, pokrzywa \u2013 dzia\u0142anie wzmacniaj\u0105ce, wyci\u0105g z siemienia lnianego- dzia\u0142anie os\u0142aniaj\u0105ce, zmi\u0119kczaj\u0105ce sk\u00f3r\u0119). Krem do codziennej piel\u0119gnacji r\u0105k, doskonale od\u017cywia i regeneruje [&hellip;]<\/p>\n","protected":false},"featured_media":14838,"comment_status":"open","ping_status":"closed","template":"","meta":[],"product_brand":[],"product_cat":[160,161],"product_tag":[],"class_list":{"0":"post-224","1":"product","2":"type-product","3":"status-publish","4":"has-post-thumbnail","6":"product_cat-naturalne-kosmetyki-celestin","7":"product_cat-pielegnacja-ciala","9":"first","10":"instock","11":"taxable","12":"shipping-taxable","13":"purchasable","14":"product-type-simple"},"aioseo_notices":[],"_links":{"self":[{"href":"https:\/\/uzdrowisko-rymanow.com.pl\/sklep\/wp-json\/wp\/v2\/product\/224","targetHints":{"allow":["GET"]}}],"collection":[{"href":"https:\/\/uzdrowisko-rymanow.com.pl\/sklep\/wp-json\/wp\/v2\/product"}],"about":[{"href":"https:\/\/uzdrowisko-rymanow.com.pl\/sklep\/wp-json\/wp\/v2\/types\/product"}],"replies":[{"embeddable":true,"href":"https:\/\/uzdrowisko-rymanow.com.pl\/sklep\/wp-json\/wp\/v2\/comments?post=224"}],"wp:featuredmedia":[{"embeddable":true,"href":"https:\/\/uzdrowisko-rymanow.com.pl\/sklep\/wp-json\/wp\/v2\/media\/14838"}],"wp:attachment":[{"href":"https:\/\/uzdrowisko-rymanow.com.pl\/sklep\/wp-json\/wp\/v2\/media?parent=224"}],"wp:term":[{"taxonomy":"product_brand","embeddable":true,"href":"https:\/\/uzdrowisko-rymanow.com.pl\/sklep\/wp-json\/wp\/v2\/product_brand?post=224"},{"taxonomy":"product_cat","embeddable":true,"href":"https:\/\/uzdrowisko-rymanow.com.pl\/sklep\/wp-json\/wp\/v2\/product_cat?post=224"},{"taxonomy":"product_tag","embeddable":true,"href":"https:\/\/uzdrowisko-rymanow.com.pl\/sklep\/wp-json\/wp\/v2\/product_tag?post=224"}],"curies":[{"name":"wp","href":"https:\/\/api.w.org\/{rel}","templated":true}]}}