{"id":218,"date":"2018-09-03T07:44:21","date_gmt":"2018-09-03T05:44:21","guid":{"rendered":"https:\/\/uzdrowisko-rymanow.com.pl\/sklep\/?post_type=product&#038;p=218"},"modified":"2026-02-06T14:26:14","modified_gmt":"2026-02-06T13:26:14","slug":"przeciwzmarszczkowy-krem-pod-oczy-30ml","status":"publish","type":"product","link":"https:\/\/uzdrowisko-rymanow.com.pl\/sklep\/produkt\/przeciwzmarszczkowy-krem-pod-oczy-30ml\/","title":{"rendered":"Przeciwzmarszczkowy krem pod oczy &#8211; 30 ml"},"content":{"rendered":"<p><strong>Luksusowy krem przeciwzmarszczowy pod oczy<\/strong> doskonale piel\u0119gnuje delikatn\u0105 sk\u00f3r\u0119 wok\u00f3\u0142 oczu.\u00a0 Zawarto\u015b\u0107 z\u0142ota 24k, olejk\u00f3w arganowego i awokado oraz mas\u0142a Shea z EcoCert zapewnia kompleksowe dzia\u0142anie. Intensywnie nawil\u017ca, nat\u0142uszcza i od\u017cywia sk\u00f3r\u0119, napina j\u0105 i uj\u0119drnia, b\u0142yskawicznie redukuje zmarszczki, zapobiega powstawaniu nowych, \u0142agodzi podra\u017cnienia. Spojrzenie odzyskuje m\u0142odzie\u0144czy blask i \u015bwie\u017co\u015b\u0107.<\/p>\n<p><strong>Sk\u0142adniki: <\/strong>Aqua, Dicaprylyl Ether, Caprylic\/Capric Triglyceride, Isostearyl Isostearate, Glycerin, Persea Gratissima Oil, Argania Spinosa Kernel Oil, Isopropyl Palmitate, Glyceryl Stearate SE, Cetearyl Alcohol, Stearic Acid, Sodium Lauroyl Glutamate, Polymethylsilsesquioxane, Tocopheryl Acetate, Panthenol, Sodium Acrytate\/Sodium Acryloydimethyl, Taurate Copolymer, Gold, Hydrolyzed Wheat Protein, Isohexadecane, Polysorbate 80, Palmitoyl Tripeptide-38, Hydroxypropyl Cyclodextrin, Butyrospermum Parkii Butter, Phenoxyethanol, Ethylheexylglycerin, CI19140, CI15985.<\/p>\n","protected":false},"excerpt":{"rendered":"<p>Luksusowy krem przeciwzmarszczowy pod oczy doskonale piel\u0119gnuje delikatn\u0105 sk\u00f3r\u0119 wok\u00f3\u0142 oczu.\u00a0 Zawarto\u015b\u0107 z\u0142ota 24k, olejk\u00f3w arganowego i awokado oraz mas\u0142a Shea z EcoCert zapewnia kompleksowe dzia\u0142anie. Intensywnie nawil\u017ca, nat\u0142uszcza i od\u017cywia sk\u00f3r\u0119, napina j\u0105 i uj\u0119drnia, b\u0142yskawicznie redukuje zmarszczki, zapobiega powstawaniu nowych, \u0142agodzi podra\u017cnienia. Spojrzenie odzyskuje m\u0142odzie\u0144czy blask i \u015bwie\u017co\u015b\u0107. Sk\u0142adniki: Aqua, Dicaprylyl Ether, Caprylic\/Capric [&hellip;]<\/p>\n","protected":false},"featured_media":15105,"comment_status":"open","ping_status":"closed","template":"","meta":[],"product_brand":[],"product_cat":[160,162,166],"product_tag":[],"class_list":{"0":"post-218","1":"product","2":"type-product","3":"status-publish","4":"has-post-thumbnail","6":"product_cat-naturalne-kosmetyki-celestin","7":"product_cat-pielegnacja-twarzy","8":"product_cat-seria-medlife","10":"first","11":"instock","12":"taxable","13":"shipping-taxable","14":"purchasable","15":"product-type-simple"},"aioseo_notices":[],"_links":{"self":[{"href":"https:\/\/uzdrowisko-rymanow.com.pl\/sklep\/wp-json\/wp\/v2\/product\/218","targetHints":{"allow":["GET"]}}],"collection":[{"href":"https:\/\/uzdrowisko-rymanow.com.pl\/sklep\/wp-json\/wp\/v2\/product"}],"about":[{"href":"https:\/\/uzdrowisko-rymanow.com.pl\/sklep\/wp-json\/wp\/v2\/types\/product"}],"replies":[{"embeddable":true,"href":"https:\/\/uzdrowisko-rymanow.com.pl\/sklep\/wp-json\/wp\/v2\/comments?post=218"}],"wp:featuredmedia":[{"embeddable":true,"href":"https:\/\/uzdrowisko-rymanow.com.pl\/sklep\/wp-json\/wp\/v2\/media\/15105"}],"wp:attachment":[{"href":"https:\/\/uzdrowisko-rymanow.com.pl\/sklep\/wp-json\/wp\/v2\/media?parent=218"}],"wp:term":[{"taxonomy":"product_brand","embeddable":true,"href":"https:\/\/uzdrowisko-rymanow.com.pl\/sklep\/wp-json\/wp\/v2\/product_brand?post=218"},{"taxonomy":"product_cat","embeddable":true,"href":"https:\/\/uzdrowisko-rymanow.com.pl\/sklep\/wp-json\/wp\/v2\/product_cat?post=218"},{"taxonomy":"product_tag","embeddable":true,"href":"https:\/\/uzdrowisko-rymanow.com.pl\/sklep\/wp-json\/wp\/v2\/product_tag?post=218"}],"curies":[{"name":"wp","href":"https:\/\/api.w.org\/{rel}","templated":true}]}}