{"id":15815,"date":"2026-03-05T13:52:29","date_gmt":"2026-03-05T12:52:29","guid":{"rendered":"https:\/\/uzdrowisko-rymanow.com.pl\/sklep\/?post_type=product&#038;p=15815"},"modified":"2026-03-09T08:07:27","modified_gmt":"2026-03-09T07:07:27","slug":"zestaw-zlota-seria","status":"publish","type":"product","link":"https:\/\/uzdrowisko-rymanow.com.pl\/sklep\/produkt\/zestaw-zlota-seria\/","title":{"rendered":"Zestaw &#8220;Z\u0142ota Seria&#8221;"},"content":{"rendered":"<div class=\"c pg-1x0 pg-1y1 pg-1w2 pg-1h2\">\n<div class=\"c pg-1x0 pg-1y1 pg-1w2 pg-1h2\">\n<div class=\"c pg-1x0 pg-1y1 pg-1w2 pg-1h2\">\n<div class=\"t pg-1m0 pg-1x1 pg-1h3 pg-1y2 pg-1ff1 pg-1fs0 pg-1fc0 pg-1sc0 pg-1ls0 pg-1ws0\"><strong>Z\u0142ota Seria \u2013 wiosenny zestaw piel\u0119gnacyjny<\/strong><\/div>\n<div class=\"t pg-1m0 pg-1x1 pg-1h4 pg-1y3 pg-1ff2 pg-1fs0 pg-1fc0 pg-1sc0 pg-1ls0 pg-1ws0\">Podaruj sobie lub bliskiej osobie odrobin\u0119 luksusu. <strong><span class=\"pg-1ff1\">Z\u0142ota Seria <\/span><\/strong>to starannie skomponowany zestaw kosmetyk\u00f3w, kt\u00f3ry\u00a0piel\u0119gnuje sk\u00f3r\u0119, nawil\u017ca j\u0105 i przywraca jej naturalny blask.<\/div>\n<div class=\"t pg-1m0 pg-1x1 pg-1h4 pg-1y6 pg-1ff2 pg-1fs0 pg-1fc0 pg-1sc0 pg-1ls0 pg-1ws0\">Idealny jako elegancki, wiosenny prezent.<\/div>\n<div><\/div>\n<div class=\"t pg-1m0 pg-1x1 pg-1h3 pg-1y7 pg-1ff1 pg-1fs0 pg-1fc0 pg-1sc0 pg-1ls0 pg-1ws0\"><strong>W sk\u0142ad zestawu wchodz\u0105:<\/strong><\/div>\n<ul>\n<li class=\"t pg-1m0 pg-1x2 pg-1h4 pg-1y8 pg-1ff3 pg-1fs1 pg-1fc0 pg-1sc0 pg-1ls0 pg-1ws0\"><span class=\"pg-1ff1 pg-1fs0\"><strong>Mleczko do demakija\u017cu<\/strong><span class=\"pg-1ff2\"> \u2013 delikatnie usuwa makija\u017c i <\/span><\/span>zanieczyszczenia, pozostawiaj\u0105c sk\u00f3r\u0119 mi\u0119kk\u0105 i oczyszczon\u0105.<\/li>\n<li class=\"t pg-1m0 pg-1x2 pg-1h4 pg-1yb pg-1ff3 pg-1fs1 pg-1fc0 pg-1sc0 pg-1ls0 pg-1ws0\"><span class=\"pg-1ff1 pg-1fs0\"><strong>Balsam do cia\u0142a<\/strong><span class=\"pg-1ff2\"> \u2013 od\u017cywia i regeneruje sk\u00f3r\u0119, <\/span><\/span>nadaj\u0105c jej jedwabist\u0105 g\u0142adko\u015b\u0107.<\/li>\n<li class=\"t pg-1m0 pg-1x2 pg-1h4 pg-1yd pg-1ff3 pg-1fs1 pg-1fc0 pg-1sc0 pg-1ls0 pg-1ws0\"><span class=\"pg-1ff1 pg-1fs0\"><strong>Krem przeciwzmarszczkowy do twarzy<\/strong><span class=\"pg-1ff2\"> \u2013 wspiera <\/span><\/span>redukcj\u0119 zmarszczek, uj\u0119drnia i przywraca sk\u00f3rze\u00a0m\u0142odzie\u0144czy wygl\u0105d.<\/li>\n<li class=\"t pg-1m0 pg-1x2 pg-1h4 pg-1y10 pg-1ff3 pg-1fs1 pg-1fc0 pg-1sc0 pg-1ls0 pg-1ws0\"><span class=\"pg-1ff1 pg-1fs0\"><strong>Krem pod oczy<\/strong><span class=\"pg-1ff2\"> \u2013 redukuje cienie, wyg\u0142adza i <\/span><\/span>poprawia elastyczno\u015b\u0107 delikatnej sk\u00f3ry wok\u00f3\u0142 oczu.<\/li>\n<li class=\"t pg-1m0 pg-1x2 pg-1h4 pg-1y12 pg-1ff3 pg-1fs1 pg-1fc0 pg-1sc0 pg-1ls0 pg-1ws0\"><span class=\"pg-1ff1 pg-1fs0\"><strong>Aromatyczna kula k\u0105pielowa<\/strong><span class=\"pg-1ff2\"> \u2013 subtelny zapach i relaksuj\u0105ca piana zamieniaj\u0105 ka\u017cd\u0105 k\u0105piel w <\/span><\/span>domowe SPA.<\/li>\n<\/ul>\n<div class=\"t pg-1m0 pg-1x1 pg-1h4 pg-1y14 pg-1ff2 pg-1fs0 pg-1fc0 pg-1sc0 pg-1ls0 pg-1ws0\">Zestaw zapakowany jest w eleganckie pude\u0142ko, gotowy do wr\u0119czenia jako prezent.<\/div>\n<div class=\"t pg-1m0 pg-1x1 pg-1h4 pg-1y15 pg-1ff1 pg-1fs0 pg-1fc0 pg-1sc0 pg-1ls0 pg-1ws0\"><strong>Z\u0142ota Seria<\/strong><span class=\"pg-1ff2\"> to doskona\u0142y wyb\u00f3r dla os\u00f3b, kt\u00f3re ceni\u0105 \u015bwiadom\u0105 piel\u0119gnacj\u0119, relaks i luksus w <\/span>codziennych rytua\u0142ach.<\/div>\n<\/div>\n<\/div>\n<\/div>\n","protected":false},"excerpt":{"rendered":"<p>Z\u0142ota Seria \u2013 wiosenny zestaw piel\u0119gnacyjny Podaruj sobie lub bliskiej osobie odrobin\u0119 luksusu. Z\u0142ota Seria to starannie skomponowany zestaw kosmetyk\u00f3w, kt\u00f3ry\u00a0piel\u0119gnuje sk\u00f3r\u0119, nawil\u017ca j\u0105 i przywraca jej naturalny blask. Idealny jako elegancki, wiosenny prezent. W sk\u0142ad zestawu wchodz\u0105: Mleczko do demakija\u017cu \u2013 delikatnie usuwa makija\u017c i zanieczyszczenia, pozostawiaj\u0105c sk\u00f3r\u0119 mi\u0119kk\u0105 i oczyszczon\u0105. Balsam do cia\u0142a [&hellip;]<\/p>\n","protected":false},"featured_media":15816,"comment_status":"open","ping_status":"closed","template":"","meta":[],"product_brand":[],"product_cat":[160,180],"product_tag":[],"class_list":{"0":"post-15815","1":"product","2":"type-product","3":"status-publish","4":"has-post-thumbnail","6":"product_cat-naturalne-kosmetyki-celestin","7":"product_cat-zestawy-wiosenne","9":"first","10":"instock","11":"taxable","12":"shipping-taxable","13":"purchasable","14":"product-type-simple"},"aioseo_notices":[],"_links":{"self":[{"href":"https:\/\/uzdrowisko-rymanow.com.pl\/sklep\/wp-json\/wp\/v2\/product\/15815","targetHints":{"allow":["GET"]}}],"collection":[{"href":"https:\/\/uzdrowisko-rymanow.com.pl\/sklep\/wp-json\/wp\/v2\/product"}],"about":[{"href":"https:\/\/uzdrowisko-rymanow.com.pl\/sklep\/wp-json\/wp\/v2\/types\/product"}],"replies":[{"embeddable":true,"href":"https:\/\/uzdrowisko-rymanow.com.pl\/sklep\/wp-json\/wp\/v2\/comments?post=15815"}],"wp:featuredmedia":[{"embeddable":true,"href":"https:\/\/uzdrowisko-rymanow.com.pl\/sklep\/wp-json\/wp\/v2\/media\/15816"}],"wp:attachment":[{"href":"https:\/\/uzdrowisko-rymanow.com.pl\/sklep\/wp-json\/wp\/v2\/media?parent=15815"}],"wp:term":[{"taxonomy":"product_brand","embeddable":true,"href":"https:\/\/uzdrowisko-rymanow.com.pl\/sklep\/wp-json\/wp\/v2\/product_brand?post=15815"},{"taxonomy":"product_cat","embeddable":true,"href":"https:\/\/uzdrowisko-rymanow.com.pl\/sklep\/wp-json\/wp\/v2\/product_cat?post=15815"},{"taxonomy":"product_tag","embeddable":true,"href":"https:\/\/uzdrowisko-rymanow.com.pl\/sklep\/wp-json\/wp\/v2\/product_tag?post=15815"}],"curies":[{"name":"wp","href":"https:\/\/api.w.org\/{rel}","templated":true}]}}