{"id":15811,"date":"2026-03-05T13:42:23","date_gmt":"2026-03-05T12:42:23","guid":{"rendered":"https:\/\/uzdrowisko-rymanow.com.pl\/sklep\/?post_type=product&#038;p=15811"},"modified":"2026-03-05T13:51:00","modified_gmt":"2026-03-05T12:51:00","slug":"zestaw-dotyk-wiosny","status":"publish","type":"product","link":"https:\/\/uzdrowisko-rymanow.com.pl\/sklep\/produkt\/zestaw-dotyk-wiosny\/","title":{"rendered":"Zestaw &#8220;Dotyk Wiosny&#8221;"},"content":{"rendered":"<div class=\"c pg-1x0 pg-1y1 pg-1w2 pg-1h2\">\n<div class=\"c pg-1x0 pg-1y1 pg-1w2 pg-1h2\">\n<div class=\"t pg-1m0 pg-1x1 pg-1h3 pg-1y2 pg-1ff1 pg-1fs0 pg-1fc0 pg-1sc0 pg-1ls0 pg-1ws0\"><strong>Dotyk Wiosny \u2013 wiosenny zestaw piel\u0119gnacyjny<\/strong><\/div>\n<div class=\"t pg-1m0 pg-1x1 pg-1h4 pg-1y3 pg-1ff2 pg-1fs0 pg-1fc0 pg-1sc0 pg-1ls0 pg-1ws0\">Podaruj bliskiej osobie odrobin\u0119 relaksu w nowym sezonie.<\/div>\n<div class=\"t pg-1m0 pg-1x1 pg-1h3 pg-1y4 pg-1ff2 pg-1fs0 pg-1fc0 pg-1sc0 pg-1ls0 pg-1ws0\">Zestaw <span class=\"pg-1ff1\"><strong>Dotyk Wiosny<\/strong><span class=\"pg-1ff2\"> \u0142\u0105czy naturaln\u0105 piel\u0119gnacj\u0119 z <\/span><\/span>komfortem i nawil\u017ceniem od st\u00f3p po d\u0142onie, przywracaj\u0105c sk\u00f3rze mi\u0119kko\u015b\u0107 i promienny blask.<\/div>\n<div class=\"t pg-1m0 pg-1x1 pg-1h3 pg-1y7 pg-1ff1 pg-1fs0 pg-1fc0 pg-1sc0 pg-1ls0 pg-1ws0\"><strong><br \/>\nW zestawie:<\/strong><\/div>\n<ul>\n<li class=\"t pg-1m0 pg-1x2 pg-1h3 pg-1y8 pg-1ff3 pg-1fs1 pg-1fc0 pg-1sc0 pg-1ls0 pg-1ws0\"><span class=\"pg-1ff1 pg-1fs0\"><strong>S\u00f3l do k\u0105pieli<\/strong><span class=\"pg-1ff2\"> \u2013 odpr\u0119\u017cenie i ukojenie zm\u0119czonych <\/span><\/span>mi\u0119\u015bni, idealne w wiosennym rytuale relaksu.<\/li>\n<li class=\"t pg-1m0 pg-1x2 pg-1h3 pg-1ya pg-1ff3 pg-1fs1 pg-1fc0 pg-1sc0 pg-1ls0 pg-1ws0\"><span class=\"pg-1ff1 pg-1fs0\"><strong>Krem do r\u0105k<\/strong><span class=\"pg-1ff2\"> \u2013 nawil\u017ca i piel\u0119gnuje, pozostawiaj\u0105c <\/span><\/span>d\u0142onie mi\u0119kkie i zadbane.<\/li>\n<li class=\"t pg-1m0 pg-1x2 pg-1h3 pg-1yc pg-1ff3 pg-1fs1 pg-1fc0 pg-1sc0 pg-1ls0 pg-1ws0\"><span class=\"pg-1ff1 pg-1fs0\"><strong>Krem do st\u00f3p<\/strong><span class=\"pg-1ff2\"> \u2013 regeneruje zm\u0119czone stopy, <\/span><\/span>przywracaj\u0105c im komfort i lekko\u015b\u0107.<\/li>\n<li class=\"t pg-1m0 pg-1x2 pg-1h3 pg-1ye pg-1ff3 pg-1fs1 pg-1fc0 pg-1sc0 pg-1ls0 pg-1ws0\"><span class=\"pg-1ff1 pg-1fs0\"><strong>Olejek do cia\u0142a<\/strong><span class=\"pg-1ff2\"> \u2013 od\u017cywia sk\u00f3r\u0119, nadaj\u0105c jej <\/span><\/span>jedwabist\u0105 g\u0142adko\u015b\u0107 i promienny blask.<\/li>\n<\/ul>\n<div class=\"t pg-1m0 pg-1x1 pg-1h4 pg-1y10 pg-1ff2 pg-1fs0 pg-1fc0 pg-1sc0 pg-1ls0 pg-1ws0\">Zestaw zapakowany jest w eleganckie pude\u0142ko, gotowy do wr\u0119czenia jako prezent.<\/div>\n<div class=\"t pg-1m0 pg-1x1 pg-1h3 pg-1y11 pg-1ff1 pg-1fs0 pg-1fc0 pg-1sc0 pg-1ls0 pg-1ws0\"><strong>Dotyk Wiosny<\/strong><span class=\"pg-1ff2\"> to doskona\u0142y wyb\u00f3r dla os\u00f3b, kt\u00f3re pragn\u0105 po\u0142\u0105czy\u0107 piel\u0119gnacj\u0119, relaks i od\u015bwie\u017cenie <\/span>w wiosennym klimacie.<\/div>\n<\/div>\n<\/div>\n","protected":false},"excerpt":{"rendered":"<p>Dotyk Wiosny \u2013 wiosenny zestaw piel\u0119gnacyjny Podaruj bliskiej osobie odrobin\u0119 relaksu w nowym sezonie. Zestaw Dotyk Wiosny \u0142\u0105czy naturaln\u0105 piel\u0119gnacj\u0119 z komfortem i nawil\u017ceniem od st\u00f3p po d\u0142onie, przywracaj\u0105c sk\u00f3rze mi\u0119kko\u015b\u0107 i promienny blask. W zestawie: S\u00f3l do k\u0105pieli \u2013 odpr\u0119\u017cenie i ukojenie zm\u0119czonych mi\u0119\u015bni, idealne w wiosennym rytuale relaksu. Krem do r\u0105k \u2013 nawil\u017ca [&hellip;]<\/p>\n","protected":false},"featured_media":15812,"comment_status":"open","ping_status":"closed","template":"","meta":[],"product_brand":[],"product_cat":[160,180],"product_tag":[],"class_list":{"0":"post-15811","1":"product","2":"type-product","3":"status-publish","4":"has-post-thumbnail","6":"product_cat-naturalne-kosmetyki-celestin","7":"product_cat-zestawy-wiosenne","9":"first","10":"instock","11":"taxable","12":"shipping-taxable","13":"purchasable","14":"product-type-simple"},"aioseo_notices":[],"_links":{"self":[{"href":"https:\/\/uzdrowisko-rymanow.com.pl\/sklep\/wp-json\/wp\/v2\/product\/15811","targetHints":{"allow":["GET"]}}],"collection":[{"href":"https:\/\/uzdrowisko-rymanow.com.pl\/sklep\/wp-json\/wp\/v2\/product"}],"about":[{"href":"https:\/\/uzdrowisko-rymanow.com.pl\/sklep\/wp-json\/wp\/v2\/types\/product"}],"replies":[{"embeddable":true,"href":"https:\/\/uzdrowisko-rymanow.com.pl\/sklep\/wp-json\/wp\/v2\/comments?post=15811"}],"wp:featuredmedia":[{"embeddable":true,"href":"https:\/\/uzdrowisko-rymanow.com.pl\/sklep\/wp-json\/wp\/v2\/media\/15812"}],"wp:attachment":[{"href":"https:\/\/uzdrowisko-rymanow.com.pl\/sklep\/wp-json\/wp\/v2\/media?parent=15811"}],"wp:term":[{"taxonomy":"product_brand","embeddable":true,"href":"https:\/\/uzdrowisko-rymanow.com.pl\/sklep\/wp-json\/wp\/v2\/product_brand?post=15811"},{"taxonomy":"product_cat","embeddable":true,"href":"https:\/\/uzdrowisko-rymanow.com.pl\/sklep\/wp-json\/wp\/v2\/product_cat?post=15811"},{"taxonomy":"product_tag","embeddable":true,"href":"https:\/\/uzdrowisko-rymanow.com.pl\/sklep\/wp-json\/wp\/v2\/product_tag?post=15811"}],"curies":[{"name":"wp","href":"https:\/\/api.w.org\/{rel}","templated":true}]}}