{"id":15805,"date":"2026-03-05T13:09:05","date_gmt":"2026-03-05T12:09:05","guid":{"rendered":"https:\/\/uzdrowisko-rymanow.com.pl\/sklep\/?post_type=product&#038;p=15805"},"modified":"2026-03-05T13:38:59","modified_gmt":"2026-03-05T12:38:59","slug":"zestaw-poranna-rosa","status":"publish","type":"product","link":"https:\/\/uzdrowisko-rymanow.com.pl\/sklep\/produkt\/zestaw-poranna-rosa\/","title":{"rendered":"Zestaw &#8221; Poranna Rosa&#8221;"},"content":{"rendered":"<div class=\"c pg-1x0 pg-1y1 pg-1w2 pg-1h2\">\n<div class=\"t pg-1m0 pg-1x1 pg-1h3 pg-1y2 pg-1ff1 pg-1fs0 pg-1fc0 pg-1sc0 pg-1ls0 pg-1ws0\"><strong>Poranna Rosa \u2013 wiosenny zestaw piel\u0119gnacyjny\u00a0<\/strong><\/div>\n<div class=\"t pg-1m0 pg-1x1 pg-1h3 pg-1y2 pg-1ff1 pg-1fs0 pg-1fc0 pg-1sc0 pg-1ls0 pg-1ws0\">Zadbaj o sk\u00f3r\u0119 i podaruj sobie lub bliskiej\u00a0kobiecie chwil\u0119 relaksu w nowym sezonie. Zestaw\u00a0<strong>Poranna Rosa<\/strong><span class=\"pg-1ff2\"> \u0142\u0105czy naturalne sk\u0142adniki z\u00a0 <\/span>delikatnymi formu\u0142ami, kt\u00f3re piel\u0119gnuj\u0105,\u00a0nawil\u017caj\u0105 i otulaj\u0105 sk\u00f3r\u0119 mi\u0119kko\u015bci\u0105, tworz\u0105c\u00a0przyjemny, wiosenny rytua\u0142 piel\u0119gnacyjny.<\/div>\n<div class=\"t pg-1m0 pg-1x1 pg-1h4 pg-1y9 pg-1ff2 pg-1fs0 pg-1fc0 pg-1sc0 pg-1ls0 pg-1ws0\">Doskona\u0142y jako elegancki prezent w Dniu Kobiet.<\/div>\n<div class=\"t pg-1m0 pg-1x1 pg-1h3 pg-1ya pg-1ff1 pg-1fs0 pg-1fc0 pg-1sc0 pg-1ls0 pg-1ws0\"><strong>W zestawie:<\/strong><\/div>\n<ul>\n<li class=\"t pg-1m0 pg-1x2 pg-1h3 pg-1yb pg-1ff3 pg-1fs1 pg-1fc0 pg-1sc0 pg-1ls0 pg-1ws0\"><span class=\"pg-1ff1 pg-1fs0\"><strong>Balsam do cia\u0142a<\/strong><span class=\"pg-1ff2\"> \u2013 intensywnie nawil\u017ca, <\/span><\/span>wyg\u0142adza i od\u017cywia sk\u00f3r\u0119, pozostawiaj\u0105c j\u0105 mi\u0119kk\u0105 i promienn\u0105.<\/li>\n<li class=\"t pg-1m0 pg-1x2 pg-1h3 pg-1ye pg-1ff3 pg-1fs1 pg-1fc0 pg-1sc0 pg-1ls0 pg-1ws0\"><span class=\"pg-1ff1 pg-1fs0\"><strong>\u017bel pod prysznic<\/strong><span class=\"pg-1ff2\"> \u2013 delikatnie oczyszcza i <\/span><\/span>od\u015bwie\u017ca, otulaj\u0105c sk\u00f3r\u0119 lekkim, wiosennym aromatem.<\/li>\n<li class=\"t pg-1m0 pg-1x2 pg-1h3 pg-1y11 pg-1ff3 pg-1fs1 pg-1fc0 pg-1sc0 pg-1ls0 pg-1ws0\"><span class=\"pg-1ff1 pg-1fs0\"><strong>Kula k\u0105pielowa<\/strong><span class=\"pg-1ff2\"> \u2013 relaksuj\u0105ca, <\/span><\/span>odpr\u0119\u017caj\u0105ca k\u0105piel, kt\u00f3ra pozwala na\u00a0chwil\u0119 luksusowego wypoczynku.<\/li>\n<li class=\"t pg-1m0 pg-1x2 pg-1h3 pg-1y14 pg-1ff3 pg-1fs1 pg-1fc0 pg-1sc0 pg-1ls0 pg-1ws0\"><span class=\"pg-1ff1 pg-1fs0\"><strong>Kozie mleko do k\u0105pieli<\/strong><span class=\"pg-1ff2\"> \u2013 od\u017cywia i piel\u0119gnuje sk\u00f3r\u0119, nadaj\u0105c jej g\u0142adko\u015b\u0107 i jedwabist\u0105 <\/span><\/span>mi\u0119kko\u015b\u0107.<\/li>\n<\/ul>\n<div class=\"t pg-1m0 pg-1x1 pg-1h4 pg-1y16 pg-1ff2 pg-1fs0 pg-1fc0 pg-1sc0 pg-1ls0 pg-1ws0\">Zestaw zapakowany jest w eleganckie pude\u0142ko, gotowy do wr\u0119czenia jako prezent.<\/div>\n<div class=\"t pg-1m0 pg-1x1 pg-1h3 pg-1y17 pg-1ff1 pg-1fs0 pg-1fc0 pg-1sc0 pg-1ls0 pg-1ws0\"><strong>Poranna Rosa<\/strong><span class=\"pg-1ff2\"> to idealny wyb\u00f3r dla ka\u017cdej kobiety, kt\u00f3ra pragnie po\u0142\u0105czy\u0107 piel\u0119gnacj\u0119, relaks i <\/span>od\u015bwie\u017cenie sk\u00f3ry w wiosennym klimacie.<\/div>\n<\/div>\n","protected":false},"excerpt":{"rendered":"<p>Poranna Rosa \u2013 wiosenny zestaw piel\u0119gnacyjny\u00a0 Zadbaj o sk\u00f3r\u0119 i podaruj sobie lub bliskiej\u00a0kobiecie chwil\u0119 relaksu w nowym sezonie. Zestaw\u00a0Poranna Rosa \u0142\u0105czy naturalne sk\u0142adniki z\u00a0 delikatnymi formu\u0142ami, kt\u00f3re piel\u0119gnuj\u0105,\u00a0nawil\u017caj\u0105 i otulaj\u0105 sk\u00f3r\u0119 mi\u0119kko\u015bci\u0105, tworz\u0105c\u00a0przyjemny, wiosenny rytua\u0142 piel\u0119gnacyjny. Doskona\u0142y jako elegancki prezent w Dniu Kobiet. W zestawie: Balsam do cia\u0142a \u2013 intensywnie nawil\u017ca, wyg\u0142adza i od\u017cywia [&hellip;]<\/p>\n","protected":false},"featured_media":15806,"comment_status":"open","ping_status":"closed","template":"","meta":[],"product_brand":[],"product_cat":[160,180],"product_tag":[],"class_list":{"0":"post-15805","1":"product","2":"type-product","3":"status-publish","4":"has-post-thumbnail","6":"product_cat-naturalne-kosmetyki-celestin","7":"product_cat-zestawy-wiosenne","9":"first","10":"instock","11":"taxable","12":"shipping-taxable","13":"purchasable","14":"product-type-simple"},"aioseo_notices":[],"_links":{"self":[{"href":"https:\/\/uzdrowisko-rymanow.com.pl\/sklep\/wp-json\/wp\/v2\/product\/15805","targetHints":{"allow":["GET"]}}],"collection":[{"href":"https:\/\/uzdrowisko-rymanow.com.pl\/sklep\/wp-json\/wp\/v2\/product"}],"about":[{"href":"https:\/\/uzdrowisko-rymanow.com.pl\/sklep\/wp-json\/wp\/v2\/types\/product"}],"replies":[{"embeddable":true,"href":"https:\/\/uzdrowisko-rymanow.com.pl\/sklep\/wp-json\/wp\/v2\/comments?post=15805"}],"wp:featuredmedia":[{"embeddable":true,"href":"https:\/\/uzdrowisko-rymanow.com.pl\/sklep\/wp-json\/wp\/v2\/media\/15806"}],"wp:attachment":[{"href":"https:\/\/uzdrowisko-rymanow.com.pl\/sklep\/wp-json\/wp\/v2\/media?parent=15805"}],"wp:term":[{"taxonomy":"product_brand","embeddable":true,"href":"https:\/\/uzdrowisko-rymanow.com.pl\/sklep\/wp-json\/wp\/v2\/product_brand?post=15805"},{"taxonomy":"product_cat","embeddable":true,"href":"https:\/\/uzdrowisko-rymanow.com.pl\/sklep\/wp-json\/wp\/v2\/product_cat?post=15805"},{"taxonomy":"product_tag","embeddable":true,"href":"https:\/\/uzdrowisko-rymanow.com.pl\/sklep\/wp-json\/wp\/v2\/product_tag?post=15805"}],"curies":[{"name":"wp","href":"https:\/\/api.w.org\/{rel}","templated":true}]}}