{"id":158,"date":"2018-07-23T15:14:39","date_gmt":"2018-07-23T13:14:39","guid":{"rendered":"https:\/\/uzdrowisko-rymanow.com.pl\/sklep\/?post_type=product&#038;p=158"},"modified":"2026-02-06T14:27:46","modified_gmt":"2026-02-06T13:27:46","slug":"krem-przeciwzmarszczkowy-do-twarzy-50ml","status":"publish","type":"product","link":"https:\/\/uzdrowisko-rymanow.com.pl\/sklep\/produkt\/krem-przeciwzmarszczkowy-do-twarzy-50ml\/","title":{"rendered":"Krem przeciwzmarszczkowy do twarzy &#8211; 50 ml"},"content":{"rendered":"<p><strong>Luksusowy lekki krem<\/strong> skutecznie pobudza si\u0142y witalne sk\u00f3ry dojrza\u0142ej do walki o m\u0142ody wygl\u0105d. Zawarto\u015b\u0107 z\u0142ota 24k, olejku arganowego oraz mas\u0142a Shea z EcoCert zapewnia kompleksowe dzia\u0142anie. Wyg\u0142adza zmarszczki i linie, uj\u0119drnia sk\u00f3r\u0119, modeluje owal twarzy, przeciwdzia\u0142a podra\u017cnieniom i wyr\u00f3wnuje koloryt. Cera uzyskuje aksamitn\u0105 mi\u0119kko\u015b\u0107, g\u0142adko\u015b\u0107 i m\u0142odzie\u0144czy blask.<\/p>\n<p>Idealny pod makija\u017c.<\/p>\n<p><strong>\u00a0Sk\u0142adniki: <\/strong>Aqua, Macadamia Ternifolia Seed Oil, Isopropyl Palmitate, Glycerin, Cetearyl Alcohol, Argania Spinosa Kernel Oil, Dicaprylyl Ether, Isostearyl Isostearate, Ceteareth -20, Sodium Acrylate\/Sodium Acryloydimethyl Taurate Copolymer, Butyrospermum Parkii Butter, Glyceryl Stearate SE, Polymethylsilsesquioxane, Tocopheryl Acetate, Panthenol, Gold, Hydrolyzed Wheat Protein, Palmitoyl Tripeptide-38, Hydroxypropyl, Cyclodextrin, Isoheexadecane, Polymethylsilsesquioxane, Tocopheryl Acetate, Panthenol, Gold, Hydrolized Wheat Protein, Palmitoyl, tripeptide-38, Hydroxypropyl, Cyclodextrin, Isohexadecane, Polysorbate 80, Dimethicone, Cetyl Alcohol, Phenoxyethanol, Ethylhexylglycerin, Parfum, Limonene, Alpha-Isomethyl lonone, Benzyl Salicylate, CI19140, CI15985.<\/p>\n","protected":false},"excerpt":{"rendered":"<p>Luksusowy lekki krem skutecznie pobudza si\u0142y witalne sk\u00f3ry dojrza\u0142ej do walki o m\u0142ody wygl\u0105d. Zawarto\u015b\u0107 z\u0142ota 24k, olejku arganowego oraz mas\u0142a Shea z EcoCert zapewnia kompleksowe dzia\u0142anie. Wyg\u0142adza zmarszczki i linie, uj\u0119drnia sk\u00f3r\u0119, modeluje owal twarzy, przeciwdzia\u0142a podra\u017cnieniom i wyr\u00f3wnuje koloryt. Cera uzyskuje aksamitn\u0105 mi\u0119kko\u015b\u0107, g\u0142adko\u015b\u0107 i m\u0142odzie\u0144czy blask. Idealny pod makija\u017c. \u00a0Sk\u0142adniki: Aqua, Macadamia [&hellip;]<\/p>\n","protected":false},"featured_media":12703,"comment_status":"open","ping_status":"closed","template":"","meta":[],"product_brand":[],"product_cat":[160,162,166],"product_tag":[],"class_list":{"0":"post-158","1":"product","2":"type-product","3":"status-publish","4":"has-post-thumbnail","6":"product_cat-naturalne-kosmetyki-celestin","7":"product_cat-pielegnacja-twarzy","8":"product_cat-seria-medlife","10":"first","11":"instock","12":"taxable","13":"shipping-taxable","14":"purchasable","15":"product-type-simple"},"aioseo_notices":[],"_links":{"self":[{"href":"https:\/\/uzdrowisko-rymanow.com.pl\/sklep\/wp-json\/wp\/v2\/product\/158","targetHints":{"allow":["GET"]}}],"collection":[{"href":"https:\/\/uzdrowisko-rymanow.com.pl\/sklep\/wp-json\/wp\/v2\/product"}],"about":[{"href":"https:\/\/uzdrowisko-rymanow.com.pl\/sklep\/wp-json\/wp\/v2\/types\/product"}],"replies":[{"embeddable":true,"href":"https:\/\/uzdrowisko-rymanow.com.pl\/sklep\/wp-json\/wp\/v2\/comments?post=158"}],"wp:featuredmedia":[{"embeddable":true,"href":"https:\/\/uzdrowisko-rymanow.com.pl\/sklep\/wp-json\/wp\/v2\/media\/12703"}],"wp:attachment":[{"href":"https:\/\/uzdrowisko-rymanow.com.pl\/sklep\/wp-json\/wp\/v2\/media?parent=158"}],"wp:term":[{"taxonomy":"product_brand","embeddable":true,"href":"https:\/\/uzdrowisko-rymanow.com.pl\/sklep\/wp-json\/wp\/v2\/product_brand?post=158"},{"taxonomy":"product_cat","embeddable":true,"href":"https:\/\/uzdrowisko-rymanow.com.pl\/sklep\/wp-json\/wp\/v2\/product_cat?post=158"},{"taxonomy":"product_tag","embeddable":true,"href":"https:\/\/uzdrowisko-rymanow.com.pl\/sklep\/wp-json\/wp\/v2\/product_tag?post=158"}],"curies":[{"name":"wp","href":"https:\/\/api.w.org\/{rel}","templated":true}]}}