{"id":15492,"date":"2025-12-05T12:22:26","date_gmt":"2025-12-05T11:22:26","guid":{"rendered":"https:\/\/uzdrowisko-rymanow.com.pl\/sklep\/?post_type=product&#038;p=15492"},"modified":"2025-12-05T12:23:09","modified_gmt":"2025-12-05T11:23:09","slug":"kubek-330-ml-z-logo-uzdrowiska-rymanow-wzor-nr-2","status":"publish","type":"product","link":"https:\/\/uzdrowisko-rymanow.com.pl\/sklep\/produkt\/kubek-330-ml-z-logo-uzdrowiska-rymanow-wzor-nr-2\/","title":{"rendered":"Kubek 330 ml z logo Uzdrowiska Ryman\u00f3w, wz\u00f3r nr 2"},"content":{"rendered":"<p><strong>Kubek 330 ml z logo Uzdrowiska Ryman\u00f3w, wz\u00f3r nr 2<\/strong><br \/>\nStylowy i praktyczny kubek o pojemno\u015bci 330 ml, ozdobiony eleganckim logo Uzdrowiska Ryman\u00f3w.<br \/>\nIdealny do codziennej kawy, herbaty czy zio\u0142owych napar\u00f3w. \u015awietnie sprawdzi si\u0119 jako pami\u0105tka z<br \/>\npobytu lub drobny prezent dla bliskiej osoby.<br \/>\nKlasyczny design, wygodny uchwyt i solidne wykonanie sprawiaj\u0105, \u017ce to kubek, po kt\u00f3ry ch\u0119tnie si\u0119<br \/>\nsi\u0119ga ka\u017cdego dnia.<\/p>\n","protected":false},"excerpt":{"rendered":"<p>Kubek 330 ml z logo Uzdrowiska Ryman\u00f3w, wz\u00f3r nr 2 Stylowy i praktyczny kubek o pojemno\u015bci 330 ml, ozdobiony eleganckim logo Uzdrowiska Ryman\u00f3w. Idealny do codziennej kawy, herbaty czy zio\u0142owych napar\u00f3w. \u015awietnie sprawdzi si\u0119 jako pami\u0105tka z pobytu lub drobny prezent dla bliskiej osoby. Klasyczny design, wygodny uchwyt i solidne wykonanie sprawiaj\u0105, \u017ce to kubek, [&hellip;]<\/p>\n","protected":false},"featured_media":15488,"comment_status":"open","ping_status":"closed","template":"","meta":[],"product_brand":[],"product_cat":[178],"product_tag":[],"class_list":{"0":"post-15492","1":"product","2":"type-product","3":"status-publish","4":"has-post-thumbnail","6":"product_cat-gadzety-uzdrowisko-rymanow","8":"first","9":"instock","10":"taxable","11":"shipping-taxable","12":"purchasable","13":"product-type-simple"},"aioseo_notices":[],"_links":{"self":[{"href":"https:\/\/uzdrowisko-rymanow.com.pl\/sklep\/wp-json\/wp\/v2\/product\/15492","targetHints":{"allow":["GET"]}}],"collection":[{"href":"https:\/\/uzdrowisko-rymanow.com.pl\/sklep\/wp-json\/wp\/v2\/product"}],"about":[{"href":"https:\/\/uzdrowisko-rymanow.com.pl\/sklep\/wp-json\/wp\/v2\/types\/product"}],"replies":[{"embeddable":true,"href":"https:\/\/uzdrowisko-rymanow.com.pl\/sklep\/wp-json\/wp\/v2\/comments?post=15492"}],"wp:featuredmedia":[{"embeddable":true,"href":"https:\/\/uzdrowisko-rymanow.com.pl\/sklep\/wp-json\/wp\/v2\/media\/15488"}],"wp:attachment":[{"href":"https:\/\/uzdrowisko-rymanow.com.pl\/sklep\/wp-json\/wp\/v2\/media?parent=15492"}],"wp:term":[{"taxonomy":"product_brand","embeddable":true,"href":"https:\/\/uzdrowisko-rymanow.com.pl\/sklep\/wp-json\/wp\/v2\/product_brand?post=15492"},{"taxonomy":"product_cat","embeddable":true,"href":"https:\/\/uzdrowisko-rymanow.com.pl\/sklep\/wp-json\/wp\/v2\/product_cat?post=15492"},{"taxonomy":"product_tag","embeddable":true,"href":"https:\/\/uzdrowisko-rymanow.com.pl\/sklep\/wp-json\/wp\/v2\/product_tag?post=15492"}],"curies":[{"name":"wp","href":"https:\/\/api.w.org\/{rel}","templated":true}]}}