{"id":144,"date":"2018-07-23T14:50:47","date_gmt":"2018-07-23T12:50:47","guid":{"rendered":"https:\/\/uzdrowisko-rymanow.com.pl\/sklep\/?post_type=product&#038;p=144"},"modified":"2026-02-06T14:29:30","modified_gmt":"2026-02-06T13:29:30","slug":"kozie-mleko-do-kapieli-500g","status":"publish","type":"product","link":"https:\/\/uzdrowisko-rymanow.com.pl\/sklep\/produkt\/kozie-mleko-do-kapieli-500g\/","title":{"rendered":"Kozie mleko do k\u0105pieli &#8211; 500 g"},"content":{"rendered":"<p>Relaksuj\u0105ce kozie mleko do k\u0105pieli wzbogacone olejkiem arganowym z EcoCertem bogate w proteiny, witaminy m.in. : A,D,E,B1,B2,B6,B12,PP,C i aktywne sk\u0142adniki \u0142agodz\u0105ce podra\u017cnienia i od\u017cywiaj\u0105ce sk\u00f3r\u0119 z dodatkiem polskich zi\u00f3\u0142 (rumianek \u2013 dzia\u0142anie koj\u0105ce, \u0142agodz\u0105ce podra\u017cnienia, nagietek- dzia\u0142anie przeciwzapalne, pokrzywa \u2013 dzia\u0142anie wzmacniaj\u0105ce, wyci\u0105g z siemienia lnianego- dzia\u0142anie os\u0142aniaj\u0105ce, zmi\u0119kczaj\u0105ce sk\u00f3r\u0119). Dobrodziejstwo mlecznych k\u0105pieli doceni\u0142y ju\u017c kobiety w staro\u017cytno\u015bci.<\/p>\n<p>Mleko \u0142agodzi podra\u017cnienia, piel\u0119gnuje i od\u017cywia sk\u00f3r\u0119. Mleczne k\u0105piele to relaks dla cia\u0142a i zmys\u0142\u00f3w. Mleko mo\u017cna r\u00f3wnie\u017c stosowa\u0107 do moczenia st\u00f3p lub d\u0142oni przed zabiegami piel\u0119gnacyjnymi.<\/p>\n<p><strong>Sk\u0142adniki:\u00a0 <\/strong>Sodium Chloride, Sodium Lauryl Sulfate, Cow Milk, Goat Milk, Parfum, Chamomila Recutita Flower, Calendula Officinalis Flower, Mentha Piperita Leaf, Linum Usitatissimum Seed Extract, Argania Spinosa Kernel Oil, Titanium Dioxide, Silica, Sodum Benzoate, Propylene Glycol, Benzyl Alcohol, , Benzyl Salicylate, Cinnamyl Alcohol, Citronellol, Coumarin, Gerraniol, Hexyl Cinnamal, Linalool.<\/p>\n","protected":false},"excerpt":{"rendered":"<p>Relaksuj\u0105ce kozie mleko do k\u0105pieli wzbogacone olejkiem arganowym z EcoCertem bogate w proteiny, witaminy m.in. : A,D,E,B1,B2,B6,B12,PP,C i aktywne sk\u0142adniki \u0142agodz\u0105ce podra\u017cnienia i od\u017cywiaj\u0105ce sk\u00f3r\u0119 z dodatkiem polskich zi\u00f3\u0142 (rumianek \u2013 dzia\u0142anie koj\u0105ce, \u0142agodz\u0105ce podra\u017cnienia, nagietek- dzia\u0142anie przeciwzapalne, pokrzywa \u2013 dzia\u0142anie wzmacniaj\u0105ce, wyci\u0105g z siemienia lnianego- dzia\u0142anie os\u0142aniaj\u0105ce, zmi\u0119kczaj\u0105ce sk\u00f3r\u0119). Dobrodziejstwo mlecznych k\u0105pieli doceni\u0142y ju\u017c [&hellip;]<\/p>\n","protected":false},"featured_media":14835,"comment_status":"open","ping_status":"closed","template":"","meta":[],"product_brand":[],"product_cat":[160,163],"product_tag":[128,129,130],"class_list":{"0":"post-144","1":"product","2":"type-product","3":"status-publish","4":"has-post-thumbnail","6":"product_cat-naturalne-kosmetyki-celestin","7":"product_cat-kosmetyki-do-kapieli","8":"product_tag-do-kapieli","9":"product_tag-kozie-mleko","10":"product_tag-sol","12":"first","13":"instock","14":"taxable","15":"shipping-taxable","16":"purchasable","17":"product-type-simple"},"aioseo_notices":[],"_links":{"self":[{"href":"https:\/\/uzdrowisko-rymanow.com.pl\/sklep\/wp-json\/wp\/v2\/product\/144","targetHints":{"allow":["GET"]}}],"collection":[{"href":"https:\/\/uzdrowisko-rymanow.com.pl\/sklep\/wp-json\/wp\/v2\/product"}],"about":[{"href":"https:\/\/uzdrowisko-rymanow.com.pl\/sklep\/wp-json\/wp\/v2\/types\/product"}],"replies":[{"embeddable":true,"href":"https:\/\/uzdrowisko-rymanow.com.pl\/sklep\/wp-json\/wp\/v2\/comments?post=144"}],"wp:featuredmedia":[{"embeddable":true,"href":"https:\/\/uzdrowisko-rymanow.com.pl\/sklep\/wp-json\/wp\/v2\/media\/14835"}],"wp:attachment":[{"href":"https:\/\/uzdrowisko-rymanow.com.pl\/sklep\/wp-json\/wp\/v2\/media?parent=144"}],"wp:term":[{"taxonomy":"product_brand","embeddable":true,"href":"https:\/\/uzdrowisko-rymanow.com.pl\/sklep\/wp-json\/wp\/v2\/product_brand?post=144"},{"taxonomy":"product_cat","embeddable":true,"href":"https:\/\/uzdrowisko-rymanow.com.pl\/sklep\/wp-json\/wp\/v2\/product_cat?post=144"},{"taxonomy":"product_tag","embeddable":true,"href":"https:\/\/uzdrowisko-rymanow.com.pl\/sklep\/wp-json\/wp\/v2\/product_tag?post=144"}],"curies":[{"name":"wp","href":"https:\/\/api.w.org\/{rel}","templated":true}]}}