{"id":1317,"date":"2022-04-11T08:07:37","date_gmt":"2022-04-11T06:07:37","guid":{"rendered":"https:\/\/uzdrowisko-rymanow.com.pl\/sklep\/?post_type=product&#038;p=1317"},"modified":"2026-01-19T23:39:40","modified_gmt":"2026-01-19T22:39:40","slug":"podkarpacka-woda-mineralna-niegazowana-07-l-x-6-szt","status":"publish","type":"product","link":"https:\/\/uzdrowisko-rymanow.com.pl\/sklep\/produkt\/podkarpacka-woda-mineralna-niegazowana-07-l-x-6-szt\/","title":{"rendered":"Podkarpacka &#8211; woda mineralna niegazowana \u2013 0,7 l x 6 szt."},"content":{"rendered":"<p><strong>Podkarpacka &#8211; woda mineralna niegazowana<\/strong> \u2013 butelka PET 0,7 L. Og\u00f3lna zawarto\u015b\u0107 sk\u0142adnik\u00f3w: 691 mg\/l. Naturalna woda mineralna wydobywana z odwiertu D-2A w Rymanowie Zdroju, filtrowana.<\/p>\n<p>&nbsp;<\/p>\n<table style=\"width: 23.2689%; height: 160px;\" width=\"288\">\n<tbody>\n<tr style=\"height: 23px;\">\n<td style=\"height: 23px; text-align: center; width: 93.9502%;\" colspan=\"4\" width=\"288\">Sk\u0142adniki mineralne mg\/l<\/td>\n<\/tr>\n<tr style=\"height: 23px;\">\n<td style=\"height: 23px; text-align: center; width: 51.6014%;\" colspan=\"2\">Kationy<\/td>\n<td style=\"height: 23px; text-align: center; width: 42.3488%;\" colspan=\"2\">Aniony<\/td>\n<\/tr>\n<tr style=\"height: 30px;\">\n<td style=\"height: 30px; text-align: center; width: 32.3843%;\">HCO<sub>3<\/sub><sup>&#8211;<\/sup><\/td>\n<td style=\"height: 30px; text-align: center; width: 19.2171%;\">485<\/td>\n<td style=\"height: 30px; text-align: center; width: 26.6904%;\">Na<sup>+<\/sup><\/td>\n<td style=\"height: 30px; text-align: center; width: 15.6584%;\">153<\/td>\n<\/tr>\n<tr style=\"height: 27px;\">\n<td style=\"height: 27px; text-align: center; width: 32.3843%;\">Cl<sup>&#8211;<\/sup><\/td>\n<td style=\"height: 27px; text-align: center; width: 19.2171%;\">&lt;5<\/td>\n<td style=\"height: 27px; text-align: center; width: 26.6904%;\">Ca<sup>2+<\/sup><\/td>\n<td style=\"height: 27px; text-align: center; width: 15.6584%;\">16<\/td>\n<\/tr>\n<tr style=\"height: 30px;\">\n<td style=\"height: 30px; text-align: center; width: 32.3843%;\">SO<sub>4<\/sub><sup>2-<\/sup><\/td>\n<td style=\"height: 30px; text-align: center; width: 19.2171%;\">18<\/td>\n<td style=\"height: 30px; text-align: center; width: 26.6904%;\">Mg<sup>2+<\/sup><\/td>\n<td style=\"height: 30px; text-align: center; width: 15.6584%;\">8<\/td>\n<\/tr>\n<tr style=\"height: 27px;\">\n<td style=\"height: 27px; text-align: center; width: 32.3843%;\">F<sup>&#8211;<\/sup><\/td>\n<td style=\"height: 27px; text-align: center; width: 19.2171%;\">0,7<\/td>\n<td style=\"height: 27px; text-align: center; width: 26.6904%;\">K<sup>+<\/sup><\/td>\n<td style=\"height: 27px; text-align: center; width: 15.6584%;\">1,7<\/td>\n<\/tr>\n<\/tbody>\n<\/table>\n","protected":false},"excerpt":{"rendered":"<p>Podkarpacka &#8211; woda mineralna niegazowana \u2013 butelka PET 0,7 L. Og\u00f3lna zawarto\u015b\u0107 sk\u0142adnik\u00f3w: 691 mg\/l. Naturalna woda mineralna wydobywana z odwiertu D-2A w Rymanowie Zdroju, filtrowana. &nbsp; Sk\u0142adniki mineralne mg\/l Kationy Aniony HCO3&#8211; 485 Na+ 153 Cl&#8211; &lt;5 Ca2+ 16 SO42- 18 Mg2+ 8 F&#8211; 0,7 K+ 1,7<\/p>\n","protected":false},"featured_media":14903,"comment_status":"open","ping_status":"closed","template":"","meta":[],"product_brand":[],"product_cat":[172],"product_tag":[],"class_list":{"0":"post-1317","1":"product","2":"type-product","3":"status-publish","4":"has-post-thumbnail","6":"product_cat-woda-podkarpacka","7":"product_shipping_class-zgrzewka-15l","9":"first","10":"instock","11":"taxable","12":"shipping-taxable","13":"purchasable","14":"product-type-simple"},"aioseo_notices":[],"_links":{"self":[{"href":"https:\/\/uzdrowisko-rymanow.com.pl\/sklep\/wp-json\/wp\/v2\/product\/1317","targetHints":{"allow":["GET"]}}],"collection":[{"href":"https:\/\/uzdrowisko-rymanow.com.pl\/sklep\/wp-json\/wp\/v2\/product"}],"about":[{"href":"https:\/\/uzdrowisko-rymanow.com.pl\/sklep\/wp-json\/wp\/v2\/types\/product"}],"replies":[{"embeddable":true,"href":"https:\/\/uzdrowisko-rymanow.com.pl\/sklep\/wp-json\/wp\/v2\/comments?post=1317"}],"wp:featuredmedia":[{"embeddable":true,"href":"https:\/\/uzdrowisko-rymanow.com.pl\/sklep\/wp-json\/wp\/v2\/media\/14903"}],"wp:attachment":[{"href":"https:\/\/uzdrowisko-rymanow.com.pl\/sklep\/wp-json\/wp\/v2\/media?parent=1317"}],"wp:term":[{"taxonomy":"product_brand","embeddable":true,"href":"https:\/\/uzdrowisko-rymanow.com.pl\/sklep\/wp-json\/wp\/v2\/product_brand?post=1317"},{"taxonomy":"product_cat","embeddable":true,"href":"https:\/\/uzdrowisko-rymanow.com.pl\/sklep\/wp-json\/wp\/v2\/product_cat?post=1317"},{"taxonomy":"product_tag","embeddable":true,"href":"https:\/\/uzdrowisko-rymanow.com.pl\/sklep\/wp-json\/wp\/v2\/product_tag?post=1317"}],"curies":[{"name":"wp","href":"https:\/\/api.w.org\/{rel}","templated":true}]}}