{"id":1315,"date":"2022-04-11T07:56:19","date_gmt":"2022-04-11T05:56:19","guid":{"rendered":"https:\/\/uzdrowisko-rymanow.com.pl\/sklep\/?post_type=product&#038;p=1315"},"modified":"2026-01-19T23:39:52","modified_gmt":"2026-01-19T22:39:52","slug":"podkarpacka-woda-mineralna-gazowana-07-l-x-6-szt","status":"publish","type":"product","link":"https:\/\/uzdrowisko-rymanow.com.pl\/sklep\/produkt\/podkarpacka-woda-mineralna-gazowana-07-l-x-6-szt\/","title":{"rendered":"Podkarpacka woda mineralna gazowana \u2013 0,7 l x 6 szt."},"content":{"rendered":"<p><strong>Podkarpacka &#8211; woda mineralna gazowana<\/strong> \u2013 butelka PET 0,7 L. Og\u00f3lna zawarto\u015b\u0107 sk\u0142adnik\u00f3w: 691 mg\/l. Naturalna woda mineralna wydobywana z odwiertu D-2A w Rymanowie Zdroju, wysokonasycona dwutlenkiem w\u0119gla, filtrowana.<\/p>\n<p>&nbsp;<\/p>\n<table>\n<tbody>\n<tr style=\"height: 23px;\">\n<td style=\"height: 23px; text-align: center; width: 93.9502%;\" colspan=\"4\" width=\"288\">Sk\u0142adniki mineralne mg\/l<\/td>\n<\/tr>\n<tr style=\"height: 23px;\">\n<td style=\"height: 23px; text-align: center; width: 51.6014%;\" colspan=\"2\">Kationy<\/td>\n<td style=\"height: 23px; text-align: center; width: 42.3488%;\" colspan=\"2\">Aniony<\/td>\n<\/tr>\n<tr style=\"height: 30px;\">\n<td style=\"height: 30px; text-align: center; width: 32.3843%;\">HCO<sub>3<\/sub><sup>&#8211;<\/sup><\/td>\n<td style=\"height: 30px; text-align: center; width: 19.2171%;\">485<\/td>\n<td style=\"height: 30px; text-align: center; width: 26.6904%;\">Na<sup>+<\/sup><\/td>\n<td style=\"height: 30px; text-align: center; width: 15.6584%;\">153<\/td>\n<\/tr>\n<tr style=\"height: 27px;\">\n<td style=\"height: 27px; text-align: center; width: 32.3843%;\">Cl<sup>&#8211;<\/sup><\/td>\n<td style=\"height: 27px; text-align: center; width: 19.2171%;\">&lt;5<\/td>\n<td style=\"height: 27px; text-align: center; width: 26.6904%;\">Ca<sup>2+<\/sup><\/td>\n<td style=\"height: 27px; text-align: center; width: 15.6584%;\">16<\/td>\n<\/tr>\n<tr style=\"height: 30px;\">\n<td style=\"height: 30px; text-align: center; width: 32.3843%;\">SO<sub>4<\/sub><sup>2-<\/sup><\/td>\n<td style=\"height: 30px; text-align: center; width: 19.2171%;\">18<\/td>\n<td style=\"height: 30px; text-align: center; width: 26.6904%;\">Mg<sup>2+<\/sup><\/td>\n<td style=\"height: 30px; text-align: center; width: 15.6584%;\">8<\/td>\n<\/tr>\n<tr style=\"height: 27px;\">\n<td style=\"height: 27px; text-align: center; width: 32.3843%;\">F<sup>&#8211;<\/sup><\/td>\n<td style=\"height: 27px; text-align: center; width: 19.2171%;\">0,7<\/td>\n<td style=\"height: 27px; text-align: center; width: 26.6904%;\">K<sup>+<\/sup><\/td>\n<td style=\"height: 27px; text-align: center; width: 15.6584%;\">1,7<\/td>\n<\/tr>\n<\/tbody>\n<\/table>\n<p>&nbsp;<\/p>\n","protected":false},"excerpt":{"rendered":"<p>Doskona\u0142e walory smakowe oraz odpowiednia zawarto\u015b\u0107 sk\u0142adnik\u00f3w mineralnych sprawia, \u017ce woda jest odpowiednia do codziennego spo\u017cywania. Jest to woda: \u015brednio zmineralizowana wodorow\u0119glanowo \u2013sodowo -wapniowa, o og\u00f3lnej zawarto\u015bci sk\u0142adnik\u00f3w mineralnych 691 mg\/l. \u201ePodkarpacka\u201d.<\/p>\n<p>Naturalna Woda Mineralna dost\u0119pna jest w sprzeda\u017cy internetowej w nast\u0119puj\u0105cym asortymencie:<\/p>\n<ul>\n<li>Woda mineralna \u201ePodkarpacka\u201d 0,7 l gazowana<\/li>\n<li>Woda mineralna \u201ePodkarpacka\u201d 0,7 l niegazowana<\/li>\n<\/ul>\n","protected":false},"featured_media":14906,"comment_status":"open","ping_status":"closed","template":"","meta":[],"product_brand":[],"product_cat":[172],"product_tag":[],"class_list":{"0":"post-1315","1":"product","2":"type-product","3":"status-publish","4":"has-post-thumbnail","6":"product_cat-woda-podkarpacka","7":"product_shipping_class-zgrzewka-15l","9":"first","10":"instock","11":"taxable","12":"shipping-taxable","13":"purchasable","14":"product-type-simple"},"aioseo_notices":[],"_links":{"self":[{"href":"https:\/\/uzdrowisko-rymanow.com.pl\/sklep\/wp-json\/wp\/v2\/product\/1315","targetHints":{"allow":["GET"]}}],"collection":[{"href":"https:\/\/uzdrowisko-rymanow.com.pl\/sklep\/wp-json\/wp\/v2\/product"}],"about":[{"href":"https:\/\/uzdrowisko-rymanow.com.pl\/sklep\/wp-json\/wp\/v2\/types\/product"}],"replies":[{"embeddable":true,"href":"https:\/\/uzdrowisko-rymanow.com.pl\/sklep\/wp-json\/wp\/v2\/comments?post=1315"}],"wp:featuredmedia":[{"embeddable":true,"href":"https:\/\/uzdrowisko-rymanow.com.pl\/sklep\/wp-json\/wp\/v2\/media\/14906"}],"wp:attachment":[{"href":"https:\/\/uzdrowisko-rymanow.com.pl\/sklep\/wp-json\/wp\/v2\/media?parent=1315"}],"wp:term":[{"taxonomy":"product_brand","embeddable":true,"href":"https:\/\/uzdrowisko-rymanow.com.pl\/sklep\/wp-json\/wp\/v2\/product_brand?post=1315"},{"taxonomy":"product_cat","embeddable":true,"href":"https:\/\/uzdrowisko-rymanow.com.pl\/sklep\/wp-json\/wp\/v2\/product_cat?post=1315"},{"taxonomy":"product_tag","embeddable":true,"href":"https:\/\/uzdrowisko-rymanow.com.pl\/sklep\/wp-json\/wp\/v2\/product_tag?post=1315"}],"curies":[{"name":"wp","href":"https:\/\/api.w.org\/{rel}","templated":true}]}}