{"id":113,"date":"2018-07-23T14:21:04","date_gmt":"2018-07-23T12:21:04","guid":{"rendered":"https:\/\/uzdrowisko-rymanow.com.pl\/sklep\/?post_type=product&#038;p=113"},"modified":"2026-02-06T14:30:06","modified_gmt":"2026-02-06T13:30:06","slug":"balsam-do-ciala-220-ml","status":"publish","type":"product","link":"https:\/\/uzdrowisko-rymanow.com.pl\/sklep\/produkt\/balsam-do-ciala-220-ml\/","title":{"rendered":"Balsam do cia\u0142a &#8211; 220 ml"},"content":{"rendered":"<p><strong>Regeneruj\u0105co \u2013 od\u017cywczy balsam do cia\u0142a<\/strong>\u00a0na bazie w\u00f3d mineralnych z Rymanowa Zdroju z olejkiem arganowym z EcoCertem z dodatkiem mieszaniny olej\u00f3w ro\u015blinnych (macadamia, avocado z EcoCertem,\u00a0 jojoba, oliwa z oliwek, olej ze s\u0142odkich migda\u0142\u00f3w) i mas\u0142a Shea z EcoCertem wzbogacony wyci\u0105gami z polskich zi\u00f3\u0142 (rumianek \u2013 dzia\u0142anie koj\u0105ce, \u0142agodz\u0105ce podra\u017cnienia, nagietek- dzia\u0142anie przeciwzapalne, pokrzywa \u2013 dzia\u0142anie wzmacniaj\u0105ce, wyci\u0105g z siemienia lnianego- dzia\u0142anie os\u0142aniaj\u0105ce, zmi\u0119kczaj\u0105ce sk\u00f3r\u0119) i kompleksem\u00a0 witamin A,E,F odpowiedzialnych za kompleksow\u0105 regeneracj\u0119 sk\u00f3ry. Balsam o lekkiej konsystencji , doskonale si\u0119 wch\u0142ania , pozostawia sk\u00f3r\u0119 aksamitnie delikatn\u0105.<\/p>\n<p><strong>Sk\u0142adniki:\u00a0 <\/strong>\u00a0Aqua, Glycerin, Butyrospermum Parkii Butter, Caprylic\/Capric Triglyceride, Persea Gratissima Oil, Dicaprylyl Ether, Cetearyl Alcohol, Glyceryl Stearate SE, Prunus Amagdalus Dulcis Oil, Parfum, Argania Spinosa Kernel Oil, Simmondsia Chinensis Seed Oil, Macadamia Ternifolia Seed Oil, Olea Eauropea Fruit Oil, Chamomilla Recutita Flower Extract, Calendula Officinalis Flower Extract, Utrica Dioica Leaf Extract, Linum Usitatissimum Seed Extract, Propylene Glycol, Panthenol, Sodium Lactate, Sodium PCA, Glycine, Fructose, Urea, Niacinamide, Inositol, Lactic Acid, Cetyl Alcohol, Sodium\u00a0 Polyacrylate, PEG-20 Stearate, Phenoxyethanol, Benzoic Acid, Dehydroacetic Acid, Sodium Benzoate, Jojoba Esters, Benzyl Benzoate, Benzyl Salicylate, Cinnamyl Alcohol, Citronellol, Coumarin, Geraniol, Hexyl Cinnamal, Hydroxycitronellal, Linalool, Terpineol, Camphor, Carvone, Dimethyl Phenethyl Acetate, Linalyl Acetate, Mentol, Trimethylbenzenepropanol, Cananga Odorata Oil\/Extract, Eucalyptus Globulus Oil.<\/p>\n","protected":false},"excerpt":{"rendered":"<p>Regeneruj\u0105co \u2013 od\u017cywczy balsam do cia\u0142a\u00a0na bazie w\u00f3d mineralnych z Rymanowa Zdroju z olejkiem arganowym z EcoCertem z dodatkiem mieszaniny olej\u00f3w ro\u015blinnych (macadamia, avocado z EcoCertem,\u00a0 jojoba, oliwa z oliwek, olej ze s\u0142odkich migda\u0142\u00f3w) i mas\u0142a Shea z EcoCertem wzbogacony wyci\u0105gami z polskich zi\u00f3\u0142 (rumianek \u2013 dzia\u0142anie koj\u0105ce, \u0142agodz\u0105ce podra\u017cnienia, nagietek- dzia\u0142anie przeciwzapalne, pokrzywa \u2013 [&hellip;]<\/p>\n","protected":false},"featured_media":14832,"comment_status":"open","ping_status":"closed","template":"","meta":[],"product_brand":[],"product_cat":[160,161],"product_tag":[],"class_list":{"0":"post-113","1":"product","2":"type-product","3":"status-publish","4":"has-post-thumbnail","6":"product_cat-naturalne-kosmetyki-celestin","7":"product_cat-pielegnacja-ciala","9":"first","10":"instock","11":"taxable","12":"shipping-taxable","13":"purchasable","14":"product-type-simple"},"aioseo_notices":[],"_links":{"self":[{"href":"https:\/\/uzdrowisko-rymanow.com.pl\/sklep\/wp-json\/wp\/v2\/product\/113","targetHints":{"allow":["GET"]}}],"collection":[{"href":"https:\/\/uzdrowisko-rymanow.com.pl\/sklep\/wp-json\/wp\/v2\/product"}],"about":[{"href":"https:\/\/uzdrowisko-rymanow.com.pl\/sklep\/wp-json\/wp\/v2\/types\/product"}],"replies":[{"embeddable":true,"href":"https:\/\/uzdrowisko-rymanow.com.pl\/sklep\/wp-json\/wp\/v2\/comments?post=113"}],"wp:featuredmedia":[{"embeddable":true,"href":"https:\/\/uzdrowisko-rymanow.com.pl\/sklep\/wp-json\/wp\/v2\/media\/14832"}],"wp:attachment":[{"href":"https:\/\/uzdrowisko-rymanow.com.pl\/sklep\/wp-json\/wp\/v2\/media?parent=113"}],"wp:term":[{"taxonomy":"product_brand","embeddable":true,"href":"https:\/\/uzdrowisko-rymanow.com.pl\/sklep\/wp-json\/wp\/v2\/product_brand?post=113"},{"taxonomy":"product_cat","embeddable":true,"href":"https:\/\/uzdrowisko-rymanow.com.pl\/sklep\/wp-json\/wp\/v2\/product_cat?post=113"},{"taxonomy":"product_tag","embeddable":true,"href":"https:\/\/uzdrowisko-rymanow.com.pl\/sklep\/wp-json\/wp\/v2\/product_tag?post=113"}],"curies":[{"name":"wp","href":"https:\/\/api.w.org\/{rel}","templated":true}]}}