{"id":86,"date":"2018-07-23T13:39:56","date_gmt":"2018-07-23T11:39:56","guid":{"rendered":"http:\/\/uzdrowisko-rymanow.com.pl\/sklep\/?page_id=86"},"modified":"2025-06-28T12:05:19","modified_gmt":"2025-06-28T10:05:19","slug":"regulamin","status":"publish","type":"page","link":"https:\/\/uzdrowisko-rymanow.com.pl\/sklep\/regulamin\/","title":{"rendered":"Regulamin"},"content":{"rendered":"<h2>I. Podstawowe dane<\/h2>\n<p>Sklep internetowy &#8220;Sklep firmowy Uzdrowisko Ryman\u00f3w S.A.&#8221;\u00a0 dzia\u0142aj\u0105cy pod adresem www.uzdrowisko-rymanow.com.pl\/sklep (zwany w dalszej cz\u0119\u015bci \u201eSklepem\u201d), za po\u015brednictwem kt\u00f3rego sprzedawane s\u0105 towary znajduj\u0105ce si\u0119 w jego ofercie (zwane w dalszej cz\u0119\u015bci \u201eTowarem\/ami\u201d), prowadzony jest przez firm\u0119 \u201eUzdrowisko Ryman\u00f3w\u201d S.A. z siedzib\u0105 w Rymanowie Zdroju ul. Zdrojowa 48, 38-481 Ryman\u00f3w Zdr\u00f3j, e-mail: biuro@uzdrowisko-rymanow.com.pl, nr telefonu 134357401, wpisan\u0105 przez S\u0105d Rejonowy w Rzeszowie XII Wydzia\u0142 Gospodarczy Krajowego Rejestru S\u0105dowego pod numerem rejestrowym KRS 0000098424, posiadaj\u0105c\u0105 numer NIP 6840000790, REGON 000872059, BDO: 000023770, o kapitale zak\u0142adowym w wysoko\u015bci 22.650.000,00 z\u0142 wp\u0142aconym w ca\u0142o\u015bci.<\/p>\n<p>Kontakt ze Sklepem mo\u017cna uzyska\u0107: pod numerem telefonu tel. (13) 43 571 04 korzystaj\u0105c z poczty elektronicznej: celestynka-sprzedaz@uzdrowisko-rymanow.com.pl<\/p>\n<p>Informacje zamieszczone na stronie internetowej www.uzdrowisko-rymanow.pl\/sklep na temat Towar\u00f3w oraz ich ceny dotycz\u0105 wy\u0142\u0105cznie Sklepu. Podmiotem dokonuj\u0105cym zakupu Towaru za po\u015brednictwem Sklepu mo\u017ce by\u0107 zar\u00f3wno osoba fizyczna (konsument) jak i te\u017c przedsi\u0119biorcy. Sprzeda\u017c odbywa si\u0119 za po\u015brednictwem Internetu w formie umowy zawieranej na odleg\u0142o\u015b\u0107, pomi\u0119dzy sk\u0142adaj\u0105cym zam\u00f3wienie, zwanym dalej Klientem, a sprzedaj\u0105cym firm\u0105 \u201eUzdrowisko Ryman\u00f3w\u201d S.A. ul. Zdrojowa 48, 38-481 Ryman\u00f3w Zdr\u00f3j.<\/p>\n<p>Ka\u017cdy Klient sk\u0142adaj\u0105cy zam\u00f3wienie w Sklepie jest obowi\u0105zany zapozna\u0107 si\u0119 z Regulaminem. Nieznajomo\u015b\u0107 Regulaminu nie zwalnia Klienta z obowi\u0105zuj\u0105cych w nim zasad.<br \/>\nPodczas dokonywania zakup\u00f3w w Sklepie Klient potwierdza fakt zapoznania si\u0119 z niniejszym regulaminem i potwierdza, \u017ce akceptuje go w obowi\u0105zuj\u0105cej formie.<br \/>\nZam\u00f3wienia mo\u017cna sk\u0142ada\u0107 24 godziny na dob\u0119, 7 dni w tygodniu przez ca\u0142y rok.<br \/>\nMiejscem realizacji dostaw Towar\u00f3w, nabywanych za po\u015brednictwem Sklepu, jest wy\u0142\u0105cznie terytorium Rzeczpospolitej Polskiej.<\/p>\n<h2>II. Ochrona danych osobowych<\/h2>\n<p>Administratorem danych osobowych jest \u201eUzdrowisko Ryman\u00f3w\u201d S.A. z siedzib\u0105 w Rymanowie Zdroju ul. Zdrojowa 48, 38-481 Ryman\u00f3w Zdr\u00f3j.<br \/>\nKlient dokonuj\u0105c rejestracji w Sklepie wyra\u017ca zgod\u0119 na gromadzenie i przetwarzanie przez \u201eUzdrowisko Ryman\u00f3w\u201d S.A. z siedzib\u0105 w Rymanowie Zdroju, ul. Zdrojowa 48 danych osobowych podanych w formularzu zam\u00f3wienia w rozumieniu Ustawy z dnia 29 sierpnia 1997 r. o ochronie danych osobowych (Dz. U. z 2002 r. nr 101 poz. 926 z p\u00f3\u017an. zm.) wy\u0142\u0105cznie w celu realizacji zawartej umowy sprzeda\u017cy.<\/p>\n<p>Dane osobowe nie b\u0119d\u0105 udost\u0119pniane osobom trzecim w jakiejkolwiek formie.<br \/>\nKlient mo\u017ce wyrazi\u0107 zgod\u0119 na otrzymywanie od firmy \u201eUzdrowisko Ryman\u00f3w\u201d S.A. informacji o charakterze reklamowym i handlowym, w tym za pomoc\u0105 \u015brodk\u00f3w komunikacji elektronicznej.<br \/>\nKlientowi przys\u0142uguje prawo do wgl\u0105du do tre\u015bci podanych danych osobowych, ich poprawiania, a tak\u017ce \u017c\u0105dania usuni\u0119cia swoich danych.<\/p>\n<h2>III. Towar i jego cena<\/h2>\n<p>\u201eUzdrowisko Ryman\u00f3w\u201d S.A. zamieszcza wszelkie informacje dotycz\u0105ce istotnych w\u0142a\u015bciwo\u015bci Towar\u00f3w na stronie internetowej Sklepu.<br \/>\nDo sprzeda\u017cy, w tym sprzeda\u017cy promocyjnej oraz wyprzeda\u017cy przeznaczona jest ograniczona liczba Towar\u00f3w i realizacja zam\u00f3wie\u0144 nast\u0119puje wed\u0142ug kolejno\u015bci wp\u0142ywania potwierdzonych zam\u00f3wie\u0144 na te Towary, a\u017c do wyczerpania si\u0119 zapas\u00f3w obj\u0119tych t\u0105 form\u0105 sprzeda\u017cy.<br \/>\nW przypadku niedost\u0119pno\u015bci Towar\u00f3w (wyczerpania), \u201eUzdrowisko Ryman\u00f3w\u201d S.A. zamieszcza o tym stosown\u0105 informacj\u0119 na stronie internetowej Sklepu przy opisie danego Towaru.<br \/>\nWszystkie ceny Towar\u00f3w zamieszczone na stronie internetowej Sklepu podawane s\u0105 w z\u0142otych polskich i zawieraj\u0105 podatek VAT.<br \/>\nPodane ceny Towar\u00f3w nie zawieraj\u0105 kosztu dostawy.<br \/>\nCena podana przy ka\u017cdym Towarze jest wi\u0105\u017c\u0105ca w chwili z\u0142o\u017cenia przez Klienta zam\u00f3wienia.<br \/>\n\u201eUzdrowisko Ryman\u00f3w\u201d S.A. zastrzega sobie prawo do zmiany cen Towar\u00f3w znajduj\u0105cych si\u0119 w ofercie Sklepu, wycofywania i wprowadzania nowych Towar\u00f3w do oferty Sklepu, przeprowadzania i odwo\u0142ywania akcji promocyjnych na stronie internetowej Sklepu b\u0105d\u017a wprowadzania w nich zmian.<\/p>\n<h2>IV. Zawarcie umowy<\/h2>\n<p>Zam\u00f3wienia od Klient\u00f3w s\u0105 przyjmowane za po\u015brednictwem strony internetowej Sklepu (www.uzdrowisko-rymanow.com.pl\/sklep) po przej\u015bciu ca\u0142ej procedury sk\u0142adania zam\u00f3wienia.<br \/>\nW zam\u00f3wieniu Klient dokonuje, w szczeg\u00f3lno\u015bci: Podanie danych osobowych w formularzu rejestracyjnym jest niezb\u0119dne do przeprowadzenia transakcji zakupu. Klient powinien poda\u0107 prawid\u0142owe dane umo\u017cliwiaj\u0105ce kontakt i dostarczenie mu zam\u00f3wionego towaru \u2013 Sklep nie ponosi odpowiedzialno\u015bci za konsekwencje wynikaj\u0105ce z b\u0142\u0119dnego podania danych.<br \/>\nwyboru zamawianych Towar\u00f3w;<br \/>\noznaczenia adresu dostawy;<br \/>\nwyboru formy p\u0142atno\u015bci.<br \/>\nSklep zastrzega sobie prawo odst\u0105pienia od realizacji zam\u00f3wienia, w wypadku gdy dane podane przez Klienta podczas rejestracji b\u0119d\u0105 niezupe\u0142ne, lub gdy dane te b\u0119d\u0105 b\u0142\u0119dne lub nieprawdziwe.<br \/>\nUmowa sprzeda\u017cy Towar\u00f3w oferowanych za po\u015brednictwem Sklepu zostaje zawarta z chwil\u0105 wys\u0142ania na adres e-mail Klienta potwierdzenia przyj\u0119cia zam\u00f3wienia do realizacji.<\/p>\n<h2>V. P\u0142atno\u015b\u0107\/dostawa<\/h2>\n<p>Za zam\u00f3wione w Sklepie towary mo\u017cna zap\u0142aci\u0107 w jeden z poni\u017cszych sposob\u00f3w: W przypadku p\u0142atno\u015bci przelewem lub kart\u0105 kredytow\u0105 Sklep zastrzega, i\u017c na nale\u017cno\u015b\u0107 czeka przez okres 14 dni od daty z\u0142o\u017cenia zam\u00f3wienia. Je\u017celi kwota w\/w terminie nie wp\u0142ynie na konto firmy \u201eUzdrowisko Ryman\u00f3w\u201d S.A. b\u0105d\u017a serwisu Dotpay.pl, towary nie zostan\u0105 wys\u0142ane a umow\u0119 uwa\u017ca si\u0119 za niezawart\u0105.<br \/>\n&#8211; got\u00f3wk\u0105 za pobraniem;<br \/>\n&#8211; przelewem bankowym;<br \/>\n&#8211; kart\u0105 kredytow\u0105 lub przelewem elektronicznym (rozliczenia transakcji kart\u0105 kredytow\u0105 i e-przelewem przeprowadzane s\u0105 za po\u015brednictwem serwisu Dotpay.pl).<br \/>\n<strong>Dane do przelewu:<\/strong><br \/>\n<em>\u201eUzdrowisko Ryman\u00f3w\u201d S.A.<\/em><br \/>\n<em>38-481 Ryman\u00f3w Zdr\u00f3j<\/em><br \/>\n<em>ul. Zdrojowa 48,<\/em><br \/>\n<em>nr konta: <\/em><b>92 1600 1462 1883 2178 6000 0001 BNP PARIBAS<br \/>\n<\/b><\/p>\n<p>Przyj\u0119cie zam\u00f3wienia do realizacji rozpoczyna si\u0119 w przypadku p\u0142atno\u015bci przelewem po zaksi\u0119gowaniu kwoty nale\u017cno\u015bci za zam\u00f3wiony towar na koncie bankowym Sklepu, przy p\u0142atno\u015bci kart\u0105 p\u0142atnicz\u0105 i e-przelewem po autoryzacji transakcji &#8211; w kolejnym dniu roboczym. Przy p\u0142atno\u015bci got\u00f3wk\u0105 za pobraniem \u2013 w kolejnym dniu roboczym. Maksymalny czas przygotowania zam\u00f3wienia do wysy\u0142ki wynosi 2 dni robocze.<br \/>\nPrzewidywany czas dor\u0119czenia przesy\u0142ki wynosi do 5 dni roboczych.<br \/>\nDostawa realizowana jest na obszarze Polski i nast\u0119puje za pomoc\u0105 poczty polskiej lub firmy kurierskiej.<br \/>\nDo warto\u015bci zam\u00f3wienia doliczana jest kwota odpowiadaj\u0105ca wybranemu przez Klienta rodzajowi przesy\u0142ki.<br \/>\nDo ka\u017cdego zrealizowanego zam\u00f3wienia wystawiana jest faktura VAT. W przypadku, gdy Klient jest p\u0142atnikiem podatku VAT, nale\u017cy poda\u0107 nazw\u0119 firmy, nr NIP oraz dok\u0142adny adres przedsi\u0119biorcy.<br \/>\nKlient powinien otworzy\u0107 przesy\u0142k\u0119 przy odbiorze jej od kuriera\/listonosza w celu zweryfikowania stanu przesy\u0142ki i spisania ewentualnego protoko\u0142u szkody. Odbi\u00f3r towaru bez zg\u0142oszenia zastrze\u017ce\u0144 jest r\u00f3wnoznaczny ze zwolnieniem firmy \u201eUzdrowisko Ryman\u00f3w\u201d S.A. z wszelkiej odpowiedzialno\u015bci wzgl\u0119dem stanu dostarczonego Klientowi towaru.<br \/>\nEwentualny zwrot pieni\u0119dzy z tytu\u0142u uwzgl\u0119dnionych reklamacji czy zwrot\u00f3w towaru odbywa si\u0119 za po\u015brednictwem przelewu bankowego na konto bankowe Klienta lub przekazem pocztowym na adres wskazany w zam\u00f3wieniu lub o\u015bwiadczeniu o odst\u0105pieniu od umowy zawartej na odleg\u0142o\u015b\u0107.<\/p>\n<h2>VI. Prawo odst\u0105pienia od umowy<\/h2>\n<p>Zgodnie z Ustaw\u0105 z dnia 2 marca 2000 r. o ochronie niekt\u00f3rych praw konsument\u00f3w oraz o odpowiedzialno\u015bci za szkod\u0119 wyrz\u0105dzon\u0105 przez produkt niebezpieczny (Dz. U. Nr 22, poz. 271 ze zm.), Klient mo\u017ce odst\u0105pi\u0107 od umowy bez podania przyczyny w ci\u0105gu 10 dni od daty odebrania towaru, sk\u0142adaj\u0105c pisemne o\u015bwiadczenie (wz\u00f3r o\u015bwiadczenia o odst\u0105pieniu do pobrania). Do zachowania tego terminu wystarczy wys\u0142anie o\u015bwiadczenia przed jego up\u0142ywem na adres Sklepu.<br \/>\nW przypadku odst\u0105pienia od umowy Klient zobowi\u0105zany jest do zwrotu zakupionego towaru w stanie niezmienionym. Za stan niezmieniony uznaje si\u0119 Towar w oryginalnym opakowaniu i bez widocznych \u015blad\u00f3w u\u017cytkowania. Do zwracanego Towaru nale\u017cy do\u0142\u0105czy\u0107 otrzyman\u0105 wraz z nim faktur\u0119 VAT. W przypadku niespe\u0142nienia wy\u017cej wymienionych warunk\u00f3w, towar nie zostanie przyj\u0119ty. Koszty przesy\u0142ki zwrotnej pokrywa Klient. Sklep nie przyjmuje \u017cadnych przesy\u0142ek za pobraniem.<br \/>\nZwrot Towaru powinien nast\u0105pi\u0107 niezw\u0142ocznie, nie p\u00f3\u017aniej ni\u017c w terminie 14 dni na adres:<br \/>\n\u201eUzdrowisko Ryman\u00f3w\u201d S.A., 38-481 Ryman\u00f3w Zdr\u00f3j ul. W\u0119gierska 40 z dopiskiem: \u201eSklep internetowy &#8211; zwrot\u201d.<br \/>\nW razie rezygnacji z Towaru zakupionego w Sklepie (tj. realizacji prawa odst\u0105pienia od umowy) na zasadach okre\u015blonych w niniejszym punkcie, umowa uwa\u017cana jest za niezawart\u0105, a Klient jest zwolniony z wszelkich zobowi\u0105za\u0144. Zwrot wp\u0142aconej kwoty nast\u0105pi niezw\u0142ocznie, nie p\u00f3\u017aniej ni\u017c w terminie 7 dni od otrzymania Towaru wraz z faktur\u0105 VAT zgodnie z dyspozycj\u0105 Klienta w o\u015bwiadczeniu.<br \/>\nKonsument ponosi odpowiedzialno\u015b\u0107 za zmniejszenie warto\u015bci rzeczy b\u0119d\u0105ce wynikiem korzystania z niej w spos\u00f3b wykraczaj\u0105cy poza konieczny do stwierdzenia charakteru, cech i funkcjonalno\u015bci rzeczy.<\/p>\n<h2>VII. Reklamacje<\/h2>\n<p>Sklep zobowi\u0105zany jest dostarczy\u0107 zam\u00f3wione Towary bez wad.<br \/>\nKlientowi przys\u0142uguje prawo do z\u0142o\u017cenia reklamacji do Sklepu w przypadku stwierdzenia wad Towaru lub niezgodno\u015bci tego Towaru z umow\u0105.<br \/>\nKlienci powinni kierowa\u0107 ewentualne reklamacje na adres:<br \/>\n\u201eUzdrowisko Ryman\u00f3w\u201d S.A. 38-481 Ryman\u00f3w Zdr\u00f3j, ul. W\u0119gierska 40 z dopiskiem \u201eSklep internetowy &#8211; reklamacja\u201d.<br \/>\nW przypadku uznania reklamacji i nabycia wadliwego Towaru kupuj\u0105cy mo\u017ce zdecydowa\u0107, czy \u017c\u0105da obni\u017cenia ceny wadliwego Towaru, czy te\u017c odst\u0119puje on od umowy.<br \/>\nReklamacje rozpatrywane s\u0105 najp\u00f3\u017aniej w terminie 14 (czternastu) dni od daty otrzymania przez \u201eUzdrowisko Ryman\u00f3w\u201d S.A. przesy\u0142ki z reklamowanym Towarem i dowodem zakupu. Sk\u0142adaj\u0105c reklamacj\u0119 nale\u017cy dostarczy\u0107 do Sklepu reklamowany towar, wraz z dowodem zakupu i wype\u0142nionym zg\u0142oszeniem reklamacyjnym. W przypadku uznania reklamacji, reklamowany towar zostanie doprowadzony do stanu zgodnego z umow\u0105 b\u0105d\u017a zostanie wymieniony na nowy. W innym przypadku Klient otrzyma zwrot koszt\u00f3w zakupu towaru wraz z kosztem pierwotnej dostawy.<br \/>\nNie stanowi\u0105 podstawy reklamacji r\u00f3\u017cnice w wygl\u0105dzie Towar\u00f3w dostarczonych z zam\u00f3wionymi, ogl\u0105danymi na stronie internetowej Sklepu, kt\u00f3re to r\u00f3\u017cnice mog\u0105 wynika\u0107 z innych ustawie\u0144 (parametr\u00f3w) monitora Klienta.<\/p>\n<h2>VIII. Wymagania techniczne<\/h2>\n<p>W celu dokonania zakupu Klient powinien dysponowa\u0107:<\/p>\n<p>kompletnym stanowiskiem komputerowym wraz z poprawnie dzia\u0142aj\u0105c\u0105 przegl\u0105dark\u0105 internetow\u0105 HTML( Internet Explorer, Mozilla, Opera, Safari Chrome) w wersji nie starszej ni\u017c 12 miesi\u0119cy poprzedzaj\u0105cych wej\u015bcie na stron\u0119 sklepu.<br \/>\n\u0142\u0105czem internetowym o przepustowo\u015bci nie mniejszej ni\u017c 512 Kb\/s (download) i 64 Kb\/s (upload).<br \/>\nStrony sklepu przygotowane s\u0105 do przegl\u0105dania przy rozdzielczo\u015bci ekranu 1024 na 768 pikseli.<\/p>\n<h2>IX. Postanowienia ko\u0144cowe<\/h2>\n<p>Sklep zastrzega sobie prawo do zmiany niniejszego regulaminu w dowolnym czasie bez podawania przyczyny.<br \/>\nW sprawach nieuregulowanych niniejszym regulaminem zastosowanie b\u0119d\u0105 mia\u0142y przepisy Kodeksu cywilnego oraz Ustawy z dnia 27 lipca 2002 r. o szczeg\u00f3lnych warunkach sprzeda\u017cy konsumenckiej oraz o zmianie Kodeksu cywilnego.<br \/>\nS\u0105dem w\u0142a\u015bciwym dla rozpatrywania spor\u00f3w wynikaj\u0105cych z realizowania umowy sprzeda\u017cy jest s\u0105d w\u0142a\u015bciwy dla siedziby pozwanego lub s\u0105d w\u0142a\u015bciwy dla miejsca wykonania umowy.<\/p>\n","protected":false},"excerpt":{"rendered":"<p>I. Podstawowe dane Sklep internetowy &#8220;Sklep firmowy Uzdrowisko Ryman\u00f3w S.A.&#8221;\u00a0 dzia\u0142aj\u0105cy pod adresem www.uzdrowisko-rymanow.com.pl\/sklep (zwany w dalszej cz\u0119\u015bci \u201eSklepem\u201d), za po\u015brednictwem kt\u00f3rego sprzedawane s\u0105 towary znajduj\u0105ce si\u0119 w jego ofercie (zwane w dalszej cz\u0119\u015bci \u201eTowarem\/ami\u201d), prowadzony jest przez firm\u0119 \u201eUzdrowisko Ryman\u00f3w\u201d S.A. z siedzib\u0105 w Rymanowie Zdroju ul. Zdrojowa 48, 38-481 Ryman\u00f3w Zdr\u00f3j, e-mail: biuro@uzdrowisko-rymanow.com.pl, [&hellip;]<\/p>\n","protected":false},"author":2,"featured_media":0,"parent":0,"menu_order":0,"comment_status":"closed","ping_status":"closed","template":"","meta":{"footnotes":""},"class_list":["post-86","page","type-page","status-publish","hentry"],"aioseo_notices":[],"_links":{"self":[{"href":"https:\/\/uzdrowisko-rymanow.com.pl\/sklep\/wp-json\/wp\/v2\/pages\/86","targetHints":{"allow":["GET"]}}],"collection":[{"href":"https:\/\/uzdrowisko-rymanow.com.pl\/sklep\/wp-json\/wp\/v2\/pages"}],"about":[{"href":"https:\/\/uzdrowisko-rymanow.com.pl\/sklep\/wp-json\/wp\/v2\/types\/page"}],"author":[{"embeddable":true,"href":"https:\/\/uzdrowisko-rymanow.com.pl\/sklep\/wp-json\/wp\/v2\/users\/2"}],"replies":[{"embeddable":true,"href":"https:\/\/uzdrowisko-rymanow.com.pl\/sklep\/wp-json\/wp\/v2\/comments?post=86"}],"version-history":[{"count":1,"href":"https:\/\/uzdrowisko-rymanow.com.pl\/sklep\/wp-json\/wp\/v2\/pages\/86\/revisions"}],"predecessor-version":[{"id":15047,"href":"https:\/\/uzdrowisko-rymanow.com.pl\/sklep\/wp-json\/wp\/v2\/pages\/86\/revisions\/15047"}],"wp:attachment":[{"href":"https:\/\/uzdrowisko-rymanow.com.pl\/sklep\/wp-json\/wp\/v2\/media?parent=86"}],"curies":[{"name":"wp","href":"https:\/\/api.w.org\/{rel}","templated":true}]}}