{"id":753,"date":"2021-02-10T10:55:11","date_gmt":"2021-02-10T09:55:11","guid":{"rendered":"https:\/\/uzdrowisko-rymanow.com.pl\/sklep\/?page_id=753"},"modified":"2021-02-10T10:55:11","modified_gmt":"2021-02-10T09:55:11","slug":"dostawa-platnosc","status":"publish","type":"page","link":"https:\/\/uzdrowisko-rymanow.com.pl\/sklep\/dostawa-platnosc\/","title":{"rendered":"Dostawa i p\u0142atno\u015b\u0107"},"content":{"rendered":"\n<h2 class=\"wp-block-heading\"><strong>Formy p\u0142atno\u015bci:<\/strong><\/h2>\n\n\n\n<p>Za zam\u00f3wiony towar &nbsp;mo\u017cna zap\u0142aci\u0107:<\/p>\n\n\n\n<ul class=\"wp-block-list\">\n<li>Got\u00f3wk\u0105 przy odbiorze \/ dostawie towaru<\/li>\n\n\n\n<li>Kart\u0105 przy odbiorze \/ dostawie towaru<\/li>\n\n\n\n<li>Przelewem na konto bankowe<\/li>\n<\/ul>\n\n\n\n<p>Numer rachunku bankowego:  92 1600 1462 1883 2178 6000 0001 BNP PARIBAS<\/p>\n\n\n\n<h2 class=\"wp-block-heading\"><strong>Dostawy<\/strong><strong> przesy\u0142ek, paczek<\/strong><\/h2>\n\n\n\n<p>Dostawy przesy\u0142ek, paczek o wadze do 30 kg &nbsp;realizowane s\u0105 &nbsp;kurierem Poczty Polskiej \u2013 Pocztex Kurier 48 na terenie ca\u0142ego kraju.<\/p>\n\n\n\n<h2 class=\"wp-block-heading\"><strong>Kosmetyki<\/strong><\/h2>\n\n\n\n<figure class=\"wp-block-table is-style-regular\"><table class=\"has-black-color has-text-color has-background\" style=\"background-color:#f3f4f5\"><tbody><tr><td><strong>Produkt<\/strong><\/td><td><strong>Forma p\u0142atno\u015bci<\/strong><\/td><td class=\"has-text-align-center\" data-align=\"center\"><strong>Koszt dostawy<\/strong><\/td><\/tr><tr><td>Kosmetyki<\/td><td>przelew<\/td><td class=\"has-text-align-center\" data-align=\"center\">15 z\u0142<\/td><\/tr><tr><td><\/td><td>pobranie<\/td><td class=\"has-text-align-center\" data-align=\"center\">20 z\u0142<\/td><\/tr><\/tbody><\/table><\/figure>\n\n\n\n<h2 class=\"wp-block-heading\"><strong>Wody i napoje<\/strong><\/h2>\n\n\n\n<figure class=\"wp-block-table is-style-regular\"><table class=\"has-black-color has-text-color has-background\" style=\"background-color:#f3f4f5\"><tbody><tr><td class=\"has-text-align-left\" data-align=\"left\"><strong>Produkt<\/strong> &#8211;  <strong>Butelka 1,5l<\/strong> <\/td><td><strong>Przelew<\/strong><\/td><td class=\"has-text-align-center\" data-align=\"center\"><strong>Pobranie<\/strong><\/td><\/tr><tr><td class=\"has-text-align-left\" data-align=\"left\">1 &#8211; 3 zgrzewek<\/td><td>przelew &#8211; 20 z\u0142<\/td><td class=\"has-text-align-center\" data-align=\"center\">pobranie &#8211; 25 z\u0142<\/td><\/tr><tr><td class=\"has-text-align-left\" data-align=\"left\">4 &#8211; 6 zgrzewek <\/td><td>przelew &#8211; 40 z\u0142 <\/td><td class=\"has-text-align-center\" data-align=\"center\">pobranie &#8211; 45 z\u0142<\/td><\/tr><tr><td class=\"has-text-align-left\" data-align=\"left\">7 &#8211; 9 zgrzewek  <\/td><td>przelew &#8211; 60 z\u0142 <\/td><td class=\"has-text-align-center\" data-align=\"center\">pobranie &#8211; 65 z\u0142<\/td><\/tr><tr><td class=\"has-text-align-left\" data-align=\"left\">10 &#8211; 12 zgrzewek   <\/td><td>przelew &#8211; 80 z\u0142 <\/td><td class=\"has-text-align-center\" data-align=\"center\">pobranie &#8211; 85 z\u0142<\/td><\/tr><tr><td class=\"has-text-align-left\" data-align=\"left\">13 &#8211; 15 zgrzewek<\/td><td>przelew &#8211; 100 z\u0142 <\/td><td class=\"has-text-align-center\" data-align=\"center\">pobranie &#8211; 105 z\u0142<\/td><\/tr><\/tbody><\/table><\/figure>\n\n\n\n<figure class=\"wp-block-table is-style-regular\"><table class=\"has-black-color has-text-color has-background\" style=\"background-color:#f3f4f5\"><tbody><tr><td class=\"has-text-align-left\" data-align=\"left\"><strong>Produkt<\/strong> &#8211;  <strong>Butelka 0,5l<\/strong> <\/td><td><strong>Przelew<\/strong><\/td><td class=\"has-text-align-center\" data-align=\"center\"><strong>Pobranie<\/strong><\/td><\/tr><tr><td class=\"has-text-align-left\" data-align=\"left\">1 &#8211; 4 zgrzewek<\/td><td>przelew &#8211; 20 z\u0142<\/td><td class=\"has-text-align-center\" data-align=\"center\">pobranie &#8211; 25 z\u0142<\/td><\/tr><tr><td class=\"has-text-align-left\" data-align=\"left\">5 &#8211; 8 zgrzewek <\/td><td>przelew &#8211; 40 z\u0142 <\/td><td class=\"has-text-align-center\" data-align=\"center\">pobranie &#8211; 45 z\u0142<\/td><\/tr><tr><td class=\"has-text-align-left\" data-align=\"left\">9 &#8211; 12 zgrzewek  <\/td><td>przelew &#8211; 60 z\u0142 <\/td><td class=\"has-text-align-center\" data-align=\"center\">pobranie &#8211; 65 z\u0142<\/td><\/tr><tr><td class=\"has-text-align-left\" data-align=\"left\">13 &#8211; 16 zgrzewek   <\/td><td>przelew &#8211; 80 z\u0142 <\/td><td class=\"has-text-align-center\" data-align=\"center\">pobranie &#8211; 85 z\u0142<\/td><\/tr><\/tbody><\/table><\/figure>\n\n\n\n<p><strong>Jedna paczka mo\u017ce zawiera\u0107 maksymalnie<\/strong><strong>:<\/strong><\/p>\n\n\n\n<ul class=\"wp-block-list\">\n<li><strong>3 zgrzewki o pojemno\u015bci&nbsp; 1,5 litra (18 butelek)<\/strong><\/li>\n\n\n\n<li><strong>&nbsp;lub 4 zgrzewek o pojemno\u015bci 0,5 litra ( 48 butelek).<\/strong><\/li>\n<\/ul>\n\n\n\n<h2 class=\"wp-block-heading\"><strong>Dostawy przesy\u0142ek paletowych<\/strong><\/h2>\n\n\n\n<p>Dostawy przesy\u0142ek paletowych na palecie o wymiarach 80 cm x 120 cm i wadze do 1000 kg &nbsp;realizowane s\u0105&nbsp; przez Poczt\u0119 Polsk\u0105 na terenie ca\u0142ego kraju \u2013 koszt 246 z\u0142 brutto.<\/p>\n\n\n\n<p>Dostawa przesy\u0142ek paletowych na terenie wojew\u00f3dztwa podkarpackiego transportem i na koszt sprzedaj\u0105cego w dni robocze od poniedzia\u0142ku do pi\u0105tku \u2013 po wcze\u015bniejszym uzgodnieniu.<\/p>\n\n\n\n<p>1 paleta= 84 zgrzewki =504 butelki o pojemno\u015bci 1,5 l<\/p>\n\n\n\n<p>1 paleta = 135 zgrzewek = 1080 butelek o pojemno\u015bci 0,5 l<\/p>\n\n\n\n<h2 class=\"wp-block-heading\"><strong>Odbi\u00f3r w\u0142asny w punkcie sprzeda\u017cy:<\/strong><strong><\/strong><\/h2>\n\n\n\n<p>Zam\u00f3wienie mo\u017cna odebra\u0107 osobi\u015bcie w punkcie sprzeda\u017cy w dni robocze od poniedzia\u0142ku do pi\u0105tku w godzinach od 7:00 do 15:00 pod adresem: <\/p>\n\n\n\n<p>Uzdrowisko Ryman\u00f3w S.A. Zak\u0142ad Produkcji W\u00f3d , <br>38-481 Ryman\u00f3w Zdr\u00f3j, ul. W\u0119gierska 40,<\/p>\n\n\n\n<p> tel.: 13 4357428 \/ 13 4357104.<\/p>\n\n\n\n<p><\/p>\n\n\n\n<h2 class=\"wp-block-heading\"><strong>Dystrybutorzy:<\/strong><\/h2>\n\n\n\n<p><strong>WOJEW\u00d3DZTWO MAZOWIECKIE:<\/strong><\/p>\n\n\n\n<p>Informujemy, \u017ce na terenie wojew\u00f3dztwa mazowieckiego wy\u0142\u0105cznym<br>dystrybutorem naszych produkt\u00f3w jest firma: PURE FUELS PROJECT.<\/p>\n\n\n\n<p>Zam\u00f3wienia prosimy kierowa\u0107 na adres <br>e-mail:\u00a0<a href=\"mailto:p.bulge@purefuels.eu\" target=\"_blank\" rel=\"noreferrer noopener\">p.bulge@purefuels.eu<\/a>, <br>tel:\u00a0 +48 792403250 &#8211; Przemys\u0142aw Bulge.<\/p>\n","protected":false},"excerpt":{"rendered":"<p>Formy p\u0142atno\u015bci: Za zam\u00f3wiony towar &nbsp;mo\u017cna zap\u0142aci\u0107: Numer rachunku bankowego: 92 1600 1462 1883 2178 6000 0001 BNP PARIBAS Dostawy przesy\u0142ek, paczek Dostawy przesy\u0142ek, paczek o wadze do 30 kg &nbsp;realizowane s\u0105 &nbsp;kurierem Poczty Polskiej \u2013 Pocztex Kurier 48 na terenie ca\u0142ego kraju. Kosmetyki Produkt Forma p\u0142atno\u015bci Koszt dostawy Kosmetyki przelew 15 z\u0142 pobranie 20 [&hellip;]<\/p>\n","protected":false},"author":2,"featured_media":0,"parent":0,"menu_order":0,"comment_status":"closed","ping_status":"closed","template":"","meta":{"footnotes":""},"class_list":["post-753","page","type-page","status-publish","hentry"],"aioseo_notices":[],"_links":{"self":[{"href":"https:\/\/uzdrowisko-rymanow.com.pl\/sklep\/wp-json\/wp\/v2\/pages\/753","targetHints":{"allow":["GET"]}}],"collection":[{"href":"https:\/\/uzdrowisko-rymanow.com.pl\/sklep\/wp-json\/wp\/v2\/pages"}],"about":[{"href":"https:\/\/uzdrowisko-rymanow.com.pl\/sklep\/wp-json\/wp\/v2\/types\/page"}],"author":[{"embeddable":true,"href":"https:\/\/uzdrowisko-rymanow.com.pl\/sklep\/wp-json\/wp\/v2\/users\/2"}],"replies":[{"embeddable":true,"href":"https:\/\/uzdrowisko-rymanow.com.pl\/sklep\/wp-json\/wp\/v2\/comments?post=753"}],"version-history":[{"count":0,"href":"https:\/\/uzdrowisko-rymanow.com.pl\/sklep\/wp-json\/wp\/v2\/pages\/753\/revisions"}],"wp:attachment":[{"href":"https:\/\/uzdrowisko-rymanow.com.pl\/sklep\/wp-json\/wp\/v2\/media?parent=753"}],"curies":[{"name":"wp","href":"https:\/\/api.w.org\/{rel}","templated":true}]}}