{"id":62,"date":"2018-07-23T08:49:33","date_gmt":"2018-07-23T06:49:33","guid":{"rendered":"http:\/\/uzdrowisko-rymanow.com.pl\/sklep\/?page_id=62"},"modified":"2018-07-23T08:49:33","modified_gmt":"2018-07-23T06:49:33","slug":"kontakt","status":"publish","type":"page","link":"https:\/\/uzdrowisko-rymanow.com.pl\/sklep\/kontakt\/","title":{"rendered":"Kontakt"},"content":{"rendered":"<h3 style=\"text-align: center;\"><strong>\u201eUzdrowisko Ryman\u00f3w\u201d S.A.<br \/>\n<\/strong><strong>ul. Zdrojowa 48<br \/>\n<\/strong><strong>38-481 Ryman\u00f3w-Zdr\u00f3j<\/strong><\/h3>\n<p><strong>\u00a0<\/strong><\/p>\n<p style=\"text-align: center;\">\n<h3 style=\"text-align: center;\"><strong>Zam\u00f3wienia, sprzeda\u017c, informacja<\/strong><\/h3>\n<p style=\"text-align: center;\">tel.: 13 435 71 04<br \/>\ntel.: 13 435 74 28<\/p>\n<p style=\"text-align: center;\"><strong>e-mail:<\/strong> celestynka-sprzedaz@uzdrowisko-rymanow.com.pl<\/p>\n<p style=\"text-align: center;\"><u>\u00a0<\/u><\/p>\n<h3 style=\"text-align: center;\"><strong>Odbi\u00f3r osobisty zam\u00f3wie\u0144<\/strong><\/h3>\n<h4 style=\"text-align: center;\">Uzdrowisko Ryman\u00f3w S.A.<\/h4>\n<p style=\"text-align: center;\">Zak\u0142ad Produkcji W\u00f3d<\/p>\n<p style=\"text-align: center;\">ul. W\u0119gierska 40<br \/>\n38-481 Ryman\u00f3w-Zdr\u00f3j<\/p>\n<p style=\"text-align: center;\">poniedzia\u0142ek \u2013 pi\u0105tek<br \/>\ngodz.: 7:00 \u2013 15:00<\/p>\n<p style=\"text-align: center;\">\n<h4 style=\"text-align: center;\"><strong style=\"color: #7a7a7a;\">Obowi\u0105zek Informacyjny RODO<\/strong><\/h4>\n<p>W zwi\u0105zku ze zmianami prawa \u2013 RODO \u2013 uprzejmie informujemy, \u017ce kontaktujemy si\u0119 z Pa\u0144stwem wy\u0142\u0105cznie mailowo w celach profesjonalnych ( o charakterze firma do firmy ), wy\u0142\u0105cznie w imieniu naszej firmy ( Uzdrowisko Ryman\u00f3w S.A., Zdrojowa 48, 38-481 Ryman\u00f3w Zdr\u00f3j NIP 684 0000 790 ) , na Pa\u0144stwa publicznie dost\u0119pny adres email.<\/p>\n<p>Nie posiadamy, ani nie przetwarzamy \u017cadnych informacji na temat Pa\u0144stwa firmy, ani nie udost\u0119pniamy nikomu Pa\u0144stwa adresu email, zosta\u0142 on przez nas wykorzystany wy\u0142\u0105cznie do pr\u00f3by nawi\u0105zania mailowego kontaktu z Pa\u0144stwa firm\u0105. Informujemy r\u00f3wnie\u017c, i\u017c dbaj\u0105c o najwy\u017csze standardy oraz kultur\u0119 biznesow\u0105 szanujemy ka\u017cd\u0105 firm\u0119 i osob\u0119, z kt\u00f3r\u0105 staramy si\u0119 nawi\u0105za\u0107 kontakt, w zwi\u0105zku z tym je\u015bli nie \u017cycz\u0105 sobie Pa\u0144stwo aby\u015bmy kontaktowali si\u0119 z Pa\u0144stwa firm\u0105 w przysz\u0142o\u015bci uprzejmie prosimy o informacj\u0119 i na pewno zostanie to przez nas respektowane. Kontakt w sprawach zwi\u0105zanych z RODO: <a href=\"mailto:rodo@uzdrowisko-rymanow.com.pl\">rodo@uzdrowisko-rymanow.com.pl<\/a><\/p>\n","protected":false},"excerpt":{"rendered":"<p>\u201eUzdrowisko Ryman\u00f3w\u201d S.A. ul. Zdrojowa 48 38-481 Ryman\u00f3w-Zdr\u00f3j \u00a0 Zam\u00f3wienia, sprzeda\u017c, informacja tel.: 13 435 71 04 tel.: 13 435 74 28 e-mail: celestynka-sprzedaz@uzdrowisko-rymanow.com.pl \u00a0 Odbi\u00f3r osobisty zam\u00f3wie\u0144 Uzdrowisko Ryman\u00f3w S.A. Zak\u0142ad Produkcji W\u00f3d ul. W\u0119gierska 40 38-481 Ryman\u00f3w-Zdr\u00f3j poniedzia\u0142ek \u2013 pi\u0105tek godz.: 7:00 \u2013 15:00 Obowi\u0105zek Informacyjny RODO W zwi\u0105zku ze zmianami prawa \u2013 [&hellip;]<\/p>\n","protected":false},"author":2,"featured_media":0,"parent":0,"menu_order":0,"comment_status":"closed","ping_status":"closed","template":"","meta":{"footnotes":""},"class_list":["post-62","page","type-page","status-publish","hentry"],"aioseo_notices":[],"_links":{"self":[{"href":"https:\/\/uzdrowisko-rymanow.com.pl\/sklep\/wp-json\/wp\/v2\/pages\/62","targetHints":{"allow":["GET"]}}],"collection":[{"href":"https:\/\/uzdrowisko-rymanow.com.pl\/sklep\/wp-json\/wp\/v2\/pages"}],"about":[{"href":"https:\/\/uzdrowisko-rymanow.com.pl\/sklep\/wp-json\/wp\/v2\/types\/page"}],"author":[{"embeddable":true,"href":"https:\/\/uzdrowisko-rymanow.com.pl\/sklep\/wp-json\/wp\/v2\/users\/2"}],"replies":[{"embeddable":true,"href":"https:\/\/uzdrowisko-rymanow.com.pl\/sklep\/wp-json\/wp\/v2\/comments?post=62"}],"version-history":[{"count":0,"href":"https:\/\/uzdrowisko-rymanow.com.pl\/sklep\/wp-json\/wp\/v2\/pages\/62\/revisions"}],"wp:attachment":[{"href":"https:\/\/uzdrowisko-rymanow.com.pl\/sklep\/wp-json\/wp\/v2\/media?parent=62"}],"curies":[{"name":"wp","href":"https:\/\/api.w.org\/{rel}","templated":true}]}}