{"id":33,"date":"2022-03-17T14:03:53","date_gmt":"2022-03-17T13:03:53","guid":{"rendered":"https:\/\/uzdrowisko-rymanow.com.pl\/celestynka\/?page_id=33"},"modified":"2022-08-16T10:31:36","modified_gmt":"2022-08-16T08:31:36","slug":"produkty","status":"publish","type":"page","link":"https:\/\/uzdrowisko-rymanow.com.pl\/celestynka\/produkty\/","title":{"rendered":"Produkty"},"content":{"rendered":"<div class=\"n2_clear\"><ss3-force-full-width data-overflow-x=\"body\" data-horizontal-selector=\"body\"><div class=\"n2-section-smartslider fitvidsignore  n2_clear\" data-ssid=\"6\"><div id=\"n2-ss-6-align\" class=\"n2-ss-align\"><div class=\"n2-padding\"><div id=\"n2-ss-6\" data-creator=\"Smart Slider 3\" data-responsive=\"fullwidth\" class=\"n2-ss-slider n2-ow n2-has-hover n2notransition  \">\n        <div class=\"n2-ss-slider-1 n2-ow\">\n            <div class=\"n2-ss-slider-2 n2-ow\">\n                <div class=\"n2-ss-slide-backgrounds n2-ow-all\"><div class=\"n2-ss-slide-background\" data-public-id=\"1\" data-mode=\"fill\"><div class=\"n2-ss-slide-background-image\" data-blur=\"0\" data-opacity=\"50\" data-x=\"50\" data-y=\"50\" data-alt=\"\" data-title=\"\" style=\"opacity:0.5\"><picture class=\"skip-lazy\" data-skip-lazy=\"1\"><img decoding=\"async\" src=\"\/\/uzdrowisko-rymanow.com.pl\/celestynka\/wp-content\/uploads\/2022\/06\/slider-02-celestynka.webp\" alt=\"\" title=\"\" loading=\"lazy\" class=\"skip-lazy\" data-skip-lazy=\"1\"><\/picture><\/div><div data-gradient=\"diagonal1\" data-color-start=\"RGBA(255,255,255,1)\" data-color-end=\"RGBA(14,23,175,1)\" style=\"background:linear-gradient(45deg, RGBA(255,255,255,1) 0%,RGBA(14,23,175,1) 100%);\" class=\"n2-ss-slide-background-color\"><\/div><\/div><\/div>                <div class=\"n2-ss-slider-3 n2-ow\">\n                    <svg xmlns=\"http:\/\/www.w3.org\/2000\/svg\" viewBox=\"0 0 1920 500\" data-related-device=\"desktopPortrait\" class=\"n2-ow n2-ss-preserve-size n2-ss-preserve-size--slider n2-ss-slide-limiter\"><\/svg><div data-first=\"1\" data-slide-duration=\"0\" data-id=\"16\" data-slide-public-id=\"1\" data-title=\"header-produkty\" class=\"n2-ss-slide n2-ow  n2-ss-slide-16\"><div role=\"note\" class=\"n2-ss-slide--focus\" tabindex=\"-1\">header-produkty<\/div><div class=\"n2-ss-layers-container n2-ss-slide-limiter n2-ow\"><div class=\"n2-ss-layer n2-ow n-uc-PEwaldoo8UcK\" data-sstype=\"slide\" data-pm=\"default\"><div class=\"n2-ss-layer n2-ow n-uc-3wEr5yeM5TSz\" data-pm=\"default\" data-sstype=\"content\" data-hasbackground=\"0\"><div class=\"n2-ss-section-main-content n2-ss-layer-with-background n2-ss-layer-content n2-ow n-uc-3wEr5yeM5TSz-inner\"><div class=\"n2-ss-layer n2-ow n2-ss-layer--block n2-ss-has-self-align n-uc-19f27a4b8358f\" data-pm=\"normal\" data-sstype=\"row\"><div class=\"n2-ss-layer-row n2-ss-layer-with-background n-uc-19f27a4b8358f-inner\"><div class=\"n2-ss-layer-row-inner \"><div class=\"n2-ss-layer n2-ow n-uc-1e30ba8022b3c\" data-pm=\"default\" data-sstype=\"col\"><div class=\"n2-ss-layer-col n2-ss-layer-with-background n2-ss-layer-content n-uc-1e30ba8022b3c-inner\"><\/div><\/div><div class=\"n2-ss-layer n2-ow n-uc-12036aaa89ddf\" data-pm=\"default\" data-sstype=\"col\"><div class=\"n2-ss-layer-col n2-ss-layer-with-background n2-ss-layer-content n-uc-12036aaa89ddf-inner\"><div class=\"n2-ss-layer n2-ow n-uc-vAIVKPoYcxaO\" data-pm=\"normal\" data-sstype=\"layer\"><div id=\"n2-ss-6item1\" class=\"n2-font-29aa7fd39fd374e3082f87afcc8ed0c9-hover n2-style-f8293b450b12ef15d5c4ff97a617a3e3-heading   n2-ss-item-content n2-ss-text n2-ow\" style=\"display:block;\">Nasze produkty<\/div><\/div><div class=\"n2-ss-layer n2-ow n-uc-acL7pZe8diBW\" data-pm=\"normal\" data-sstype=\"layer\"><div class=\"n2-ss-item-content n2-ss-text n2-ow-all\"><div class=\"\"><p class=\"n2-font-f14a410165214b1df3827e30cdeba944-paragraph  n2-style-f8293b450b12ef15d5c4ff97a617a3e3-heading  \">W ofercie Zak\u0142adu Produkcji W\u00f3d  Uzdrowisko Ryman\u00f3w S.A. znajduj\u0105 si\u0119 nast\u0119puj\u0105ce wody i napoje.<\/p>\n<\/div><\/div><\/div><\/div><\/div><\/div><\/div><\/div><\/div><\/div><\/div><\/div><\/div>                <\/div>\n                            <\/div>\n        <\/div>\n        <\/div><ss3-loader><\/ss3-loader><\/div><\/div><div class=\"n2_clear\"><\/div><\/div><\/ss3-force-full-width><\/div>\n\n\n<div style=\"height:150px\" aria-hidden=\"true\" class=\"wp-block-spacer\"><\/div>\n\n\n\n<p>Po pe\u0142n\u0105 gam\u0119 naszych produkt\u00f3w zapraszamy do naszego sklepu internetowego:<\/p>\n\n\n\n<h2 class=\"wp-block-heading\"><a href=\"https:\/\/uzdrowisko-rymanow.com.pl\/sklep\/\" target=\"_blank\" rel=\"noreferrer noopener\">https:\/\/uzdrowisko-rymanow.com.pl\/sklep\/<\/a><\/h2>\n\n\n\n<div style=\"height:300px\" aria-hidden=\"true\" class=\"wp-block-spacer\"><\/div>\n","protected":false},"excerpt":{"rendered":"<p>Po pe\u0142n\u0105 gam\u0119 naszych produkt\u00f3w zapraszamy do naszego sklepu internetowego: https:\/\/uzdrowisko-rymanow.com.pl\/sklep\/<\/p>\n","protected":false},"author":2,"featured_media":0,"parent":0,"menu_order":0,"comment_status":"closed","ping_status":"closed","template":"","meta":{"footnotes":""},"class_list":["post-33","page","type-page","status-publish","hentry"],"_links":{"self":[{"href":"https:\/\/uzdrowisko-rymanow.com.pl\/celestynka\/wp-json\/wp\/v2\/pages\/33","targetHints":{"allow":["GET"]}}],"collection":[{"href":"https:\/\/uzdrowisko-rymanow.com.pl\/celestynka\/wp-json\/wp\/v2\/pages"}],"about":[{"href":"https:\/\/uzdrowisko-rymanow.com.pl\/celestynka\/wp-json\/wp\/v2\/types\/page"}],"author":[{"embeddable":true,"href":"https:\/\/uzdrowisko-rymanow.com.pl\/celestynka\/wp-json\/wp\/v2\/users\/2"}],"replies":[{"embeddable":true,"href":"https:\/\/uzdrowisko-rymanow.com.pl\/celestynka\/wp-json\/wp\/v2\/comments?post=33"}],"version-history":[{"count":8,"href":"https:\/\/uzdrowisko-rymanow.com.pl\/celestynka\/wp-json\/wp\/v2\/pages\/33\/revisions"}],"predecessor-version":[{"id":262,"href":"https:\/\/uzdrowisko-rymanow.com.pl\/celestynka\/wp-json\/wp\/v2\/pages\/33\/revisions\/262"}],"wp:attachment":[{"href":"https:\/\/uzdrowisko-rymanow.com.pl\/celestynka\/wp-json\/wp\/v2\/media?parent=33"}],"curies":[{"name":"wp","href":"https:\/\/api.w.org\/{rel}","templated":true}]}}